{"id":132,"date":"2021-06-24T14:48:33","date_gmt":"2021-06-24T14:48:33","guid":{"rendered":"https:\/\/scalp-sas.com\/?page_id=132"},"modified":"2023-01-19T14:43:07","modified_gmt":"2023-01-19T14:43:07","slug":"nos-produits","status":"publish","type":"page","link":"https:\/\/scalp-sas.com\/pl\/nasze-produkty\/","title":{"rendered":"Nasze produkty"},"content":{"rendered":"","protected":false},"excerpt":{"rendered":"","protected":false},"author":2,"featured_media":4195,"parent":0,"menu_order":0,"comment_status":"closed","ping_status":"closed","template":"elementor_header_footer","meta":{"_acf_changed":false,"footnotes":""},"class_list":["post-132","page","type-page","status-publish","has-post-thumbnail","hentry"],"acf":[],"yoast_head":"<!-- This site is optimized with the Yoast SEO plugin v27.3 - https:\/\/yoast.com\/product\/yoast-seo-wordpress\/ -->\n<title>Nos produits - SCALP SAS<\/title>\n<meta name=\"description\" content=\"Retrouvez l&#039;ensemble de nos produits cr\u00e9\u00e9s, fabriqu\u00e9s et commercialis\u00e9s pour le b\u00e2timent, le transport et l&#039;industrie.\" \/>\n<meta name=\"robots\" content=\"index, follow, max-snippet:-1, max-image-preview:large, max-video-preview:-1\" \/>\n<link rel=\"canonical\" href=\"https:\/\/scalp-sas.com\/pl\/nuestros-productos\/\" \/>\n<meta property=\"og:locale\" content=\"pl_PL\" \/>\n<meta property=\"og:type\" content=\"article\" \/>\n<meta property=\"og:title\" content=\"Nos produits - SCALP SAS\" \/>\n<meta property=\"og:description\" content=\"Retrouvez l&#039;ensemble de nos produits cr\u00e9\u00e9s, fabriqu\u00e9s et commercialis\u00e9s pour le b\u00e2timent, le transport et l&#039;industrie.\" \/>\n<meta property=\"og:url\" content=\"https:\/\/scalp-sas.com\/pl\/nuestros-productos\/\" \/>\n<meta property=\"og:site_name\" content=\"SCALP SAS\" \/>\n<meta property=\"article:modified_time\" content=\"2023-01-19T14:43:07+00:00\" \/>\n<meta property=\"og:image\" content=\"https:\/\/scalp-sas.com\/wp-content\/uploads\/2021\/10\/roof-2587752_1920-e1635328308891.jpg\" \/>\n\t<meta property=\"og:image:width\" content=\"541\" \/>\n\t<meta property=\"og:image:height\" content=\"358\" \/>\n\t<meta property=\"og:image:type\" content=\"image\/jpeg\" \/>\n<meta name=\"twitter:card\" content=\"summary_large_image\" \/>\n<script type=\"application\/ld+json\" class=\"yoast-schema-graph\">{\"@context\":\"https:\\\/\\\/schema.org\",\"@graph\":[{\"@type\":\"WebPage\",\"@id\":\"https:\\\/\\\/scalp-sas.com\\\/es\\\/nuestros-productos\\\/\",\"url\":\"https:\\\/\\\/scalp-sas.com\\\/es\\\/nuestros-productos\\\/\",\"name\":\"Nos produits - SCALP SAS\",\"isPartOf\":{\"@id\":\"https:\\\/\\\/scalp-sas.com\\\/#website\"},\"primaryImageOfPage\":{\"@id\":\"https:\\\/\\\/scalp-sas.com\\\/es\\\/nuestros-productos\\\/#primaryimage\"},\"image\":{\"@id\":\"https:\\\/\\\/scalp-sas.com\\\/es\\\/nuestros-productos\\\/#primaryimage\"},\"thumbnailUrl\":\"https:\\\/\\\/scalp-sas.com\\\/wp-content\\\/uploads\\\/2021\\\/10\\\/roof-2587752_1920-e1635328308891.jpg\",\"datePublished\":\"2021-06-24T14:48:33+00:00\",\"dateModified\":\"2023-01-19T14:43:07+00:00\",\"description\":\"Retrouvez l'ensemble de nos produits cr\u00e9\u00e9s, fabriqu\u00e9s et commercialis\u00e9s pour le b\u00e2timent, le transport et l'industrie.\",\"inLanguage\":\"pl-PL\",\"potentialAction\":[{\"@type\":\"ReadAction\",\"target\":[\"https:\\\/\\\/scalp-sas.com\\\/es\\\/nuestros-productos\\\/\"]}]},{\"@type\":\"ImageObject\",\"inLanguage\":\"pl-PL\",\"@id\":\"https:\\\/\\\/scalp-sas.com\\\/es\\\/nuestros-productos\\\/#primaryimage\",\"url\":\"https:\\\/\\\/scalp-sas.com\\\/wp-content\\\/uploads\\\/2021\\\/10\\\/roof-2587752_1920-e1635328308891.jpg\",\"contentUrl\":\"https:\\\/\\\/scalp-sas.com\\\/wp-content\\\/uploads\\\/2021\\\/10\\\/roof-2587752_1920-e1635328308891.jpg\",\"width\":541,\"height\":358,\"caption\":\"Nos produits\"},{\"@type\":\"WebSite\",\"@id\":\"https:\\\/\\\/scalp-sas.com\\\/#website\",\"url\":\"https:\\\/\\\/scalp-sas.com\\\/\",\"name\":\"SCALP SAS\",\"description\":\"Sp\u00e9cialiste des solutions de d\u00e9capage, nettoyage, entretien et de protection depuis plus de 70 ans\",\"publisher\":{\"@id\":\"https:\\\/\\\/scalp-sas.com\\\/#organization\"},\"potentialAction\":[{\"@type\":\"SearchAction\",\"target\":{\"@type\":\"EntryPoint\",\"urlTemplate\":\"https:\\\/\\\/scalp-sas.com\\\/?s={search_term_string}\"},\"query-input\":{\"@type\":\"PropertyValueSpecification\",\"valueRequired\":true,\"valueName\":\"search_term_string\"}}],\"inLanguage\":\"pl-PL\"},{\"@type\":\"Organization\",\"@id\":\"https:\\\/\\\/scalp-sas.com\\\/#organization\",\"name\":\"SCALP SAS\",\"url\":\"https:\\\/\\\/scalp-sas.com\\\/\",\"logo\":{\"@type\":\"ImageObject\",\"inLanguage\":\"pl-PL\",\"@id\":\"https:\\\/\\\/scalp-sas.com\\\/#\\\/schema\\\/logo\\\/image\\\/\",\"url\":\"https:\\\/\\\/scalp-sas.com\\\/wp-content\\\/uploads\\\/2021\\\/06\\\/logo-scalp-noir.svg\",\"contentUrl\":\"https:\\\/\\\/scalp-sas.com\\\/wp-content\\\/uploads\\\/2021\\\/06\\\/logo-scalp-noir.svg\",\"width\":526.433,\"height\":274.69,\"caption\":\"SCALP SAS\"},\"image\":{\"@id\":\"https:\\\/\\\/scalp-sas.com\\\/#\\\/schema\\\/logo\\\/image\\\/\"},\"sameAs\":[\"https:\\\/\\\/www.linkedin.com\\\/company\\\/scalp-sas\\\/\",\"https:\\\/\\\/www.instagram.com\\\/scalp_sas\\\/\"]}]}<\/script>\n<!-- \/ Yoast SEO plugin. -->","yoast_head_json":{"title":"Nos produits - SCALP SAS","description":"Retrouvez l'ensemble de nos produits cr\u00e9\u00e9s, fabriqu\u00e9s et commercialis\u00e9s pour le b\u00e2timent, le transport et l'industrie.","robots":{"index":"index","follow":"follow","max-snippet":"max-snippet:-1","max-image-preview":"max-image-preview:large","max-video-preview":"max-video-preview:-1"},"canonical":"https:\/\/scalp-sas.com\/pl\/nuestros-productos\/","og_locale":"pl_PL","og_type":"article","og_title":"Nos produits - SCALP SAS","og_description":"Retrouvez l'ensemble de nos produits cr\u00e9\u00e9s, fabriqu\u00e9s et commercialis\u00e9s pour le b\u00e2timent, le transport et l'industrie.","og_url":"https:\/\/scalp-sas.com\/pl\/nuestros-productos\/","og_site_name":"SCALP SAS","article_modified_time":"2023-01-19T14:43:07+00:00","og_image":[{"width":541,"height":358,"url":"https:\/\/scalp-sas.com\/wp-content\/uploads\/2021\/10\/roof-2587752_1920-e1635328308891.jpg","type":"image\/jpeg"}],"twitter_card":"summary_large_image","schema":{"@context":"https:\/\/schema.org","@graph":[{"@type":"WebPage","@id":"https:\/\/scalp-sas.com\/es\/nuestros-productos\/","url":"https:\/\/scalp-sas.com\/es\/nuestros-productos\/","name":"Nos produits - SCALP SAS","isPartOf":{"@id":"https:\/\/scalp-sas.com\/#website"},"primaryImageOfPage":{"@id":"https:\/\/scalp-sas.com\/es\/nuestros-productos\/#primaryimage"},"image":{"@id":"https:\/\/scalp-sas.com\/es\/nuestros-productos\/#primaryimage"},"thumbnailUrl":"https:\/\/scalp-sas.com\/wp-content\/uploads\/2021\/10\/roof-2587752_1920-e1635328308891.jpg","datePublished":"2021-06-24T14:48:33+00:00","dateModified":"2023-01-19T14:43:07+00:00","description":"Retrouvez l'ensemble de nos produits cr\u00e9\u00e9s, fabriqu\u00e9s et commercialis\u00e9s pour le b\u00e2timent, le transport et l'industrie.","inLanguage":"pl-PL","potentialAction":[{"@type":"ReadAction","target":["https:\/\/scalp-sas.com\/es\/nuestros-productos\/"]}]},{"@type":"ImageObject","inLanguage":"pl-PL","@id":"https:\/\/scalp-sas.com\/es\/nuestros-productos\/#primaryimage","url":"https:\/\/scalp-sas.com\/wp-content\/uploads\/2021\/10\/roof-2587752_1920-e1635328308891.jpg","contentUrl":"https:\/\/scalp-sas.com\/wp-content\/uploads\/2021\/10\/roof-2587752_1920-e1635328308891.jpg","width":541,"height":358,"caption":"Nos produits"},{"@type":"WebSite","@id":"https:\/\/scalp-sas.com\/#website","url":"https:\/\/scalp-sas.com\/","name":"SCALP SAS","description":"Sp\u00e9cialiste des solutions de d\u00e9capage, nettoyage, entretien et de protection depuis plus de 70 ans","publisher":{"@id":"https:\/\/scalp-sas.com\/#organization"},"potentialAction":[{"@type":"SearchAction","target":{"@type":"EntryPoint","urlTemplate":"https:\/\/scalp-sas.com\/?s={search_term_string}"},"query-input":{"@type":"PropertyValueSpecification","valueRequired":true,"valueName":"search_term_string"}}],"inLanguage":"pl-PL"},{"@type":"Organization","@id":"https:\/\/scalp-sas.com\/#organization","name":"SCALP SAS","url":"https:\/\/scalp-sas.com\/","logo":{"@type":"ImageObject","inLanguage":"pl-PL","@id":"https:\/\/scalp-sas.com\/#\/schema\/logo\/image\/","url":"https:\/\/scalp-sas.com\/wp-content\/uploads\/2021\/06\/logo-scalp-noir.svg","contentUrl":"https:\/\/scalp-sas.com\/wp-content\/uploads\/2021\/06\/logo-scalp-noir.svg","width":526.433,"height":274.69,"caption":"SCALP SAS"},"image":{"@id":"https:\/\/scalp-sas.com\/#\/schema\/logo\/image\/"},"sameAs":["https:\/\/www.linkedin.com\/company\/scalp-sas\/","https:\/\/www.instagram.com\/scalp_sas\/"]}]}},"_links":{"self":[{"href":"https:\/\/scalp-sas.com\/pl\/wp-json\/wp\/v2\/pages\/132","targetHints":{"allow":["GET"]}}],"collection":[{"href":"https:\/\/scalp-sas.com\/pl\/wp-json\/wp\/v2\/pages"}],"about":[{"href":"https:\/\/scalp-sas.com\/pl\/wp-json\/wp\/v2\/types\/page"}],"author":[{"embeddable":true,"href":"https:\/\/scalp-sas.com\/pl\/wp-json\/wp\/v2\/users\/2"}],"replies":[{"embeddable":true,"href":"https:\/\/scalp-sas.com\/pl\/wp-json\/wp\/v2\/comments?post=132"}],"version-history":[{"count":1,"href":"https:\/\/scalp-sas.com\/pl\/wp-json\/wp\/v2\/pages\/132\/revisions"}],"predecessor-version":[{"id":140,"href":"https:\/\/scalp-sas.com\/pl\/wp-json\/wp\/v2\/pages\/132\/revisions\/140"}],"wp:featuredmedia":[{"embeddable":true,"href":"https:\/\/scalp-sas.com\/pl\/wp-json\/wp\/v2\/media\/4195"}],"wp:attachment":[{"href":"https:\/\/scalp-sas.com\/pl\/wp-json\/wp\/v2\/media?parent=132"}],"curies":[{"name":"wp","href":"https:\/\/api.w.org\/{rel}","templated":true}]}}