{"id":13100,"date":"2024-09-10T09:44:44","date_gmt":"2024-09-10T09:44:44","guid":{"rendered":"https:\/\/scalp-sas.com\/?page_id=13100"},"modified":"2024-09-10T15:18:10","modified_gmt":"2024-09-10T15:18:10","slug":"calculer-ma-consommation","status":"publish","type":"page","link":"https:\/\/scalp-sas.com\/pl\/calculer-ma-consommation\/","title":{"rendered":"Calculer ma consommation"},"content":{"rendered":"<div data-elementor-type=\"wp-page\" data-elementor-id=\"13100\" class=\"elementor elementor-13100\" data-elementor-post-type=\"page\">\n\t\t\t\t\t\t<section class=\"elementor-section elementor-top-section elementor-element elementor-element-2a825ae elementor-section-boxed elementor-section-height-default elementor-section-height-default\" data-id=\"2a825ae\" data-element_type=\"section\" data-e-type=\"section\">\n\t\t\t\t\t\t<div class=\"elementor-container elementor-column-gap-default\">\n\t\t\t\t\t<div class=\"elementor-column elementor-col-100 elementor-top-column elementor-element elementor-element-72cb511\" data-id=\"72cb511\" data-element_type=\"column\" data-e-type=\"column\">\n\t\t\t<div class=\"elementor-widget-wrap elementor-element-populated\">\n\t\t\t\t\t\t<div class=\"elementor-element elementor-element-98c5641 elementor-widget elementor-widget-ee-breadcrumbs\" data-id=\"98c5641\" data-element_type=\"widget\" data-e-type=\"widget\" data-widget_type=\"ee-breadcrumbs.default\">\n\t\t\t\t<div class=\"elementor-widget-container\">\n\t\t\t\t\t<ul class=\"ee-breadcrumbs\" itemscope=\"\" itemtype=\"http:\/\/schema.org\/BreadcrumbList\"><\/ul>\t\t\t\t<\/div>\n\t\t\t\t<\/div>\n\t\t\t\t\t<\/div>\n\t\t<\/div>\n\t\t\t\t\t<\/div>\n\t\t<\/section>\n\t\t\t\t<section class=\"elementor-section elementor-top-section elementor-element elementor-element-9101d6d elementor-section-full_width elementor-section-height-min-height elementor-section-height-default elementor-section-items-middle\" data-id=\"9101d6d\" data-element_type=\"section\" data-e-type=\"section\" data-settings=\"{&quot;background_background&quot;:&quot;classic&quot;}\">\n\t\t\t\t\t\t\t<div class=\"elementor-background-overlay\"><\/div>\n\t\t\t\t\t\t\t<div class=\"elementor-container elementor-column-gap-default\">\n\t\t\t\t\t<div class=\"elementor-column elementor-col-100 elementor-top-column elementor-element elementor-element-6cea34f\" data-id=\"6cea34f\" data-element_type=\"column\" data-e-type=\"column\">\n\t\t\t<div class=\"elementor-widget-wrap elementor-element-populated\">\n\t\t\t\t\t\t<div class=\"elementor-element elementor-element-e308fae elementor-widget__width-inherit elementor-widget elementor-widget-heading\" data-id=\"e308fae\" data-element_type=\"widget\" data-e-type=\"widget\" data-widget_type=\"heading.default\">\n\t\t\t\t<div class=\"elementor-widget-container\">\n\t\t\t\t\t<h2 class=\"elementor-heading-title elementor-size-default\">Calculer ma consommation<\/h2>\t\t\t\t<\/div>\n\t\t\t\t<\/div>\n\t\t\t\t\t<\/div>\n\t\t<\/div>\n\t\t\t\t\t<\/div>\n\t\t<\/section>\n\t\t\t\t<section class=\"elementor-section elementor-top-section elementor-element elementor-element-4c8a929 elementor-section-boxed elementor-section-height-default elementor-section-height-default\" data-id=\"4c8a929\" data-element_type=\"section\" data-e-type=\"section\">\n\t\t\t\t\t\t<div class=\"elementor-container elementor-column-gap-default\">\n\t\t\t\t\t<div class=\"elementor-column elementor-col-100 elementor-top-column elementor-element elementor-element-786526d\" data-id=\"786526d\" data-element_type=\"column\" data-e-type=\"column\">\n\t\t\t<div class=\"elementor-widget-wrap elementor-element-populated\">\n\t\t\t\t\t\t<div class=\"elementor-element elementor-element-3616346 elementor-widget elementor-widget-text-editor\" data-id=\"3616346\" data-element_type=\"widget\" data-e-type=\"widget\" data-widget_type=\"text-editor.default\">\n\t\t\t\t<div class=\"elementor-widget-container\">\n\t\t\t\t\t\t\t\t\t<p>Avant de d\u00e9buter un chantier, il est essentiel d\u2019estimer la quantit\u00e9 de produit n\u00e9cessaire pour r\u00e9aliser votre projet. Avec notre outil de calcul, estimez rapidement la quantit\u00e9 de produits n\u00e9cessaires \u00e0 votre chantier.\u00a0<\/p>\t\t\t\t\t\t\t\t<\/div>\n\t\t\t\t<\/div>\n\t\t\t\t<div class=\"elementor-element elementor-element-d1d5ff4 elementor-widget elementor-widget-stm_calc\" data-id=\"d1d5ff4\" data-element_type=\"widget\" data-e-type=\"widget\" data-widget_type=\"stm_calc.default\">\n\t\t\t\t<div class=\"elementor-widget-container\">\n\t\t\t\t\t<script type=\"text\/javascript\">window[\"ccb_front_template_10320\"] = [];<\/script>\n<div class=\"ccb-main-widget\" id=\"ccb_app_10320\" data-calc-id=\"10320\"><\/div>\n\t\t\t\t<\/div>\n\t\t\t\t<\/div>\n\t\t\t\t<div class=\"elementor-element elementor-element-2666340 elementor-align-right elementor-widget elementor-widget-button\" data-id=\"2666340\" data-element_type=\"widget\" data-e-type=\"widget\" data-widget_type=\"button.default\">\n\t\t\t\t<div class=\"elementor-widget-container\">\n\t\t\t\t\t\t\t\t\t<div class=\"elementor-button-wrapper\">\n\t\t\t\t\t<a class=\"elementor-button elementor-button-link elementor-size-sm\" href=\"https:\/\/scalp-sas.com\/pl\/nos-produits\/\" id=\"consommation\">\n\t\t\t\t\t\t<span class=\"elementor-button-content-wrapper\">\n\t\t\t\t\t\t\t\t\t<span class=\"elementor-button-text\">Voir nos produits<\/span>\n\t\t\t\t\t<\/span>\n\t\t\t\t\t<\/a>\n\t\t\t\t<\/div>\n\t\t\t\t\t\t\t\t<\/div>\n\t\t\t\t<\/div>\n\t\t\t\t<div class=\"elementor-element elementor-element-87ecd87 elementor-widget elementor-widget-text-editor\" data-id=\"87ecd87\" data-element_type=\"widget\" data-e-type=\"widget\" data-widget_type=\"text-editor.default\">\n\t\t\t\t<div class=\"elementor-widget-container\">\n\t\t\t\t\t\t\t\t\t<p class=\"p2\">*Les notions de rendement ne sont donn\u00e9es qu&rsquo;\u00e0 titre indicatif. Ces donn\u00e9es permettent d&rsquo;\u00e9valuer un chiffrage des chantiers. Elles ne sont en aucun cas contractuelles ; seuls des essais permettent de d\u00e9finir avec exactitude les quantit\u00e9s de produit a appliquer en fonction des diff\u00e9rents supports \u00e0 traiter.<\/p>\t\t\t\t\t\t\t\t<\/div>\n\t\t\t\t<\/div>\n\t\t\t\t\t<\/div>\n\t\t<\/div>\n\t\t\t\t\t<\/div>\n\t\t<\/section>\n\t\t\t\t<\/div>","protected":false},"excerpt":{"rendered":"<p>Calculer ma consommation Avant de d\u00e9buter un chantier, il est essentiel d\u2019estimer la quantit\u00e9 de produit n\u00e9cessaire pour r\u00e9aliser votre projet. Avec notre outil de calcul, estimez rapidement la quantit\u00e9 de produits n\u00e9cessaires \u00e0 votre chantier.\u00a0 Voir nos produits *Les notions de rendement ne sont donn\u00e9es qu&rsquo;\u00e0 titre indicatif. Ces donn\u00e9es permettent d&rsquo;\u00e9valuer un chiffrage [&hellip;]<\/p>","protected":false},"author":2,"featured_media":0,"parent":0,"menu_order":0,"comment_status":"closed","ping_status":"closed","template":"","meta":{"_acf_changed":false,"footnotes":""},"class_list":["post-13100","page","type-page","status-publish","hentry"],"acf":[],"yoast_head":"<!-- This site is optimized with the Yoast SEO plugin v27.3 - https:\/\/yoast.com\/product\/yoast-seo-wordpress\/ -->\n<title>Calculer ma consommation - SCALP SAS<\/title>\n<meta name=\"description\" content=\"Estimez votre consommation de produit avant de d\u00e9buter votre chantier et obtenez une estimation par rapport \u00e0 votre superficie.\" \/>\n<meta name=\"robots\" content=\"index, follow, max-snippet:-1, max-image-preview:large, max-video-preview:-1\" \/>\n<link rel=\"canonical\" href=\"https:\/\/scalp-sas.com\/pl\/calculer-ma-consommation\/\" \/>\n<meta property=\"og:locale\" content=\"pl_PL\" \/>\n<meta property=\"og:type\" content=\"article\" \/>\n<meta property=\"og:title\" content=\"Calculer ma consommation - SCALP SAS\" \/>\n<meta property=\"og:description\" content=\"Estimez votre consommation de produit avant de d\u00e9buter votre chantier et obtenez une estimation par rapport \u00e0 votre superficie.\" \/>\n<meta property=\"og:url\" content=\"https:\/\/scalp-sas.com\/pl\/calculer-ma-consommation\/\" \/>\n<meta property=\"og:site_name\" content=\"SCALP SAS\" \/>\n<meta property=\"article:modified_time\" content=\"2024-09-10T15:18:10+00:00\" \/>\n<meta property=\"og:image\" content=\"https:\/\/scalp-sas.com\/wp-content\/uploads\/2022\/01\/logo-scalp-site.png\" \/>\n\t<meta property=\"og:image:width\" content=\"350\" \/>\n\t<meta property=\"og:image:height\" content=\"100\" \/>\n\t<meta property=\"og:image:type\" content=\"image\/png\" \/>\n<meta name=\"twitter:card\" content=\"summary_large_image\" \/>\n<script type=\"application\/ld+json\" class=\"yoast-schema-graph\">{\"@context\":\"https:\\\/\\\/schema.org\",\"@graph\":[{\"@type\":\"WebPage\",\"@id\":\"https:\\\/\\\/scalp-sas.com\\\/calculer-ma-consommation\\\/\",\"url\":\"https:\\\/\\\/scalp-sas.com\\\/calculer-ma-consommation\\\/\",\"name\":\"Calculer ma consommation - SCALP SAS\",\"isPartOf\":{\"@id\":\"https:\\\/\\\/scalp-sas.com\\\/#website\"},\"datePublished\":\"2024-09-10T09:44:44+00:00\",\"dateModified\":\"2024-09-10T15:18:10+00:00\",\"description\":\"Estimez votre consommation de produit avant de d\u00e9buter votre chantier et obtenez une estimation par rapport \u00e0 votre superficie.\",\"inLanguage\":\"pl-PL\",\"potentialAction\":[{\"@type\":\"ReadAction\",\"target\":[\"https:\\\/\\\/scalp-sas.com\\\/calculer-ma-consommation\\\/\"]}]},{\"@type\":\"WebSite\",\"@id\":\"https:\\\/\\\/scalp-sas.com\\\/#website\",\"url\":\"https:\\\/\\\/scalp-sas.com\\\/\",\"name\":\"SCALP SAS\",\"description\":\"Sp\u00e9cialiste des solutions de d\u00e9capage, nettoyage, entretien et de protection depuis plus de 70 ans\",\"publisher\":{\"@id\":\"https:\\\/\\\/scalp-sas.com\\\/#organization\"},\"potentialAction\":[{\"@type\":\"SearchAction\",\"target\":{\"@type\":\"EntryPoint\",\"urlTemplate\":\"https:\\\/\\\/scalp-sas.com\\\/?s={search_term_string}\"},\"query-input\":{\"@type\":\"PropertyValueSpecification\",\"valueRequired\":true,\"valueName\":\"search_term_string\"}}],\"inLanguage\":\"pl-PL\"},{\"@type\":\"Organization\",\"@id\":\"https:\\\/\\\/scalp-sas.com\\\/#organization\",\"name\":\"SCALP SAS\",\"url\":\"https:\\\/\\\/scalp-sas.com\\\/\",\"logo\":{\"@type\":\"ImageObject\",\"inLanguage\":\"pl-PL\",\"@id\":\"https:\\\/\\\/scalp-sas.com\\\/#\\\/schema\\\/logo\\\/image\\\/\",\"url\":\"https:\\\/\\\/scalp-sas.com\\\/wp-content\\\/uploads\\\/2021\\\/06\\\/logo-scalp-noir.svg\",\"contentUrl\":\"https:\\\/\\\/scalp-sas.com\\\/wp-content\\\/uploads\\\/2021\\\/06\\\/logo-scalp-noir.svg\",\"width\":526.433,\"height\":274.69,\"caption\":\"SCALP SAS\"},\"image\":{\"@id\":\"https:\\\/\\\/scalp-sas.com\\\/#\\\/schema\\\/logo\\\/image\\\/\"},\"sameAs\":[\"https:\\\/\\\/www.linkedin.com\\\/company\\\/scalp-sas\\\/\",\"https:\\\/\\\/www.instagram.com\\\/scalp_sas\\\/\"]}]}<\/script>\n<!-- \/ Yoast SEO plugin. -->","yoast_head_json":{"title":"Calculer ma consommation - SCALP SAS","description":"Estimez votre consommation de produit avant de d\u00e9buter votre chantier et obtenez une estimation par rapport \u00e0 votre superficie.","robots":{"index":"index","follow":"follow","max-snippet":"max-snippet:-1","max-image-preview":"max-image-preview:large","max-video-preview":"max-video-preview:-1"},"canonical":"https:\/\/scalp-sas.com\/pl\/calculer-ma-consommation\/","og_locale":"pl_PL","og_type":"article","og_title":"Calculer ma consommation - SCALP SAS","og_description":"Estimez votre consommation de produit avant de d\u00e9buter votre chantier et obtenez une estimation par rapport \u00e0 votre superficie.","og_url":"https:\/\/scalp-sas.com\/pl\/calculer-ma-consommation\/","og_site_name":"SCALP SAS","article_modified_time":"2024-09-10T15:18:10+00:00","og_image":[{"width":350,"height":100,"url":"https:\/\/scalp-sas.com\/wp-content\/uploads\/2022\/01\/logo-scalp-site.png","type":"image\/png"}],"twitter_card":"summary_large_image","schema":{"@context":"https:\/\/schema.org","@graph":[{"@type":"WebPage","@id":"https:\/\/scalp-sas.com\/calculer-ma-consommation\/","url":"https:\/\/scalp-sas.com\/calculer-ma-consommation\/","name":"Calculer ma consommation - SCALP SAS","isPartOf":{"@id":"https:\/\/scalp-sas.com\/#website"},"datePublished":"2024-09-10T09:44:44+00:00","dateModified":"2024-09-10T15:18:10+00:00","description":"Estimez votre consommation de produit avant de d\u00e9buter votre chantier et obtenez une estimation par rapport \u00e0 votre superficie.","inLanguage":"pl-PL","potentialAction":[{"@type":"ReadAction","target":["https:\/\/scalp-sas.com\/calculer-ma-consommation\/"]}]},{"@type":"WebSite","@id":"https:\/\/scalp-sas.com\/#website","url":"https:\/\/scalp-sas.com\/","name":"SCALP SAS","description":"Sp\u00e9cialiste des solutions de d\u00e9capage, nettoyage, entretien et de protection depuis plus de 70 ans","publisher":{"@id":"https:\/\/scalp-sas.com\/#organization"},"potentialAction":[{"@type":"SearchAction","target":{"@type":"EntryPoint","urlTemplate":"https:\/\/scalp-sas.com\/?s={search_term_string}"},"query-input":{"@type":"PropertyValueSpecification","valueRequired":true,"valueName":"search_term_string"}}],"inLanguage":"pl-PL"},{"@type":"Organization","@id":"https:\/\/scalp-sas.com\/#organization","name":"SCALP SAS","url":"https:\/\/scalp-sas.com\/","logo":{"@type":"ImageObject","inLanguage":"pl-PL","@id":"https:\/\/scalp-sas.com\/#\/schema\/logo\/image\/","url":"https:\/\/scalp-sas.com\/wp-content\/uploads\/2021\/06\/logo-scalp-noir.svg","contentUrl":"https:\/\/scalp-sas.com\/wp-content\/uploads\/2021\/06\/logo-scalp-noir.svg","width":526.433,"height":274.69,"caption":"SCALP SAS"},"image":{"@id":"https:\/\/scalp-sas.com\/#\/schema\/logo\/image\/"},"sameAs":["https:\/\/www.linkedin.com\/company\/scalp-sas\/","https:\/\/www.instagram.com\/scalp_sas\/"]}]}},"_links":{"self":[{"href":"https:\/\/scalp-sas.com\/pl\/wp-json\/wp\/v2\/pages\/13100","targetHints":{"allow":["GET"]}}],"collection":[{"href":"https:\/\/scalp-sas.com\/pl\/wp-json\/wp\/v2\/pages"}],"about":[{"href":"https:\/\/scalp-sas.com\/pl\/wp-json\/wp\/v2\/types\/page"}],"author":[{"embeddable":true,"href":"https:\/\/scalp-sas.com\/pl\/wp-json\/wp\/v2\/users\/2"}],"replies":[{"embeddable":true,"href":"https:\/\/scalp-sas.com\/pl\/wp-json\/wp\/v2\/comments?post=13100"}],"version-history":[{"count":5,"href":"https:\/\/scalp-sas.com\/pl\/wp-json\/wp\/v2\/pages\/13100\/revisions"}],"predecessor-version":[{"id":13157,"href":"https:\/\/scalp-sas.com\/pl\/wp-json\/wp\/v2\/pages\/13100\/revisions\/13157"}],"wp:attachment":[{"href":"https:\/\/scalp-sas.com\/pl\/wp-json\/wp\/v2\/media?parent=13100"}],"curies":[{"name":"wp","href":"https:\/\/api.w.org\/{rel}","templated":true}]}}