{"id":4732,"date":"2021-11-05T15:44:50","date_gmt":"2021-11-05T15:44:50","guid":{"rendered":"https:\/\/scalp-sas.com\/?post_type=product&#038;p=4732"},"modified":"2023-08-22T09:55:29","modified_gmt":"2023-08-22T09:55:29","slug":"decapant-peinture-bain-froid-stripac-base-eco","status":"publish","type":"product","link":"https:\/\/scalp-sas.com\/nl\/nos-produits\/verfafbijtmiddel-koude-baden-stripac-base-eco\/","title":{"rendered":"STRIPAC BASE ECO"},"content":{"rendered":"<p class=\"p2\">La m\u00e9thode STRIPAC BASE ECO\/ADDITIF STRIPAC utilise un d\u00e9capant peinture en bain froid chlor\u00e9 alcalin compos\u00e9 d&rsquo;une base et d&rsquo;un additif. Cette m\u00e9thode s&rsquo;utilise \u00e0 temp\u00e9rature ambiante et agit sur un grand nombre de peintures. (\u00e9poxy polyester, glyc\u00e9rophtalique, vinylique, acrylique, lasures, vernis, appr\u00eats, etc&#8230;). STRIPAC BASE ECO agit par dissolution des r\u00e9sines et d\u00e9nature les pigments min\u00e9raux de la peinture. Le film de peinture d\u00e9sagr\u00e9g\u00e9 par la m\u00e9thode STRIPAC BASE ECO\/ADDITIF STRIPAC s&rsquo;\u00e9limine par simple rin\u00e7age \u00e0 l&rsquo;eau, par immersion, ou \u00e0 la haute pression. Cette composition est sans attaque sur les substrats tels que l&rsquo;acier, l&rsquo;aluminium, le bois. Cette m\u00e9thode s&rsquo;utilise parfaitement pour le d\u00e9laquage de profil\u00e9s aluminium.<\/p>\n<p class=\"p1\">Pour maintenir le bain dans les param\u00e8tres de fonctionnement pr\u00e9conis\u00e9s, ajoutez 12,5 L d&rsquo;Additif STRIPAC par 1000 L de bain \/ pt manquant d&rsquo; HCl N. La remise \u00e0 niveau du bain sera effectu\u00e9e avec STRIPAC BASE ECO.<\/p>\n<p class=\"p1\">Stocker le d\u00e9capant peinture en bain froid en local hors gel \u00e0 l\u2019abri des intemp\u00e9ries, des sources incandescentes et des rayons directs du soleil. Prohiber tout contact avec la peau ou les muqueuses. Manipuler en \u00e9vitant les projections.<\/p>","protected":false},"excerpt":{"rendered":"<p>STRIPAC BASE ECO is een afbijtmiddel voor onderdompeling voor verflagen op metalen, hout en aluminium. Dit afbijtmiddel voor gebruik in koude baden wordt gebruikt met STRIPAC ADDITIEF en de combinatie van de twee producten (basis + additief) wordt gebruikt op kamertemperatuur en werkt op een groot aantal verven (epoxy-polyester, glycero, vinyl, acryl, vernissen, primers, enz.).<\/p>\n<p>STRIPAC BASE ECO werkt door het oplossen van de harsen en het denatureren van de minerale pigmenten in de verf.<\/p>","protected":false},"featured_media":6459,"comment_status":"open","ping_status":"closed","template":"","meta":{"_acf_changed":false},"product_brand":[],"product_cat":[76,33,112],"product_tag":[103],"class_list":{"0":"post-4732","1":"product","2":"type-product","3":"status-publish","4":"has-post-thumbnail","6":"product_cat-decapage-a-froid","7":"product_cat-industrie","8":"product_cat-nos-produits","9":"product_tag-decapage-a-froid","11":"first","12":"instock","13":"shipping-taxable","14":"product-type-simple"},"acf":[],"yoast_head":"<!-- This site is optimized with the Yoast SEO plugin v27.3 - https:\/\/yoast.com\/product\/yoast-seo-wordpress\/ -->\n<title>D\u00e9capant peinture en bain froid - STRIPAC BASE ECO<\/title>\n<meta name=\"description\" content=\"D\u00e9capant peinture en bain froid, STRIPAC BASE ECO s&#039;utilise \u00e0 temp\u00e9rature ambiante et agit sur un grand nombre de peintures.\" \/>\n<meta name=\"robots\" content=\"index, follow, max-snippet:-1, max-image-preview:large, max-video-preview:-1\" \/>\n<link rel=\"canonical\" href=\"https:\/\/scalp-sas.com\/nl\/nos-produits\/verfafbijtmiddel-koude-baden-stripac-base-eco\/\" \/>\n<meta property=\"og:locale\" content=\"nl_NL\" \/>\n<meta property=\"og:type\" content=\"article\" \/>\n<meta property=\"og:title\" content=\"D\u00e9capant peinture en bain froid - STRIPAC BASE ECO\" \/>\n<meta property=\"og:description\" content=\"D\u00e9capant peinture en bain froid, STRIPAC BASE ECO s&#039;utilise \u00e0 temp\u00e9rature ambiante et agit sur un grand nombre de peintures.\" \/>\n<meta property=\"og:url\" content=\"https:\/\/scalp-sas.com\/nl\/nos-produits\/verfafbijtmiddel-koude-baden-stripac-base-eco\/\" \/>\n<meta property=\"og:site_name\" content=\"SCALP SAS\" \/>\n<meta property=\"article:modified_time\" content=\"2023-08-22T09:55:29+00:00\" \/>\n<meta property=\"og:image\" content=\"https:\/\/scalp-sas.com\/wp-content\/uploads\/2021\/11\/stripac-base-eco-1.png\" \/>\n\t<meta property=\"og:image:width\" content=\"448\" \/>\n\t<meta property=\"og:image:height\" content=\"448\" \/>\n\t<meta property=\"og:image:type\" content=\"image\/png\" \/>\n<meta name=\"twitter:card\" content=\"summary_large_image\" \/>\n<meta name=\"twitter:label1\" content=\"Verwachte leestijd\" \/>\n\t<meta name=\"twitter:data1\" content=\"1 minuut\" \/>\n<script type=\"application\/ld+json\" class=\"yoast-schema-graph\">{\"@context\":\"https:\\\/\\\/schema.org\",\"@graph\":[{\"@type\":\"WebPage\",\"@id\":\"https:\\\/\\\/scalp-sas.com\\\/nos-produits\\\/decapant-peinture-bain-froid-stripac-base-eco\\\/\",\"url\":\"https:\\\/\\\/scalp-sas.com\\\/nos-produits\\\/decapant-peinture-bain-froid-stripac-base-eco\\\/\",\"name\":\"D\u00e9capant peinture en bain froid - STRIPAC BASE ECO\",\"isPartOf\":{\"@id\":\"https:\\\/\\\/scalp-sas.com\\\/#website\"},\"primaryImageOfPage\":{\"@id\":\"https:\\\/\\\/scalp-sas.com\\\/nos-produits\\\/decapant-peinture-bain-froid-stripac-base-eco\\\/#primaryimage\"},\"image\":{\"@id\":\"https:\\\/\\\/scalp-sas.com\\\/nos-produits\\\/decapant-peinture-bain-froid-stripac-base-eco\\\/#primaryimage\"},\"thumbnailUrl\":\"https:\\\/\\\/scalp-sas.com\\\/wp-content\\\/uploads\\\/2021\\\/11\\\/stripac-base-eco-1.png\",\"datePublished\":\"2021-11-05T15:44:50+00:00\",\"dateModified\":\"2023-08-22T09:55:29+00:00\",\"description\":\"D\u00e9capant peinture en bain froid, STRIPAC BASE ECO s'utilise \u00e0 temp\u00e9rature ambiante et agit sur un grand nombre de peintures.\",\"breadcrumb\":{\"@id\":\"https:\\\/\\\/scalp-sas.com\\\/nos-produits\\\/decapant-peinture-bain-froid-stripac-base-eco\\\/#breadcrumb\"},\"inLanguage\":\"nl-NL\",\"potentialAction\":[{\"@type\":\"ReadAction\",\"target\":[\"https:\\\/\\\/scalp-sas.com\\\/nos-produits\\\/decapant-peinture-bain-froid-stripac-base-eco\\\/\"]}]},{\"@type\":\"ImageObject\",\"inLanguage\":\"nl-NL\",\"@id\":\"https:\\\/\\\/scalp-sas.com\\\/nos-produits\\\/decapant-peinture-bain-froid-stripac-base-eco\\\/#primaryimage\",\"url\":\"https:\\\/\\\/scalp-sas.com\\\/wp-content\\\/uploads\\\/2021\\\/11\\\/stripac-base-eco-1.png\",\"contentUrl\":\"https:\\\/\\\/scalp-sas.com\\\/wp-content\\\/uploads\\\/2021\\\/11\\\/stripac-base-eco-1.png\",\"width\":448,\"height\":448,\"caption\":\"D\u00e9capant peinture en bain froid\"},{\"@type\":\"BreadcrumbList\",\"@id\":\"https:\\\/\\\/scalp-sas.com\\\/nos-produits\\\/decapant-peinture-bain-froid-stripac-base-eco\\\/#breadcrumb\",\"itemListElement\":[{\"@type\":\"ListItem\",\"position\":1,\"name\":\"Nos produits\",\"item\":\"https:\\\/\\\/scalp-sas.com\\\/es\\\/nuestros-productos\\\/\"},{\"@type\":\"ListItem\",\"position\":2,\"name\":\"Nos produits\",\"item\":\"https:\\\/\\\/scalp-sas.com\\\/categorie-produit\\\/nos-produits\\\/\"},{\"@type\":\"ListItem\",\"position\":3,\"name\":\"industrie\",\"item\":\"https:\\\/\\\/scalp-sas.com\\\/categorie-produit\\\/nos-produits\\\/industrie\\\/\"},{\"@type\":\"ListItem\",\"position\":4,\"name\":\"STRIPAC BASE ECO\"}]},{\"@type\":\"WebSite\",\"@id\":\"https:\\\/\\\/scalp-sas.com\\\/#website\",\"url\":\"https:\\\/\\\/scalp-sas.com\\\/\",\"name\":\"SCALP SAS\",\"description\":\"Sp\u00e9cialiste des solutions de d\u00e9capage, nettoyage, entretien et de protection depuis plus de 70 ans\",\"publisher\":{\"@id\":\"https:\\\/\\\/scalp-sas.com\\\/#organization\"},\"potentialAction\":[{\"@type\":\"SearchAction\",\"target\":{\"@type\":\"EntryPoint\",\"urlTemplate\":\"https:\\\/\\\/scalp-sas.com\\\/?s={search_term_string}\"},\"query-input\":{\"@type\":\"PropertyValueSpecification\",\"valueRequired\":true,\"valueName\":\"search_term_string\"}}],\"inLanguage\":\"nl-NL\"},{\"@type\":\"Organization\",\"@id\":\"https:\\\/\\\/scalp-sas.com\\\/#organization\",\"name\":\"SCALP SAS\",\"url\":\"https:\\\/\\\/scalp-sas.com\\\/\",\"logo\":{\"@type\":\"ImageObject\",\"inLanguage\":\"nl-NL\",\"@id\":\"https:\\\/\\\/scalp-sas.com\\\/#\\\/schema\\\/logo\\\/image\\\/\",\"url\":\"https:\\\/\\\/scalp-sas.com\\\/wp-content\\\/uploads\\\/2021\\\/06\\\/logo-scalp-noir.svg\",\"contentUrl\":\"https:\\\/\\\/scalp-sas.com\\\/wp-content\\\/uploads\\\/2021\\\/06\\\/logo-scalp-noir.svg\",\"width\":526.433,\"height\":274.69,\"caption\":\"SCALP SAS\"},\"image\":{\"@id\":\"https:\\\/\\\/scalp-sas.com\\\/#\\\/schema\\\/logo\\\/image\\\/\"},\"sameAs\":[\"https:\\\/\\\/www.linkedin.com\\\/company\\\/scalp-sas\\\/\",\"https:\\\/\\\/www.instagram.com\\\/scalp_sas\\\/\"]}]}<\/script>\n<!-- \/ Yoast SEO plugin. -->","yoast_head_json":{"title":"D\u00e9capant peinture en bain froid - STRIPAC BASE ECO","description":"D\u00e9capant peinture en bain froid, STRIPAC BASE ECO s'utilise \u00e0 temp\u00e9rature ambiante et agit sur un grand nombre de peintures.","robots":{"index":"index","follow":"follow","max-snippet":"max-snippet:-1","max-image-preview":"max-image-preview:large","max-video-preview":"max-video-preview:-1"},"canonical":"https:\/\/scalp-sas.com\/nl\/nos-produits\/verfafbijtmiddel-koude-baden-stripac-base-eco\/","og_locale":"nl_NL","og_type":"article","og_title":"D\u00e9capant peinture en bain froid - STRIPAC BASE ECO","og_description":"D\u00e9capant peinture en bain froid, STRIPAC BASE ECO s'utilise \u00e0 temp\u00e9rature ambiante et agit sur un grand nombre de peintures.","og_url":"https:\/\/scalp-sas.com\/nl\/nos-produits\/verfafbijtmiddel-koude-baden-stripac-base-eco\/","og_site_name":"SCALP SAS","article_modified_time":"2023-08-22T09:55:29+00:00","og_image":[{"width":448,"height":448,"url":"https:\/\/scalp-sas.com\/wp-content\/uploads\/2021\/11\/stripac-base-eco-1.png","type":"image\/png"}],"twitter_card":"summary_large_image","twitter_misc":{"Verwachte leestijd":"1 minuut"},"schema":{"@context":"https:\/\/schema.org","@graph":[{"@type":"WebPage","@id":"https:\/\/scalp-sas.com\/nos-produits\/decapant-peinture-bain-froid-stripac-base-eco\/","url":"https:\/\/scalp-sas.com\/nos-produits\/decapant-peinture-bain-froid-stripac-base-eco\/","name":"D\u00e9capant peinture en bain froid - STRIPAC BASE ECO","isPartOf":{"@id":"https:\/\/scalp-sas.com\/#website"},"primaryImageOfPage":{"@id":"https:\/\/scalp-sas.com\/nos-produits\/decapant-peinture-bain-froid-stripac-base-eco\/#primaryimage"},"image":{"@id":"https:\/\/scalp-sas.com\/nos-produits\/decapant-peinture-bain-froid-stripac-base-eco\/#primaryimage"},"thumbnailUrl":"https:\/\/scalp-sas.com\/wp-content\/uploads\/2021\/11\/stripac-base-eco-1.png","datePublished":"2021-11-05T15:44:50+00:00","dateModified":"2023-08-22T09:55:29+00:00","description":"D\u00e9capant peinture en bain froid, STRIPAC BASE ECO s'utilise \u00e0 temp\u00e9rature ambiante et agit sur un grand nombre de peintures.","breadcrumb":{"@id":"https:\/\/scalp-sas.com\/nos-produits\/decapant-peinture-bain-froid-stripac-base-eco\/#breadcrumb"},"inLanguage":"nl-NL","potentialAction":[{"@type":"ReadAction","target":["https:\/\/scalp-sas.com\/nos-produits\/decapant-peinture-bain-froid-stripac-base-eco\/"]}]},{"@type":"ImageObject","inLanguage":"nl-NL","@id":"https:\/\/scalp-sas.com\/nos-produits\/decapant-peinture-bain-froid-stripac-base-eco\/#primaryimage","url":"https:\/\/scalp-sas.com\/wp-content\/uploads\/2021\/11\/stripac-base-eco-1.png","contentUrl":"https:\/\/scalp-sas.com\/wp-content\/uploads\/2021\/11\/stripac-base-eco-1.png","width":448,"height":448,"caption":"D\u00e9capant peinture en bain froid"},{"@type":"BreadcrumbList","@id":"https:\/\/scalp-sas.com\/nos-produits\/decapant-peinture-bain-froid-stripac-base-eco\/#breadcrumb","itemListElement":[{"@type":"ListItem","position":1,"name":"Nos produits","item":"https:\/\/scalp-sas.com\/es\/nuestros-productos\/"},{"@type":"ListItem","position":2,"name":"Nos produits","item":"https:\/\/scalp-sas.com\/categorie-produit\/nos-produits\/"},{"@type":"ListItem","position":3,"name":"industrie","item":"https:\/\/scalp-sas.com\/categorie-produit\/nos-produits\/industrie\/"},{"@type":"ListItem","position":4,"name":"STRIPAC BASE ECO"}]},{"@type":"WebSite","@id":"https:\/\/scalp-sas.com\/#website","url":"https:\/\/scalp-sas.com\/","name":"SCALP SAS","description":"Sp\u00e9cialiste des solutions de d\u00e9capage, nettoyage, entretien et de protection depuis plus de 70 ans","publisher":{"@id":"https:\/\/scalp-sas.com\/#organization"},"potentialAction":[{"@type":"SearchAction","target":{"@type":"EntryPoint","urlTemplate":"https:\/\/scalp-sas.com\/?s={search_term_string}"},"query-input":{"@type":"PropertyValueSpecification","valueRequired":true,"valueName":"search_term_string"}}],"inLanguage":"nl-NL"},{"@type":"Organization","@id":"https:\/\/scalp-sas.com\/#organization","name":"SCALP SAS","url":"https:\/\/scalp-sas.com\/","logo":{"@type":"ImageObject","inLanguage":"nl-NL","@id":"https:\/\/scalp-sas.com\/#\/schema\/logo\/image\/","url":"https:\/\/scalp-sas.com\/wp-content\/uploads\/2021\/06\/logo-scalp-noir.svg","contentUrl":"https:\/\/scalp-sas.com\/wp-content\/uploads\/2021\/06\/logo-scalp-noir.svg","width":526.433,"height":274.69,"caption":"SCALP SAS"},"image":{"@id":"https:\/\/scalp-sas.com\/#\/schema\/logo\/image\/"},"sameAs":["https:\/\/www.linkedin.com\/company\/scalp-sas\/","https:\/\/www.instagram.com\/scalp_sas\/"]}]}},"_links":{"self":[{"href":"https:\/\/scalp-sas.com\/nl\/wp-json\/wp\/v2\/product\/4732","targetHints":{"allow":["GET"]}}],"collection":[{"href":"https:\/\/scalp-sas.com\/nl\/wp-json\/wp\/v2\/product"}],"about":[{"href":"https:\/\/scalp-sas.com\/nl\/wp-json\/wp\/v2\/types\/product"}],"replies":[{"embeddable":true,"href":"https:\/\/scalp-sas.com\/nl\/wp-json\/wp\/v2\/comments?post=4732"}],"wp:featuredmedia":[{"embeddable":true,"href":"https:\/\/scalp-sas.com\/nl\/wp-json\/wp\/v2\/media\/6459"}],"wp:attachment":[{"href":"https:\/\/scalp-sas.com\/nl\/wp-json\/wp\/v2\/media?parent=4732"}],"wp:term":[{"taxonomy":"product_brand","embeddable":true,"href":"https:\/\/scalp-sas.com\/nl\/wp-json\/wp\/v2\/product_brand?post=4732"},{"taxonomy":"product_cat","embeddable":true,"href":"https:\/\/scalp-sas.com\/nl\/wp-json\/wp\/v2\/product_cat?post=4732"},{"taxonomy":"product_tag","embeddable":true,"href":"https:\/\/scalp-sas.com\/nl\/wp-json\/wp\/v2\/product_tag?post=4732"}],"curies":[{"name":"wp","href":"https:\/\/api.w.org\/{rel}","templated":true}]}}