{"id":199794,"date":"2025-10-08T13:23:39","date_gmt":"2025-10-08T13:23:39","guid":{"rendered":"https:\/\/scalp-sas.com\/?post_type=product&#038;p=199794"},"modified":"2025-10-08T13:24:43","modified_gmt":"2025-10-08T13:24:43","slug":"protection-anti-graffitis-biosourcee-anti-graff-r-ekor","status":"publish","type":"product","link":"https:\/\/scalp-sas.com\/nl\/nos-produits\/protection-anti-graffitis-biosourcee-anti-graff-r-ekor\/","title":{"rendered":"ANTI-GRAFF R EKO&rsquo;R"},"content":{"rendered":"","protected":false},"excerpt":{"rendered":"<p class=\"p1\">ANTI-GRAFF R EKO\u2019R est une protection anti-graffiti incolore et sacrificielle en base aqueuse. Elle prot\u00e8ge tous types de supports tels que la pierre, b\u00e9ton, ciment, bois, enduit hydraulique ; contre tous les graffitis ainsi que les infiltrations d\u2019eau. ANTI GRAFF R EKO\u2019R s\u2019utilise aussi bien en ext\u00e9rieur qu\u2019en int\u00e9rieur.<\/p>","protected":false},"featured_media":199796,"comment_status":"closed","ping_status":"closed","template":"","meta":{"_acf_changed":false},"product_brand":[],"product_cat":[73,23,114,112],"product_tag":[],"class_list":{"0":"post-199794","1":"product","2":"type-product","3":"status-publish","4":"has-post-thumbnail","6":"product_cat-anti-graffitis","7":"product_cat-batiment","8":"product_cat-gamme-eko-r","9":"product_cat-nos-produits","11":"first","12":"instock","13":"shipping-taxable","14":"product-type-simple"},"acf":[],"yoast_head":"<!-- This site is optimized with the Yoast SEO plugin v27.3 - https:\/\/yoast.com\/product\/yoast-seo-wordpress\/ -->\n<title>Protection anti-graffitis biosourc\u00e9e - ANTI-GRAFF R EKO&#039;R<\/title>\n<meta name=\"description\" content=\"Protection anti-graffitis biosourc\u00e9e incolore et sacrificielle en basea queuse. Elle prot\u00e8ge tous types de supports tel que la pierre, b\u00e9ton, ciment, etc.\" \/>\n<meta name=\"robots\" content=\"index, follow, max-snippet:-1, max-image-preview:large, max-video-preview:-1\" \/>\n<link rel=\"canonical\" href=\"https:\/\/scalp-sas.com\/nl\/nos-produits\/protection-anti-graffitis-biosourcee-anti-graff-r-ekor\/\" \/>\n<meta property=\"og:locale\" content=\"nl_NL\" \/>\n<meta property=\"og:type\" content=\"article\" \/>\n<meta property=\"og:title\" content=\"Protection anti-graffitis biosourc\u00e9e - ANTI-GRAFF R EKO&#039;R\" \/>\n<meta property=\"og:description\" content=\"Protection anti-graffitis biosourc\u00e9e incolore et sacrificielle en basea queuse. Elle prot\u00e8ge tous types de supports tel que la pierre, b\u00e9ton, ciment, etc.\" \/>\n<meta property=\"og:url\" content=\"https:\/\/scalp-sas.com\/nl\/nos-produits\/protection-anti-graffitis-biosourcee-anti-graff-r-ekor\/\" \/>\n<meta property=\"og:site_name\" content=\"SCALP SAS\" \/>\n<meta property=\"article:modified_time\" content=\"2025-10-08T13:24:43+00:00\" \/>\n<meta property=\"og:image\" content=\"https:\/\/scalp-sas.com\/wp-content\/uploads\/2025\/10\/anti-graff-r-ekor.png\" \/>\n\t<meta property=\"og:image:width\" content=\"1000\" \/>\n\t<meta property=\"og:image:height\" content=\"1000\" \/>\n\t<meta property=\"og:image:type\" content=\"image\/png\" \/>\n<meta name=\"twitter:card\" content=\"summary_large_image\" \/>\n<script type=\"application\/ld+json\" class=\"yoast-schema-graph\">{\"@context\":\"https:\\\/\\\/schema.org\",\"@graph\":[{\"@type\":\"WebPage\",\"@id\":\"https:\\\/\\\/scalp-sas.com\\\/nos-produits\\\/protection-anti-graffitis-biosourcee-anti-graff-r-ekor\\\/\",\"url\":\"https:\\\/\\\/scalp-sas.com\\\/nos-produits\\\/protection-anti-graffitis-biosourcee-anti-graff-r-ekor\\\/\",\"name\":\"Protection anti-graffitis biosourc\u00e9e - ANTI-GRAFF R EKO'R\",\"isPartOf\":{\"@id\":\"https:\\\/\\\/scalp-sas.com\\\/#website\"},\"primaryImageOfPage\":{\"@id\":\"https:\\\/\\\/scalp-sas.com\\\/nos-produits\\\/protection-anti-graffitis-biosourcee-anti-graff-r-ekor\\\/#primaryimage\"},\"image\":{\"@id\":\"https:\\\/\\\/scalp-sas.com\\\/nos-produits\\\/protection-anti-graffitis-biosourcee-anti-graff-r-ekor\\\/#primaryimage\"},\"thumbnailUrl\":\"https:\\\/\\\/scalp-sas.com\\\/wp-content\\\/uploads\\\/2025\\\/10\\\/anti-graff-r-ekor.png\",\"datePublished\":\"2025-10-08T13:23:39+00:00\",\"dateModified\":\"2025-10-08T13:24:43+00:00\",\"description\":\"Protection anti-graffitis biosourc\u00e9e incolore et sacrificielle en basea queuse. Elle prot\u00e8ge tous types de supports tel que la pierre, b\u00e9ton, ciment, etc.\",\"breadcrumb\":{\"@id\":\"https:\\\/\\\/scalp-sas.com\\\/nos-produits\\\/protection-anti-graffitis-biosourcee-anti-graff-r-ekor\\\/#breadcrumb\"},\"inLanguage\":\"nl-NL\",\"potentialAction\":[{\"@type\":\"ReadAction\",\"target\":[\"https:\\\/\\\/scalp-sas.com\\\/nos-produits\\\/protection-anti-graffitis-biosourcee-anti-graff-r-ekor\\\/\"]}]},{\"@type\":\"ImageObject\",\"inLanguage\":\"nl-NL\",\"@id\":\"https:\\\/\\\/scalp-sas.com\\\/nos-produits\\\/protection-anti-graffitis-biosourcee-anti-graff-r-ekor\\\/#primaryimage\",\"url\":\"https:\\\/\\\/scalp-sas.com\\\/wp-content\\\/uploads\\\/2025\\\/10\\\/anti-graff-r-ekor.png\",\"contentUrl\":\"https:\\\/\\\/scalp-sas.com\\\/wp-content\\\/uploads\\\/2025\\\/10\\\/anti-graff-r-ekor.png\",\"width\":1000,\"height\":1000,\"caption\":\"Protection anti-graffitis biosourc\u00e9e\"},{\"@type\":\"BreadcrumbList\",\"@id\":\"https:\\\/\\\/scalp-sas.com\\\/nos-produits\\\/protection-anti-graffitis-biosourcee-anti-graff-r-ekor\\\/#breadcrumb\",\"itemListElement\":[{\"@type\":\"ListItem\",\"position\":1,\"name\":\"Nos produits\",\"item\":\"https:\\\/\\\/scalp-sas.com\\\/es\\\/nuestros-productos\\\/\"},{\"@type\":\"ListItem\",\"position\":2,\"name\":\"Nos produits\",\"item\":\"https:\\\/\\\/scalp-sas.com\\\/categorie-produit\\\/nos-produits\\\/\"},{\"@type\":\"ListItem\",\"position\":3,\"name\":\"ANTI-GRAFF R EKO&rsquo;R\"}]},{\"@type\":\"WebSite\",\"@id\":\"https:\\\/\\\/scalp-sas.com\\\/#website\",\"url\":\"https:\\\/\\\/scalp-sas.com\\\/\",\"name\":\"SCALP SAS\",\"description\":\"Sp\u00e9cialiste des solutions de d\u00e9capage, nettoyage, entretien et de protection depuis plus de 70 ans\",\"publisher\":{\"@id\":\"https:\\\/\\\/scalp-sas.com\\\/#organization\"},\"potentialAction\":[{\"@type\":\"SearchAction\",\"target\":{\"@type\":\"EntryPoint\",\"urlTemplate\":\"https:\\\/\\\/scalp-sas.com\\\/?s={search_term_string}\"},\"query-input\":{\"@type\":\"PropertyValueSpecification\",\"valueRequired\":true,\"valueName\":\"search_term_string\"}}],\"inLanguage\":\"nl-NL\"},{\"@type\":\"Organization\",\"@id\":\"https:\\\/\\\/scalp-sas.com\\\/#organization\",\"name\":\"SCALP SAS\",\"url\":\"https:\\\/\\\/scalp-sas.com\\\/\",\"logo\":{\"@type\":\"ImageObject\",\"inLanguage\":\"nl-NL\",\"@id\":\"https:\\\/\\\/scalp-sas.com\\\/#\\\/schema\\\/logo\\\/image\\\/\",\"url\":\"https:\\\/\\\/scalp-sas.com\\\/wp-content\\\/uploads\\\/2021\\\/06\\\/logo-scalp-noir.svg\",\"contentUrl\":\"https:\\\/\\\/scalp-sas.com\\\/wp-content\\\/uploads\\\/2021\\\/06\\\/logo-scalp-noir.svg\",\"width\":526.433,\"height\":274.69,\"caption\":\"SCALP SAS\"},\"image\":{\"@id\":\"https:\\\/\\\/scalp-sas.com\\\/#\\\/schema\\\/logo\\\/image\\\/\"},\"sameAs\":[\"https:\\\/\\\/www.linkedin.com\\\/company\\\/scalp-sas\\\/\",\"https:\\\/\\\/www.instagram.com\\\/scalp_sas\\\/\"]}]}<\/script>\n<!-- \/ Yoast SEO plugin. -->","yoast_head_json":{"title":"Protection anti-graffitis biosourc\u00e9e - ANTI-GRAFF R EKO'R","description":"Protection anti-graffitis biosourc\u00e9e incolore et sacrificielle en basea queuse. Elle prot\u00e8ge tous types de supports tel que la pierre, b\u00e9ton, ciment, etc.","robots":{"index":"index","follow":"follow","max-snippet":"max-snippet:-1","max-image-preview":"max-image-preview:large","max-video-preview":"max-video-preview:-1"},"canonical":"https:\/\/scalp-sas.com\/nl\/nos-produits\/protection-anti-graffitis-biosourcee-anti-graff-r-ekor\/","og_locale":"nl_NL","og_type":"article","og_title":"Protection anti-graffitis biosourc\u00e9e - ANTI-GRAFF R EKO'R","og_description":"Protection anti-graffitis biosourc\u00e9e incolore et sacrificielle en basea queuse. Elle prot\u00e8ge tous types de supports tel que la pierre, b\u00e9ton, ciment, etc.","og_url":"https:\/\/scalp-sas.com\/nl\/nos-produits\/protection-anti-graffitis-biosourcee-anti-graff-r-ekor\/","og_site_name":"SCALP SAS","article_modified_time":"2025-10-08T13:24:43+00:00","og_image":[{"width":1000,"height":1000,"url":"https:\/\/scalp-sas.com\/wp-content\/uploads\/2025\/10\/anti-graff-r-ekor.png","type":"image\/png"}],"twitter_card":"summary_large_image","schema":{"@context":"https:\/\/schema.org","@graph":[{"@type":"WebPage","@id":"https:\/\/scalp-sas.com\/nos-produits\/protection-anti-graffitis-biosourcee-anti-graff-r-ekor\/","url":"https:\/\/scalp-sas.com\/nos-produits\/protection-anti-graffitis-biosourcee-anti-graff-r-ekor\/","name":"Protection anti-graffitis biosourc\u00e9e - ANTI-GRAFF R EKO'R","isPartOf":{"@id":"https:\/\/scalp-sas.com\/#website"},"primaryImageOfPage":{"@id":"https:\/\/scalp-sas.com\/nos-produits\/protection-anti-graffitis-biosourcee-anti-graff-r-ekor\/#primaryimage"},"image":{"@id":"https:\/\/scalp-sas.com\/nos-produits\/protection-anti-graffitis-biosourcee-anti-graff-r-ekor\/#primaryimage"},"thumbnailUrl":"https:\/\/scalp-sas.com\/wp-content\/uploads\/2025\/10\/anti-graff-r-ekor.png","datePublished":"2025-10-08T13:23:39+00:00","dateModified":"2025-10-08T13:24:43+00:00","description":"Protection anti-graffitis biosourc\u00e9e incolore et sacrificielle en basea queuse. Elle prot\u00e8ge tous types de supports tel que la pierre, b\u00e9ton, ciment, etc.","breadcrumb":{"@id":"https:\/\/scalp-sas.com\/nos-produits\/protection-anti-graffitis-biosourcee-anti-graff-r-ekor\/#breadcrumb"},"inLanguage":"nl-NL","potentialAction":[{"@type":"ReadAction","target":["https:\/\/scalp-sas.com\/nos-produits\/protection-anti-graffitis-biosourcee-anti-graff-r-ekor\/"]}]},{"@type":"ImageObject","inLanguage":"nl-NL","@id":"https:\/\/scalp-sas.com\/nos-produits\/protection-anti-graffitis-biosourcee-anti-graff-r-ekor\/#primaryimage","url":"https:\/\/scalp-sas.com\/wp-content\/uploads\/2025\/10\/anti-graff-r-ekor.png","contentUrl":"https:\/\/scalp-sas.com\/wp-content\/uploads\/2025\/10\/anti-graff-r-ekor.png","width":1000,"height":1000,"caption":"Protection anti-graffitis biosourc\u00e9e"},{"@type":"BreadcrumbList","@id":"https:\/\/scalp-sas.com\/nos-produits\/protection-anti-graffitis-biosourcee-anti-graff-r-ekor\/#breadcrumb","itemListElement":[{"@type":"ListItem","position":1,"name":"Nos produits","item":"https:\/\/scalp-sas.com\/es\/nuestros-productos\/"},{"@type":"ListItem","position":2,"name":"Nos produits","item":"https:\/\/scalp-sas.com\/categorie-produit\/nos-produits\/"},{"@type":"ListItem","position":3,"name":"ANTI-GRAFF R EKO&rsquo;R"}]},{"@type":"WebSite","@id":"https:\/\/scalp-sas.com\/#website","url":"https:\/\/scalp-sas.com\/","name":"SCALP SAS","description":"Sp\u00e9cialiste des solutions de d\u00e9capage, nettoyage, entretien et de protection depuis plus de 70 ans","publisher":{"@id":"https:\/\/scalp-sas.com\/#organization"},"potentialAction":[{"@type":"SearchAction","target":{"@type":"EntryPoint","urlTemplate":"https:\/\/scalp-sas.com\/?s={search_term_string}"},"query-input":{"@type":"PropertyValueSpecification","valueRequired":true,"valueName":"search_term_string"}}],"inLanguage":"nl-NL"},{"@type":"Organization","@id":"https:\/\/scalp-sas.com\/#organization","name":"SCALP SAS","url":"https:\/\/scalp-sas.com\/","logo":{"@type":"ImageObject","inLanguage":"nl-NL","@id":"https:\/\/scalp-sas.com\/#\/schema\/logo\/image\/","url":"https:\/\/scalp-sas.com\/wp-content\/uploads\/2021\/06\/logo-scalp-noir.svg","contentUrl":"https:\/\/scalp-sas.com\/wp-content\/uploads\/2021\/06\/logo-scalp-noir.svg","width":526.433,"height":274.69,"caption":"SCALP SAS"},"image":{"@id":"https:\/\/scalp-sas.com\/#\/schema\/logo\/image\/"},"sameAs":["https:\/\/www.linkedin.com\/company\/scalp-sas\/","https:\/\/www.instagram.com\/scalp_sas\/"]}]}},"_links":{"self":[{"href":"https:\/\/scalp-sas.com\/nl\/wp-json\/wp\/v2\/product\/199794","targetHints":{"allow":["GET"]}}],"collection":[{"href":"https:\/\/scalp-sas.com\/nl\/wp-json\/wp\/v2\/product"}],"about":[{"href":"https:\/\/scalp-sas.com\/nl\/wp-json\/wp\/v2\/types\/product"}],"replies":[{"embeddable":true,"href":"https:\/\/scalp-sas.com\/nl\/wp-json\/wp\/v2\/comments?post=199794"}],"wp:featuredmedia":[{"embeddable":true,"href":"https:\/\/scalp-sas.com\/nl\/wp-json\/wp\/v2\/media\/199796"}],"wp:attachment":[{"href":"https:\/\/scalp-sas.com\/nl\/wp-json\/wp\/v2\/media?parent=199794"}],"wp:term":[{"taxonomy":"product_brand","embeddable":true,"href":"https:\/\/scalp-sas.com\/nl\/wp-json\/wp\/v2\/product_brand?post=199794"},{"taxonomy":"product_cat","embeddable":true,"href":"https:\/\/scalp-sas.com\/nl\/wp-json\/wp\/v2\/product_cat?post=199794"},{"taxonomy":"product_tag","embeddable":true,"href":"https:\/\/scalp-sas.com\/nl\/wp-json\/wp\/v2\/product_tag?post=199794"}],"curies":[{"name":"wp","href":"https:\/\/api.w.org\/{rel}","templated":true}]}}