{"id":198077,"date":"2025-09-22T13:43:11","date_gmt":"2025-09-22T13:43:11","guid":{"rendered":"https:\/\/scalp-sas.com\/?post_type=product&#038;p=198077"},"modified":"2025-09-22T13:50:09","modified_gmt":"2025-09-22T13:50:09","slug":"batinet-m-3100","status":"publish","type":"product","link":"https:\/\/scalp-sas.com\/nl\/nos-produits\/batinet-m-3100\/","title":{"rendered":"BATI\u2019NET M 3100"},"content":{"rendered":"<p data-start=\"37\" data-end=\"342\"><strong data-start=\"37\" data-end=\"56\">BATI\u2019NET M 3100<\/strong> est un traitement algicide concentr\u00e9 multifonction qui combine trois actions en un seul produit : biocide, hydrofuge et nettoyant. Sp\u00e9cialement formul\u00e9 pour les surfaces ext\u00e9rieures (toitures, fa\u00e7ades, murs, sols), il agit efficacement contre les algues, lichens et micro-organismes.<\/p>\n<p data-start=\"344\" data-end=\"689\">L\u2019agent renfor\u00e7ateur int\u00e9gr\u00e9 optimise la p\u00e9n\u00e9tration du biocide au c\u0153ur des micro-organismes (algues, lichens, d\u00e9p\u00f4ts verts), augmentant l\u2019efficacit\u00e9 du traitement et acc\u00e9l\u00e9rant son action. Il am\u00e9liore \u00e9galement la performance globale du produit sur les salissures grasses, la suie, les taches noires et les r\u00e9sidus de pollution atmosph\u00e9rique.<\/p>\n<p data-start=\"691\" data-end=\"887\">De plus, la fonction hydrofuge cr\u00e9e une barri\u00e8re protectrice contre l\u2019humidit\u00e9, limitant l\u2019adh\u00e9rence des contaminants et ralentissant l\u2019encrassement des surfaces expos\u00e9es \u00e0 la pollution urbaine.<\/p>\n<p data-start=\"889\" data-end=\"998\">Ce traitement constitue une solution compl\u00e8te pour l\u2019entretien et la conservation des surfaces ext\u00e9rieures.<\/p>","protected":false},"excerpt":{"rendered":"<p data-start=\"37\" data-end=\"384\"><strong data-start=\"37\" data-end=\"56\">BATI\u2019NET M 3100<\/strong> est un traitement algicide concentr\u00e9 multifonction qui combine trois actions en un seul produit : biocide, hydrofuge et nettoyant. Sp\u00e9cialement formul\u00e9 pour les surfaces ext\u00e9rieures (toitures, fa\u00e7ades, murs, sols), il agit efficacement contre les algues, lichens et micro-organismes.<\/p>","protected":false},"featured_media":198075,"comment_status":"open","ping_status":"closed","template":"","meta":{"_acf_changed":false},"product_brand":[],"product_cat":[72,23,112],"product_tag":[65],"class_list":{"0":"post-198077","1":"product","2":"type-product","3":"status-publish","4":"has-post-thumbnail","6":"product_cat-algicides-biocides","7":"product_cat-batiment","8":"product_cat-nos-produits","9":"product_tag-biocides-et-algicides","11":"first","12":"instock","13":"shipping-taxable","14":"product-type-simple"},"acf":[],"yoast_head":"<!-- This site is optimized with the Yoast SEO plugin v27.3 - https:\/\/yoast.com\/product\/yoast-seo-wordpress\/ -->\n<title>SCALP SAS - BATI\u2019NET M 3100<\/title>\n<meta name=\"description\" content=\"BATI\u2019NET M 3100 est un traitement algicide concentr\u00e9 multifonction qui combine trois actions en un seul produit : biocide, hydrofuge et nettoyant. Sp\u00e9cialement formul\u00e9 pour les surfaces ext\u00e9rieures (toitures, fa\u00e7ades, murs, sols), il agit efficacement contre les algues, lichens et micro-organismes.\" \/>\n<meta name=\"robots\" content=\"index, follow, max-snippet:-1, max-image-preview:large, max-video-preview:-1\" \/>\n<link rel=\"canonical\" href=\"https:\/\/scalp-sas.com\/nl\/nos-produits\/batinet-m-3100\/\" \/>\n<meta property=\"og:locale\" content=\"nl_NL\" \/>\n<meta property=\"og:type\" content=\"article\" \/>\n<meta property=\"og:title\" content=\"SCALP SAS - BATI\u2019NET M 3100\" \/>\n<meta property=\"og:description\" content=\"BATI\u2019NET M 3100 est un traitement algicide concentr\u00e9 multifonction qui combine trois actions en un seul produit : biocide, hydrofuge et nettoyant. Sp\u00e9cialement formul\u00e9 pour les surfaces ext\u00e9rieures (toitures, fa\u00e7ades, murs, sols), il agit efficacement contre les algues, lichens et micro-organismes.\" \/>\n<meta property=\"og:url\" content=\"https:\/\/scalp-sas.com\/nl\/nos-produits\/batinet-m-3100\/\" \/>\n<meta property=\"og:site_name\" content=\"SCALP SAS\" \/>\n<meta property=\"article:modified_time\" content=\"2025-09-22T13:50:09+00:00\" \/>\n<meta property=\"og:image\" content=\"https:\/\/scalp-sas.com\/wp-content\/uploads\/2025\/09\/batinet-m-3100.png\" \/>\n\t<meta property=\"og:image:width\" content=\"1000\" \/>\n\t<meta property=\"og:image:height\" content=\"1000\" \/>\n\t<meta property=\"og:image:type\" content=\"image\/png\" \/>\n<meta name=\"twitter:card\" content=\"summary_large_image\" \/>\n<meta name=\"twitter:label1\" content=\"Verwachte leestijd\" \/>\n\t<meta name=\"twitter:data1\" content=\"2 minuten\" \/>\n<script type=\"application\/ld+json\" class=\"yoast-schema-graph\">{\"@context\":\"https:\\\/\\\/schema.org\",\"@graph\":[{\"@type\":\"WebPage\",\"@id\":\"https:\\\/\\\/scalp-sas.com\\\/nos-produits\\\/batinet-m-3100\\\/\",\"url\":\"https:\\\/\\\/scalp-sas.com\\\/nos-produits\\\/batinet-m-3100\\\/\",\"name\":\"SCALP SAS - BATI\u2019NET M 3100\",\"isPartOf\":{\"@id\":\"https:\\\/\\\/scalp-sas.com\\\/#website\"},\"primaryImageOfPage\":{\"@id\":\"https:\\\/\\\/scalp-sas.com\\\/nos-produits\\\/batinet-m-3100\\\/#primaryimage\"},\"image\":{\"@id\":\"https:\\\/\\\/scalp-sas.com\\\/nos-produits\\\/batinet-m-3100\\\/#primaryimage\"},\"thumbnailUrl\":\"https:\\\/\\\/scalp-sas.com\\\/wp-content\\\/uploads\\\/2025\\\/09\\\/batinet-m-3100.png\",\"datePublished\":\"2025-09-22T13:43:11+00:00\",\"dateModified\":\"2025-09-22T13:50:09+00:00\",\"description\":\"BATI\u2019NET M 3100 est un traitement algicide concentr\u00e9 multifonction qui combine trois actions en un seul produit : biocide, hydrofuge et nettoyant. Sp\u00e9cialement formul\u00e9 pour les surfaces ext\u00e9rieures (toitures, fa\u00e7ades, murs, sols), il agit efficacement contre les algues, lichens et micro-organismes.\",\"breadcrumb\":{\"@id\":\"https:\\\/\\\/scalp-sas.com\\\/nos-produits\\\/batinet-m-3100\\\/#breadcrumb\"},\"inLanguage\":\"nl-NL\",\"potentialAction\":[{\"@type\":\"ReadAction\",\"target\":[\"https:\\\/\\\/scalp-sas.com\\\/nos-produits\\\/batinet-m-3100\\\/\"]}]},{\"@type\":\"ImageObject\",\"inLanguage\":\"nl-NL\",\"@id\":\"https:\\\/\\\/scalp-sas.com\\\/nos-produits\\\/batinet-m-3100\\\/#primaryimage\",\"url\":\"https:\\\/\\\/scalp-sas.com\\\/wp-content\\\/uploads\\\/2025\\\/09\\\/batinet-m-3100.png\",\"contentUrl\":\"https:\\\/\\\/scalp-sas.com\\\/wp-content\\\/uploads\\\/2025\\\/09\\\/batinet-m-3100.png\",\"width\":1000,\"height\":1000},{\"@type\":\"BreadcrumbList\",\"@id\":\"https:\\\/\\\/scalp-sas.com\\\/nos-produits\\\/batinet-m-3100\\\/#breadcrumb\",\"itemListElement\":[{\"@type\":\"ListItem\",\"position\":1,\"name\":\"Nos produits\",\"item\":\"https:\\\/\\\/scalp-sas.com\\\/es\\\/nuestros-productos\\\/\"},{\"@type\":\"ListItem\",\"position\":2,\"name\":\"Nos produits\",\"item\":\"https:\\\/\\\/scalp-sas.com\\\/categorie-produit\\\/nos-produits\\\/\"},{\"@type\":\"ListItem\",\"position\":3,\"name\":\"B\u00e2timent\",\"item\":\"https:\\\/\\\/scalp-sas.com\\\/categorie-produit\\\/nos-produits\\\/batiment\\\/\"},{\"@type\":\"ListItem\",\"position\":4,\"name\":\"BATI\u2019NET M 3100\"}]},{\"@type\":\"WebSite\",\"@id\":\"https:\\\/\\\/scalp-sas.com\\\/#website\",\"url\":\"https:\\\/\\\/scalp-sas.com\\\/\",\"name\":\"SCALP SAS\",\"description\":\"Sp\u00e9cialiste des solutions de d\u00e9capage, nettoyage, entretien et de protection depuis plus de 70 ans\",\"publisher\":{\"@id\":\"https:\\\/\\\/scalp-sas.com\\\/#organization\"},\"potentialAction\":[{\"@type\":\"SearchAction\",\"target\":{\"@type\":\"EntryPoint\",\"urlTemplate\":\"https:\\\/\\\/scalp-sas.com\\\/?s={search_term_string}\"},\"query-input\":{\"@type\":\"PropertyValueSpecification\",\"valueRequired\":true,\"valueName\":\"search_term_string\"}}],\"inLanguage\":\"nl-NL\"},{\"@type\":\"Organization\",\"@id\":\"https:\\\/\\\/scalp-sas.com\\\/#organization\",\"name\":\"SCALP SAS\",\"url\":\"https:\\\/\\\/scalp-sas.com\\\/\",\"logo\":{\"@type\":\"ImageObject\",\"inLanguage\":\"nl-NL\",\"@id\":\"https:\\\/\\\/scalp-sas.com\\\/#\\\/schema\\\/logo\\\/image\\\/\",\"url\":\"https:\\\/\\\/scalp-sas.com\\\/wp-content\\\/uploads\\\/2021\\\/06\\\/logo-scalp-noir.svg\",\"contentUrl\":\"https:\\\/\\\/scalp-sas.com\\\/wp-content\\\/uploads\\\/2021\\\/06\\\/logo-scalp-noir.svg\",\"width\":526.433,\"height\":274.69,\"caption\":\"SCALP SAS\"},\"image\":{\"@id\":\"https:\\\/\\\/scalp-sas.com\\\/#\\\/schema\\\/logo\\\/image\\\/\"},\"sameAs\":[\"https:\\\/\\\/www.linkedin.com\\\/company\\\/scalp-sas\\\/\",\"https:\\\/\\\/www.instagram.com\\\/scalp_sas\\\/\"]}]}<\/script>\n<!-- \/ Yoast SEO plugin. -->","yoast_head_json":{"title":"SCALP SAS - BATI\u2019NET M 3100","description":"BATI\u2019NET M 3100 est un traitement algicide concentr\u00e9 multifonction qui combine trois actions en un seul produit : biocide, hydrofuge et nettoyant. Sp\u00e9cialement formul\u00e9 pour les surfaces ext\u00e9rieures (toitures, fa\u00e7ades, murs, sols), il agit efficacement contre les algues, lichens et micro-organismes.","robots":{"index":"index","follow":"follow","max-snippet":"max-snippet:-1","max-image-preview":"max-image-preview:large","max-video-preview":"max-video-preview:-1"},"canonical":"https:\/\/scalp-sas.com\/nl\/nos-produits\/batinet-m-3100\/","og_locale":"nl_NL","og_type":"article","og_title":"SCALP SAS - BATI\u2019NET M 3100","og_description":"BATI\u2019NET M 3100 est un traitement algicide concentr\u00e9 multifonction qui combine trois actions en un seul produit : biocide, hydrofuge et nettoyant. Sp\u00e9cialement formul\u00e9 pour les surfaces ext\u00e9rieures (toitures, fa\u00e7ades, murs, sols), il agit efficacement contre les algues, lichens et micro-organismes.","og_url":"https:\/\/scalp-sas.com\/nl\/nos-produits\/batinet-m-3100\/","og_site_name":"SCALP SAS","article_modified_time":"2025-09-22T13:50:09+00:00","og_image":[{"width":1000,"height":1000,"url":"https:\/\/scalp-sas.com\/wp-content\/uploads\/2025\/09\/batinet-m-3100.png","type":"image\/png"}],"twitter_card":"summary_large_image","twitter_misc":{"Verwachte leestijd":"2 minuten"},"schema":{"@context":"https:\/\/schema.org","@graph":[{"@type":"WebPage","@id":"https:\/\/scalp-sas.com\/nos-produits\/batinet-m-3100\/","url":"https:\/\/scalp-sas.com\/nos-produits\/batinet-m-3100\/","name":"SCALP SAS - BATI\u2019NET M 3100","isPartOf":{"@id":"https:\/\/scalp-sas.com\/#website"},"primaryImageOfPage":{"@id":"https:\/\/scalp-sas.com\/nos-produits\/batinet-m-3100\/#primaryimage"},"image":{"@id":"https:\/\/scalp-sas.com\/nos-produits\/batinet-m-3100\/#primaryimage"},"thumbnailUrl":"https:\/\/scalp-sas.com\/wp-content\/uploads\/2025\/09\/batinet-m-3100.png","datePublished":"2025-09-22T13:43:11+00:00","dateModified":"2025-09-22T13:50:09+00:00","description":"BATI\u2019NET M 3100 est un traitement algicide concentr\u00e9 multifonction qui combine trois actions en un seul produit : biocide, hydrofuge et nettoyant. Sp\u00e9cialement formul\u00e9 pour les surfaces ext\u00e9rieures (toitures, fa\u00e7ades, murs, sols), il agit efficacement contre les algues, lichens et micro-organismes.","breadcrumb":{"@id":"https:\/\/scalp-sas.com\/nos-produits\/batinet-m-3100\/#breadcrumb"},"inLanguage":"nl-NL","potentialAction":[{"@type":"ReadAction","target":["https:\/\/scalp-sas.com\/nos-produits\/batinet-m-3100\/"]}]},{"@type":"ImageObject","inLanguage":"nl-NL","@id":"https:\/\/scalp-sas.com\/nos-produits\/batinet-m-3100\/#primaryimage","url":"https:\/\/scalp-sas.com\/wp-content\/uploads\/2025\/09\/batinet-m-3100.png","contentUrl":"https:\/\/scalp-sas.com\/wp-content\/uploads\/2025\/09\/batinet-m-3100.png","width":1000,"height":1000},{"@type":"BreadcrumbList","@id":"https:\/\/scalp-sas.com\/nos-produits\/batinet-m-3100\/#breadcrumb","itemListElement":[{"@type":"ListItem","position":1,"name":"Nos produits","item":"https:\/\/scalp-sas.com\/es\/nuestros-productos\/"},{"@type":"ListItem","position":2,"name":"Nos produits","item":"https:\/\/scalp-sas.com\/categorie-produit\/nos-produits\/"},{"@type":"ListItem","position":3,"name":"B\u00e2timent","item":"https:\/\/scalp-sas.com\/categorie-produit\/nos-produits\/batiment\/"},{"@type":"ListItem","position":4,"name":"BATI\u2019NET M 3100"}]},{"@type":"WebSite","@id":"https:\/\/scalp-sas.com\/#website","url":"https:\/\/scalp-sas.com\/","name":"SCALP SAS","description":"Sp\u00e9cialiste des solutions de d\u00e9capage, nettoyage, entretien et de protection depuis plus de 70 ans","publisher":{"@id":"https:\/\/scalp-sas.com\/#organization"},"potentialAction":[{"@type":"SearchAction","target":{"@type":"EntryPoint","urlTemplate":"https:\/\/scalp-sas.com\/?s={search_term_string}"},"query-input":{"@type":"PropertyValueSpecification","valueRequired":true,"valueName":"search_term_string"}}],"inLanguage":"nl-NL"},{"@type":"Organization","@id":"https:\/\/scalp-sas.com\/#organization","name":"SCALP SAS","url":"https:\/\/scalp-sas.com\/","logo":{"@type":"ImageObject","inLanguage":"nl-NL","@id":"https:\/\/scalp-sas.com\/#\/schema\/logo\/image\/","url":"https:\/\/scalp-sas.com\/wp-content\/uploads\/2021\/06\/logo-scalp-noir.svg","contentUrl":"https:\/\/scalp-sas.com\/wp-content\/uploads\/2021\/06\/logo-scalp-noir.svg","width":526.433,"height":274.69,"caption":"SCALP SAS"},"image":{"@id":"https:\/\/scalp-sas.com\/#\/schema\/logo\/image\/"},"sameAs":["https:\/\/www.linkedin.com\/company\/scalp-sas\/","https:\/\/www.instagram.com\/scalp_sas\/"]}]}},"_links":{"self":[{"href":"https:\/\/scalp-sas.com\/nl\/wp-json\/wp\/v2\/product\/198077","targetHints":{"allow":["GET"]}}],"collection":[{"href":"https:\/\/scalp-sas.com\/nl\/wp-json\/wp\/v2\/product"}],"about":[{"href":"https:\/\/scalp-sas.com\/nl\/wp-json\/wp\/v2\/types\/product"}],"replies":[{"embeddable":true,"href":"https:\/\/scalp-sas.com\/nl\/wp-json\/wp\/v2\/comments?post=198077"}],"wp:featuredmedia":[{"embeddable":true,"href":"https:\/\/scalp-sas.com\/nl\/wp-json\/wp\/v2\/media\/198075"}],"wp:attachment":[{"href":"https:\/\/scalp-sas.com\/nl\/wp-json\/wp\/v2\/media?parent=198077"}],"wp:term":[{"taxonomy":"product_brand","embeddable":true,"href":"https:\/\/scalp-sas.com\/nl\/wp-json\/wp\/v2\/product_brand?post=198077"},{"taxonomy":"product_cat","embeddable":true,"href":"https:\/\/scalp-sas.com\/nl\/wp-json\/wp\/v2\/product_cat?post=198077"},{"taxonomy":"product_tag","embeddable":true,"href":"https:\/\/scalp-sas.com\/nl\/wp-json\/wp\/v2\/product_tag?post=198077"}],"curies":[{"name":"wp","href":"https:\/\/api.w.org\/{rel}","templated":true}]}}