{"id":198044,"date":"2025-09-22T13:17:18","date_gmt":"2025-09-22T13:17:18","guid":{"rendered":"https:\/\/scalp-sas.com\/?post_type=product&#038;p=198044"},"modified":"2025-09-22T13:30:58","modified_gmt":"2025-09-22T13:30:58","slug":"algicide-biocide-scalp-accelerator-m","status":"publish","type":"product","link":"https:\/\/scalp-sas.com\/nl\/nos-produits\/algicide-biocide-scalp-accelerator-m\/","title":{"rendered":"SCALP ACCELERATOR-M"},"content":{"rendered":"<p data-start=\"42\" data-end=\"347\"><strong data-start=\"42\" data-end=\"65\">SCALP ACCELERATOR-M<\/strong> est un additif con\u00e7u pour renforcer l\u2019efficacit\u00e9 des traitements algicides et biocides. Enrichi en d\u00e9tergents, il optimise la p\u00e9n\u00e9tration des principes actifs au c\u0153ur des micro-organismes (algues, lichens, d\u00e9p\u00f4ts verts) pour une action plus rapide, plus puissante et plus cibl\u00e9e.<\/p>\n<p data-start=\"349\" data-end=\"711\">Associ\u00e9 aux produits de traitement <strong data-start=\"384\" data-end=\"400\">SCALP ANTI-M<\/strong> en <strong data-start=\"404\" data-end=\"425\">SCALP ANTI-M 3100<\/strong>, <strong data-start=\"427\" data-end=\"450\">SCALP ACCELERATOR-M<\/strong> \u00e9largit le spectre d\u2019efficacit\u00e9 en agissant \u00e9galement sur les salissures grasses, la suie, les d\u00e9p\u00f4ts noirs et les r\u00e9sidus de pollution atmosph\u00e9rique. Il offre des r\u00e9sultats visibles en moins de temps, tout en am\u00e9liorant la performance globale du traitement.<\/p>","protected":false},"excerpt":{"rendered":"<p data-start=\"42\" data-end=\"347\"><strong data-start=\"42\" data-end=\"65\">SCALP ACCELERATOR-M<\/strong> est un additif con\u00e7u pour renforcer l\u2019efficacit\u00e9 des traitements algicides et biocides. Enrichi en d\u00e9tergents, il optimise la p\u00e9n\u00e9tration des principes actifs au c\u0153ur des micro-organismes (algues, lichens, d\u00e9p\u00f4ts verts) pour une action plus rapide, plus puissante et plus cibl\u00e9e.<\/p>\n<p data-start=\"349\" data-end=\"711\">Associ\u00e9 aux produits de traitement <strong data-start=\"384\" data-end=\"400\">SCALP ANTI-M<\/strong> en <strong data-start=\"404\" data-end=\"425\">SCALP ANTI-M 3100<\/strong>, <strong data-start=\"427\" data-end=\"450\">SCALP ACCELERATOR-M<\/strong> \u00e9largit le spectre d\u2019efficacit\u00e9 en agissant \u00e9galement sur les salissures grasses, la suie, les d\u00e9p\u00f4ts noirs et les r\u00e9sidus de pollution atmosph\u00e9rique. Il offre des r\u00e9sultats visibles en moins de temps, tout en am\u00e9liorant la performance globale du traitement.<\/p>","protected":false},"featured_media":198062,"comment_status":"open","ping_status":"closed","template":"","meta":{"_acf_changed":false},"product_brand":[],"product_cat":[72,23,112],"product_tag":[65],"class_list":{"0":"post-198044","1":"product","2":"type-product","3":"status-publish","4":"has-post-thumbnail","6":"product_cat-algicides-biocides","7":"product_cat-batiment","8":"product_cat-nos-produits","9":"product_tag-biocides-et-algicides","11":"first","12":"instock","13":"shipping-taxable","14":"product-type-simple"},"acf":[],"yoast_head":"<!-- This site is optimized with the Yoast SEO plugin v27.3 - https:\/\/yoast.com\/product\/yoast-seo-wordpress\/ -->\n<title>SCALP SAS - SCALP ACCELERATOR-M<\/title>\n<meta name=\"description\" content=\"SCALP ACCELERATOR-M est un additif con\u00e7u pour renforcer l\u2019efficacit\u00e9 des traitements algicides et biocides. Enrichi en d\u00e9tergents, il optimise la p\u00e9n\u00e9tration des principes actifs au c\u0153ur des micro-organismes (algues, lichens, d\u00e9p\u00f4ts verts) pour une action plus rapide, plus puissante et plus cibl\u00e9e.\" \/>\n<meta name=\"robots\" content=\"index, follow, max-snippet:-1, max-image-preview:large, max-video-preview:-1\" \/>\n<link rel=\"canonical\" href=\"https:\/\/scalp-sas.com\/nl\/nos-produits\/algicide-biocide-scalp-accelerator-m\/\" \/>\n<meta property=\"og:locale\" content=\"nl_NL\" \/>\n<meta property=\"og:type\" content=\"article\" \/>\n<meta property=\"og:title\" content=\"SCALP SAS - SCALP ACCELERATOR-M\" \/>\n<meta property=\"og:description\" content=\"SCALP ACCELERATOR-M est un additif con\u00e7u pour renforcer l\u2019efficacit\u00e9 des traitements algicides et biocides. Enrichi en d\u00e9tergents, il optimise la p\u00e9n\u00e9tration des principes actifs au c\u0153ur des micro-organismes (algues, lichens, d\u00e9p\u00f4ts verts) pour une action plus rapide, plus puissante et plus cibl\u00e9e.\" \/>\n<meta property=\"og:url\" content=\"https:\/\/scalp-sas.com\/nl\/nos-produits\/algicide-biocide-scalp-accelerator-m\/\" \/>\n<meta property=\"og:site_name\" content=\"SCALP SAS\" \/>\n<meta property=\"article:modified_time\" content=\"2025-09-22T13:30:58+00:00\" \/>\n<meta property=\"og:image\" content=\"https:\/\/scalp-sas.com\/wp-content\/uploads\/2025\/09\/accelerator-m.png\" \/>\n\t<meta property=\"og:image:width\" content=\"1000\" \/>\n\t<meta property=\"og:image:height\" content=\"1000\" \/>\n\t<meta property=\"og:image:type\" content=\"image\/png\" \/>\n<meta name=\"twitter:card\" content=\"summary_large_image\" \/>\n<meta name=\"twitter:label1\" content=\"Verwachte leestijd\" \/>\n\t<meta name=\"twitter:data1\" content=\"2 minuten\" \/>\n<script type=\"application\/ld+json\" class=\"yoast-schema-graph\">{\"@context\":\"https:\\\/\\\/schema.org\",\"@graph\":[{\"@type\":\"WebPage\",\"@id\":\"https:\\\/\\\/scalp-sas.com\\\/nos-produits\\\/algicide-biocide-scalp-accelerator-m\\\/\",\"url\":\"https:\\\/\\\/scalp-sas.com\\\/nos-produits\\\/algicide-biocide-scalp-accelerator-m\\\/\",\"name\":\"SCALP SAS - SCALP ACCELERATOR-M\",\"isPartOf\":{\"@id\":\"https:\\\/\\\/scalp-sas.com\\\/#website\"},\"primaryImageOfPage\":{\"@id\":\"https:\\\/\\\/scalp-sas.com\\\/nos-produits\\\/algicide-biocide-scalp-accelerator-m\\\/#primaryimage\"},\"image\":{\"@id\":\"https:\\\/\\\/scalp-sas.com\\\/nos-produits\\\/algicide-biocide-scalp-accelerator-m\\\/#primaryimage\"},\"thumbnailUrl\":\"https:\\\/\\\/scalp-sas.com\\\/wp-content\\\/uploads\\\/2025\\\/09\\\/accelerator-m.png\",\"datePublished\":\"2025-09-22T13:17:18+00:00\",\"dateModified\":\"2025-09-22T13:30:58+00:00\",\"description\":\"SCALP ACCELERATOR-M est un additif con\u00e7u pour renforcer l\u2019efficacit\u00e9 des traitements algicides et biocides. Enrichi en d\u00e9tergents, il optimise la p\u00e9n\u00e9tration des principes actifs au c\u0153ur des micro-organismes (algues, lichens, d\u00e9p\u00f4ts verts) pour une action plus rapide, plus puissante et plus cibl\u00e9e.\",\"breadcrumb\":{\"@id\":\"https:\\\/\\\/scalp-sas.com\\\/nos-produits\\\/algicide-biocide-scalp-accelerator-m\\\/#breadcrumb\"},\"inLanguage\":\"nl-NL\",\"potentialAction\":[{\"@type\":\"ReadAction\",\"target\":[\"https:\\\/\\\/scalp-sas.com\\\/nos-produits\\\/algicide-biocide-scalp-accelerator-m\\\/\"]}]},{\"@type\":\"ImageObject\",\"inLanguage\":\"nl-NL\",\"@id\":\"https:\\\/\\\/scalp-sas.com\\\/nos-produits\\\/algicide-biocide-scalp-accelerator-m\\\/#primaryimage\",\"url\":\"https:\\\/\\\/scalp-sas.com\\\/wp-content\\\/uploads\\\/2025\\\/09\\\/accelerator-m.png\",\"contentUrl\":\"https:\\\/\\\/scalp-sas.com\\\/wp-content\\\/uploads\\\/2025\\\/09\\\/accelerator-m.png\",\"width\":1000,\"height\":1000},{\"@type\":\"BreadcrumbList\",\"@id\":\"https:\\\/\\\/scalp-sas.com\\\/nos-produits\\\/algicide-biocide-scalp-accelerator-m\\\/#breadcrumb\",\"itemListElement\":[{\"@type\":\"ListItem\",\"position\":1,\"name\":\"Nos produits\",\"item\":\"https:\\\/\\\/scalp-sas.com\\\/es\\\/nuestros-productos\\\/\"},{\"@type\":\"ListItem\",\"position\":2,\"name\":\"Nos produits\",\"item\":\"https:\\\/\\\/scalp-sas.com\\\/categorie-produit\\\/nos-produits\\\/\"},{\"@type\":\"ListItem\",\"position\":3,\"name\":\"B\u00e2timent\",\"item\":\"https:\\\/\\\/scalp-sas.com\\\/categorie-produit\\\/nos-produits\\\/batiment\\\/\"},{\"@type\":\"ListItem\",\"position\":4,\"name\":\"SCALP ACCELERATOR-M\"}]},{\"@type\":\"WebSite\",\"@id\":\"https:\\\/\\\/scalp-sas.com\\\/#website\",\"url\":\"https:\\\/\\\/scalp-sas.com\\\/\",\"name\":\"SCALP SAS\",\"description\":\"Sp\u00e9cialiste des solutions de d\u00e9capage, nettoyage, entretien et de protection depuis plus de 70 ans\",\"publisher\":{\"@id\":\"https:\\\/\\\/scalp-sas.com\\\/#organization\"},\"potentialAction\":[{\"@type\":\"SearchAction\",\"target\":{\"@type\":\"EntryPoint\",\"urlTemplate\":\"https:\\\/\\\/scalp-sas.com\\\/?s={search_term_string}\"},\"query-input\":{\"@type\":\"PropertyValueSpecification\",\"valueRequired\":true,\"valueName\":\"search_term_string\"}}],\"inLanguage\":\"nl-NL\"},{\"@type\":\"Organization\",\"@id\":\"https:\\\/\\\/scalp-sas.com\\\/#organization\",\"name\":\"SCALP SAS\",\"url\":\"https:\\\/\\\/scalp-sas.com\\\/\",\"logo\":{\"@type\":\"ImageObject\",\"inLanguage\":\"nl-NL\",\"@id\":\"https:\\\/\\\/scalp-sas.com\\\/#\\\/schema\\\/logo\\\/image\\\/\",\"url\":\"https:\\\/\\\/scalp-sas.com\\\/wp-content\\\/uploads\\\/2021\\\/06\\\/logo-scalp-noir.svg\",\"contentUrl\":\"https:\\\/\\\/scalp-sas.com\\\/wp-content\\\/uploads\\\/2021\\\/06\\\/logo-scalp-noir.svg\",\"width\":526.433,\"height\":274.69,\"caption\":\"SCALP SAS\"},\"image\":{\"@id\":\"https:\\\/\\\/scalp-sas.com\\\/#\\\/schema\\\/logo\\\/image\\\/\"},\"sameAs\":[\"https:\\\/\\\/www.linkedin.com\\\/company\\\/scalp-sas\\\/\",\"https:\\\/\\\/www.instagram.com\\\/scalp_sas\\\/\"]}]}<\/script>\n<!-- \/ Yoast SEO plugin. -->","yoast_head_json":{"title":"SCALP SAS - SCALP ACCELERATOR-M","description":"SCALP ACCELERATOR-M est un additif con\u00e7u pour renforcer l\u2019efficacit\u00e9 des traitements algicides et biocides. Enrichi en d\u00e9tergents, il optimise la p\u00e9n\u00e9tration des principes actifs au c\u0153ur des micro-organismes (algues, lichens, d\u00e9p\u00f4ts verts) pour une action plus rapide, plus puissante et plus cibl\u00e9e.","robots":{"index":"index","follow":"follow","max-snippet":"max-snippet:-1","max-image-preview":"max-image-preview:large","max-video-preview":"max-video-preview:-1"},"canonical":"https:\/\/scalp-sas.com\/nl\/nos-produits\/algicide-biocide-scalp-accelerator-m\/","og_locale":"nl_NL","og_type":"article","og_title":"SCALP SAS - SCALP ACCELERATOR-M","og_description":"SCALP ACCELERATOR-M est un additif con\u00e7u pour renforcer l\u2019efficacit\u00e9 des traitements algicides et biocides. Enrichi en d\u00e9tergents, il optimise la p\u00e9n\u00e9tration des principes actifs au c\u0153ur des micro-organismes (algues, lichens, d\u00e9p\u00f4ts verts) pour une action plus rapide, plus puissante et plus cibl\u00e9e.","og_url":"https:\/\/scalp-sas.com\/nl\/nos-produits\/algicide-biocide-scalp-accelerator-m\/","og_site_name":"SCALP SAS","article_modified_time":"2025-09-22T13:30:58+00:00","og_image":[{"width":1000,"height":1000,"url":"https:\/\/scalp-sas.com\/wp-content\/uploads\/2025\/09\/accelerator-m.png","type":"image\/png"}],"twitter_card":"summary_large_image","twitter_misc":{"Verwachte leestijd":"2 minuten"},"schema":{"@context":"https:\/\/schema.org","@graph":[{"@type":"WebPage","@id":"https:\/\/scalp-sas.com\/nos-produits\/algicide-biocide-scalp-accelerator-m\/","url":"https:\/\/scalp-sas.com\/nos-produits\/algicide-biocide-scalp-accelerator-m\/","name":"SCALP SAS - SCALP ACCELERATOR-M","isPartOf":{"@id":"https:\/\/scalp-sas.com\/#website"},"primaryImageOfPage":{"@id":"https:\/\/scalp-sas.com\/nos-produits\/algicide-biocide-scalp-accelerator-m\/#primaryimage"},"image":{"@id":"https:\/\/scalp-sas.com\/nos-produits\/algicide-biocide-scalp-accelerator-m\/#primaryimage"},"thumbnailUrl":"https:\/\/scalp-sas.com\/wp-content\/uploads\/2025\/09\/accelerator-m.png","datePublished":"2025-09-22T13:17:18+00:00","dateModified":"2025-09-22T13:30:58+00:00","description":"SCALP ACCELERATOR-M est un additif con\u00e7u pour renforcer l\u2019efficacit\u00e9 des traitements algicides et biocides. Enrichi en d\u00e9tergents, il optimise la p\u00e9n\u00e9tration des principes actifs au c\u0153ur des micro-organismes (algues, lichens, d\u00e9p\u00f4ts verts) pour une action plus rapide, plus puissante et plus cibl\u00e9e.","breadcrumb":{"@id":"https:\/\/scalp-sas.com\/nos-produits\/algicide-biocide-scalp-accelerator-m\/#breadcrumb"},"inLanguage":"nl-NL","potentialAction":[{"@type":"ReadAction","target":["https:\/\/scalp-sas.com\/nos-produits\/algicide-biocide-scalp-accelerator-m\/"]}]},{"@type":"ImageObject","inLanguage":"nl-NL","@id":"https:\/\/scalp-sas.com\/nos-produits\/algicide-biocide-scalp-accelerator-m\/#primaryimage","url":"https:\/\/scalp-sas.com\/wp-content\/uploads\/2025\/09\/accelerator-m.png","contentUrl":"https:\/\/scalp-sas.com\/wp-content\/uploads\/2025\/09\/accelerator-m.png","width":1000,"height":1000},{"@type":"BreadcrumbList","@id":"https:\/\/scalp-sas.com\/nos-produits\/algicide-biocide-scalp-accelerator-m\/#breadcrumb","itemListElement":[{"@type":"ListItem","position":1,"name":"Nos produits","item":"https:\/\/scalp-sas.com\/es\/nuestros-productos\/"},{"@type":"ListItem","position":2,"name":"Nos produits","item":"https:\/\/scalp-sas.com\/categorie-produit\/nos-produits\/"},{"@type":"ListItem","position":3,"name":"B\u00e2timent","item":"https:\/\/scalp-sas.com\/categorie-produit\/nos-produits\/batiment\/"},{"@type":"ListItem","position":4,"name":"SCALP ACCELERATOR-M"}]},{"@type":"WebSite","@id":"https:\/\/scalp-sas.com\/#website","url":"https:\/\/scalp-sas.com\/","name":"SCALP SAS","description":"Sp\u00e9cialiste des solutions de d\u00e9capage, nettoyage, entretien et de protection depuis plus de 70 ans","publisher":{"@id":"https:\/\/scalp-sas.com\/#organization"},"potentialAction":[{"@type":"SearchAction","target":{"@type":"EntryPoint","urlTemplate":"https:\/\/scalp-sas.com\/?s={search_term_string}"},"query-input":{"@type":"PropertyValueSpecification","valueRequired":true,"valueName":"search_term_string"}}],"inLanguage":"nl-NL"},{"@type":"Organization","@id":"https:\/\/scalp-sas.com\/#organization","name":"SCALP SAS","url":"https:\/\/scalp-sas.com\/","logo":{"@type":"ImageObject","inLanguage":"nl-NL","@id":"https:\/\/scalp-sas.com\/#\/schema\/logo\/image\/","url":"https:\/\/scalp-sas.com\/wp-content\/uploads\/2021\/06\/logo-scalp-noir.svg","contentUrl":"https:\/\/scalp-sas.com\/wp-content\/uploads\/2021\/06\/logo-scalp-noir.svg","width":526.433,"height":274.69,"caption":"SCALP SAS"},"image":{"@id":"https:\/\/scalp-sas.com\/#\/schema\/logo\/image\/"},"sameAs":["https:\/\/www.linkedin.com\/company\/scalp-sas\/","https:\/\/www.instagram.com\/scalp_sas\/"]}]}},"_links":{"self":[{"href":"https:\/\/scalp-sas.com\/nl\/wp-json\/wp\/v2\/product\/198044","targetHints":{"allow":["GET"]}}],"collection":[{"href":"https:\/\/scalp-sas.com\/nl\/wp-json\/wp\/v2\/product"}],"about":[{"href":"https:\/\/scalp-sas.com\/nl\/wp-json\/wp\/v2\/types\/product"}],"replies":[{"embeddable":true,"href":"https:\/\/scalp-sas.com\/nl\/wp-json\/wp\/v2\/comments?post=198044"}],"wp:featuredmedia":[{"embeddable":true,"href":"https:\/\/scalp-sas.com\/nl\/wp-json\/wp\/v2\/media\/198062"}],"wp:attachment":[{"href":"https:\/\/scalp-sas.com\/nl\/wp-json\/wp\/v2\/media?parent=198044"}],"wp:term":[{"taxonomy":"product_brand","embeddable":true,"href":"https:\/\/scalp-sas.com\/nl\/wp-json\/wp\/v2\/product_brand?post=198044"},{"taxonomy":"product_cat","embeddable":true,"href":"https:\/\/scalp-sas.com\/nl\/wp-json\/wp\/v2\/product_cat?post=198044"},{"taxonomy":"product_tag","embeddable":true,"href":"https:\/\/scalp-sas.com\/nl\/wp-json\/wp\/v2\/product_tag?post=198044"}],"curies":[{"name":"wp","href":"https:\/\/api.w.org\/{rel}","templated":true}]}}