{"id":4768,"date":"2021-11-08T15:25:40","date_gmt":"2021-11-08T15:25:40","guid":{"rendered":"https:\/\/scalp-sas.com\/?post_type=product&#038;p=4768"},"modified":"2025-06-24T14:29:59","modified_gmt":"2025-06-24T14:29:59","slug":"decapant-additive-decapage-bain-scalpik-l-12-s","status":"publish","type":"product","link":"https:\/\/scalp-sas.com\/es\/nos-produits\/decapante-base-aditivos-decapado-bano-scalpik-l-12-s\/","title":{"rendered":"SCALPIK\u00ae L 12 S"},"content":{"rendered":"<p class=\"p2\">D\u00e9capant additiv\u00e9 pour d\u00e9capage en bain\u00a0con\u00e7u pour le d\u00e9capage des peintures et les vernis les plus rencontr\u00e9s dans le b\u00e2timent et industries. Il agit par p\u00e9n\u00e9tration des diff\u00e9rentes couches de peinture et fait d\u00e9coller les couches de peinture du support. Le produit ne se sature pas. Il suffit de r\u00e9cup\u00e9rer les d\u00e9chets de peinture se trouvant au fond de la cuve et d&rsquo;ajuster le niveau.<\/p>\n<p class=\"p2\">Verser le SCALPIK L 12 S, d\u00e9capant additiv\u00e9 pour d\u00e9capage en bain, dans la cuve de d\u00e9capage. Tremper les pi\u00e8ces \u00e0 d\u00e9caper \u00e0 l&rsquo;aide du mat\u00e9riel ad\u00e9quat. Laisser le temps n\u00e9cessaire pour le d\u00e9capage des couches de peinture. Ressortir les pi\u00e8ces de bain et les nettoyer \u00e0 la haute pression. Pour avoir un niveau constant de produit dans le bain, il suffira d&rsquo;ajouter le produit neuf pour ajuster le niveau.<\/p>\n<p class=\"p2\">Stocker le produit en local hors gel \u00e0 l\u2019abri des intemp\u00e9ries, des sources incandescentes et des rayons directs du soleil. Si le produit n\u2019est pas utilis\u00e9 dans les 12 mois \u00e0 partir de sa date de fabrication mais que les conditions de stockage ont \u00e9t\u00e9 respect\u00e9es alors la date de p\u00e9remption est prolong\u00e9e d\u2019un an. Prohiber tout contact avec la peau ou les muqueuses. Manipuler en \u00e9vitant les projections. Consulter la fiche de donn\u00e9es de s\u00e9curit\u00e9 disponible sur demande<\/p>","protected":false},"excerpt":{"rendered":"<p>SCALPIK L 12 S es un decapante l\u00edquido a base de aditivos para el decapado en ba\u00f1o fr\u00edo de las pinturas y barnices m\u00e1s habituales en la industria y la construcci\u00f3n. Act\u00faa penetrando en las diferentes capas de pintura y permite despegarlas del soporte tratado.<\/p>\n<p>El producto no se satura. Basta con recuperar los restos de pintura que se encuentran en el fondo del tanque y ajustar el nivel.<\/p>","protected":false},"featured_media":6457,"comment_status":"open","ping_status":"closed","template":"","meta":{"_acf_changed":false},"product_brand":[],"product_cat":[76,33,112],"product_tag":[103],"class_list":{"0":"post-4768","1":"product","2":"type-product","3":"status-publish","4":"has-post-thumbnail","6":"product_cat-decapage-a-froid","7":"product_cat-industrie","8":"product_cat-nos-produits","9":"product_tag-decapage-a-froid","11":"first","12":"instock","13":"shipping-taxable","14":"product-type-simple"},"acf":[],"yoast_head":"<!-- This site is optimized with the Yoast SEO plugin v27.3 - https:\/\/yoast.com\/product\/yoast-seo-wordpress\/ -->\n<title>D\u00e9capant additiv\u00e9 pour d\u00e9capage en bain - SCALPIK\u00ae L 12 S<\/title>\n<meta name=\"description\" content=\"D\u00e9capant additiv\u00e9 pour d\u00e9capage en bain, SCALPIK L 12S agit par p\u00e9n\u00e9tration des diff\u00e9rentes couches de peinture et fait d\u00e9coller les couches.\" \/>\n<meta name=\"robots\" content=\"index, follow, max-snippet:-1, max-image-preview:large, max-video-preview:-1\" \/>\n<link rel=\"canonical\" href=\"https:\/\/scalp-sas.com\/es\/nos-produits\/decapante-base-aditivos-decapado-bano-scalpik-l-12-s\/\" \/>\n<meta property=\"og:locale\" content=\"es_ES\" \/>\n<meta property=\"og:type\" content=\"article\" \/>\n<meta property=\"og:title\" content=\"D\u00e9capant additiv\u00e9 pour d\u00e9capage en bain - SCALPIK\u00ae L 12 S\" \/>\n<meta property=\"og:description\" content=\"D\u00e9capant additiv\u00e9 pour d\u00e9capage en bain, SCALPIK L 12S agit par p\u00e9n\u00e9tration des diff\u00e9rentes couches de peinture et fait d\u00e9coller les couches.\" \/>\n<meta property=\"og:url\" content=\"https:\/\/scalp-sas.com\/es\/nos-produits\/decapante-base-aditivos-decapado-bano-scalpik-l-12-s\/\" \/>\n<meta property=\"og:site_name\" content=\"SCALP SAS\" \/>\n<meta property=\"article:modified_time\" content=\"2025-06-24T14:29:59+00:00\" \/>\n<meta property=\"og:image\" content=\"https:\/\/scalp-sas.com\/wp-content\/uploads\/2021\/11\/scalpik-L-12-S.png\" \/>\n\t<meta property=\"og:image:width\" content=\"448\" \/>\n\t<meta property=\"og:image:height\" content=\"448\" \/>\n\t<meta property=\"og:image:type\" content=\"image\/png\" \/>\n<meta name=\"twitter:card\" content=\"summary_large_image\" \/>\n<meta name=\"twitter:label1\" content=\"Tiempo de lectura\" \/>\n\t<meta name=\"twitter:data1\" content=\"1 minuto\" \/>\n<script type=\"application\/ld+json\" class=\"yoast-schema-graph\">{\"@context\":\"https:\\\/\\\/schema.org\",\"@graph\":[{\"@type\":\"WebPage\",\"@id\":\"https:\\\/\\\/scalp-sas.com\\\/nos-produits\\\/decapant-additive-decapage-bain-scalpik-l-12-s\\\/\",\"url\":\"https:\\\/\\\/scalp-sas.com\\\/nos-produits\\\/decapant-additive-decapage-bain-scalpik-l-12-s\\\/\",\"name\":\"D\u00e9capant additiv\u00e9 pour d\u00e9capage en bain - SCALPIK\u00ae L 12 S\",\"isPartOf\":{\"@id\":\"https:\\\/\\\/scalp-sas.com\\\/#website\"},\"primaryImageOfPage\":{\"@id\":\"https:\\\/\\\/scalp-sas.com\\\/nos-produits\\\/decapant-additive-decapage-bain-scalpik-l-12-s\\\/#primaryimage\"},\"image\":{\"@id\":\"https:\\\/\\\/scalp-sas.com\\\/nos-produits\\\/decapant-additive-decapage-bain-scalpik-l-12-s\\\/#primaryimage\"},\"thumbnailUrl\":\"https:\\\/\\\/scalp-sas.com\\\/wp-content\\\/uploads\\\/2021\\\/11\\\/scalpik-L-12-S.png\",\"datePublished\":\"2021-11-08T15:25:40+00:00\",\"dateModified\":\"2025-06-24T14:29:59+00:00\",\"description\":\"D\u00e9capant additiv\u00e9 pour d\u00e9capage en bain, SCALPIK L 12S agit par p\u00e9n\u00e9tration des diff\u00e9rentes couches de peinture et fait d\u00e9coller les couches.\",\"breadcrumb\":{\"@id\":\"https:\\\/\\\/scalp-sas.com\\\/nos-produits\\\/decapant-additive-decapage-bain-scalpik-l-12-s\\\/#breadcrumb\"},\"inLanguage\":\"es\",\"potentialAction\":[{\"@type\":\"ReadAction\",\"target\":[\"https:\\\/\\\/scalp-sas.com\\\/nos-produits\\\/decapant-additive-decapage-bain-scalpik-l-12-s\\\/\"]}]},{\"@type\":\"ImageObject\",\"inLanguage\":\"es\",\"@id\":\"https:\\\/\\\/scalp-sas.com\\\/nos-produits\\\/decapant-additive-decapage-bain-scalpik-l-12-s\\\/#primaryimage\",\"url\":\"https:\\\/\\\/scalp-sas.com\\\/wp-content\\\/uploads\\\/2021\\\/11\\\/scalpik-L-12-S.png\",\"contentUrl\":\"https:\\\/\\\/scalp-sas.com\\\/wp-content\\\/uploads\\\/2021\\\/11\\\/scalpik-L-12-S.png\",\"width\":448,\"height\":448,\"caption\":\"D\u00e9capant additiv\u00e9 pour d\u00e9capage en bain\"},{\"@type\":\"BreadcrumbList\",\"@id\":\"https:\\\/\\\/scalp-sas.com\\\/nos-produits\\\/decapant-additive-decapage-bain-scalpik-l-12-s\\\/#breadcrumb\",\"itemListElement\":[{\"@type\":\"ListItem\",\"position\":1,\"name\":\"Nos produits\",\"item\":\"https:\\\/\\\/scalp-sas.com\\\/es\\\/nuestros-productos\\\/\"},{\"@type\":\"ListItem\",\"position\":2,\"name\":\"Nos produits\",\"item\":\"https:\\\/\\\/scalp-sas.com\\\/categorie-produit\\\/nos-produits\\\/\"},{\"@type\":\"ListItem\",\"position\":3,\"name\":\"industrie\",\"item\":\"https:\\\/\\\/scalp-sas.com\\\/categorie-produit\\\/nos-produits\\\/industrie\\\/\"},{\"@type\":\"ListItem\",\"position\":4,\"name\":\"SCALPIK\u00ae L 12 S\"}]},{\"@type\":\"WebSite\",\"@id\":\"https:\\\/\\\/scalp-sas.com\\\/#website\",\"url\":\"https:\\\/\\\/scalp-sas.com\\\/\",\"name\":\"SCALP SAS\",\"description\":\"Sp\u00e9cialiste des solutions de d\u00e9capage, nettoyage, entretien et de protection depuis plus de 70 ans\",\"publisher\":{\"@id\":\"https:\\\/\\\/scalp-sas.com\\\/#organization\"},\"potentialAction\":[{\"@type\":\"SearchAction\",\"target\":{\"@type\":\"EntryPoint\",\"urlTemplate\":\"https:\\\/\\\/scalp-sas.com\\\/?s={search_term_string}\"},\"query-input\":{\"@type\":\"PropertyValueSpecification\",\"valueRequired\":true,\"valueName\":\"search_term_string\"}}],\"inLanguage\":\"es\"},{\"@type\":\"Organization\",\"@id\":\"https:\\\/\\\/scalp-sas.com\\\/#organization\",\"name\":\"SCALP SAS\",\"url\":\"https:\\\/\\\/scalp-sas.com\\\/\",\"logo\":{\"@type\":\"ImageObject\",\"inLanguage\":\"es\",\"@id\":\"https:\\\/\\\/scalp-sas.com\\\/#\\\/schema\\\/logo\\\/image\\\/\",\"url\":\"https:\\\/\\\/scalp-sas.com\\\/wp-content\\\/uploads\\\/2021\\\/06\\\/logo-scalp-noir.svg\",\"contentUrl\":\"https:\\\/\\\/scalp-sas.com\\\/wp-content\\\/uploads\\\/2021\\\/06\\\/logo-scalp-noir.svg\",\"width\":526.433,\"height\":274.69,\"caption\":\"SCALP SAS\"},\"image\":{\"@id\":\"https:\\\/\\\/scalp-sas.com\\\/#\\\/schema\\\/logo\\\/image\\\/\"},\"sameAs\":[\"https:\\\/\\\/www.linkedin.com\\\/company\\\/scalp-sas\\\/\",\"https:\\\/\\\/www.instagram.com\\\/scalp_sas\\\/\"]}]}<\/script>\n<!-- \/ Yoast SEO plugin. -->","yoast_head_json":{"title":"D\u00e9capant additiv\u00e9 pour d\u00e9capage en bain - SCALPIK\u00ae L 12 S","description":"D\u00e9capant additiv\u00e9 pour d\u00e9capage en bain, SCALPIK L 12S agit par p\u00e9n\u00e9tration des diff\u00e9rentes couches de peinture et fait d\u00e9coller les couches.","robots":{"index":"index","follow":"follow","max-snippet":"max-snippet:-1","max-image-preview":"max-image-preview:large","max-video-preview":"max-video-preview:-1"},"canonical":"https:\/\/scalp-sas.com\/es\/nos-produits\/decapante-base-aditivos-decapado-bano-scalpik-l-12-s\/","og_locale":"es_ES","og_type":"article","og_title":"D\u00e9capant additiv\u00e9 pour d\u00e9capage en bain - SCALPIK\u00ae L 12 S","og_description":"D\u00e9capant additiv\u00e9 pour d\u00e9capage en bain, SCALPIK L 12S agit par p\u00e9n\u00e9tration des diff\u00e9rentes couches de peinture et fait d\u00e9coller les couches.","og_url":"https:\/\/scalp-sas.com\/es\/nos-produits\/decapante-base-aditivos-decapado-bano-scalpik-l-12-s\/","og_site_name":"SCALP SAS","article_modified_time":"2025-06-24T14:29:59+00:00","og_image":[{"width":448,"height":448,"url":"https:\/\/scalp-sas.com\/wp-content\/uploads\/2021\/11\/scalpik-L-12-S.png","type":"image\/png"}],"twitter_card":"summary_large_image","twitter_misc":{"Tiempo de lectura":"1 minuto"},"schema":{"@context":"https:\/\/schema.org","@graph":[{"@type":"WebPage","@id":"https:\/\/scalp-sas.com\/nos-produits\/decapant-additive-decapage-bain-scalpik-l-12-s\/","url":"https:\/\/scalp-sas.com\/nos-produits\/decapant-additive-decapage-bain-scalpik-l-12-s\/","name":"D\u00e9capant additiv\u00e9 pour d\u00e9capage en bain - SCALPIK\u00ae L 12 S","isPartOf":{"@id":"https:\/\/scalp-sas.com\/#website"},"primaryImageOfPage":{"@id":"https:\/\/scalp-sas.com\/nos-produits\/decapant-additive-decapage-bain-scalpik-l-12-s\/#primaryimage"},"image":{"@id":"https:\/\/scalp-sas.com\/nos-produits\/decapant-additive-decapage-bain-scalpik-l-12-s\/#primaryimage"},"thumbnailUrl":"https:\/\/scalp-sas.com\/wp-content\/uploads\/2021\/11\/scalpik-L-12-S.png","datePublished":"2021-11-08T15:25:40+00:00","dateModified":"2025-06-24T14:29:59+00:00","description":"D\u00e9capant additiv\u00e9 pour d\u00e9capage en bain, SCALPIK L 12S agit par p\u00e9n\u00e9tration des diff\u00e9rentes couches de peinture et fait d\u00e9coller les couches.","breadcrumb":{"@id":"https:\/\/scalp-sas.com\/nos-produits\/decapant-additive-decapage-bain-scalpik-l-12-s\/#breadcrumb"},"inLanguage":"es","potentialAction":[{"@type":"ReadAction","target":["https:\/\/scalp-sas.com\/nos-produits\/decapant-additive-decapage-bain-scalpik-l-12-s\/"]}]},{"@type":"ImageObject","inLanguage":"es","@id":"https:\/\/scalp-sas.com\/nos-produits\/decapant-additive-decapage-bain-scalpik-l-12-s\/#primaryimage","url":"https:\/\/scalp-sas.com\/wp-content\/uploads\/2021\/11\/scalpik-L-12-S.png","contentUrl":"https:\/\/scalp-sas.com\/wp-content\/uploads\/2021\/11\/scalpik-L-12-S.png","width":448,"height":448,"caption":"D\u00e9capant additiv\u00e9 pour d\u00e9capage en bain"},{"@type":"BreadcrumbList","@id":"https:\/\/scalp-sas.com\/nos-produits\/decapant-additive-decapage-bain-scalpik-l-12-s\/#breadcrumb","itemListElement":[{"@type":"ListItem","position":1,"name":"Nos produits","item":"https:\/\/scalp-sas.com\/es\/nuestros-productos\/"},{"@type":"ListItem","position":2,"name":"Nos produits","item":"https:\/\/scalp-sas.com\/categorie-produit\/nos-produits\/"},{"@type":"ListItem","position":3,"name":"industrie","item":"https:\/\/scalp-sas.com\/categorie-produit\/nos-produits\/industrie\/"},{"@type":"ListItem","position":4,"name":"SCALPIK\u00ae L 12 S"}]},{"@type":"WebSite","@id":"https:\/\/scalp-sas.com\/#website","url":"https:\/\/scalp-sas.com\/","name":"SCALP SAS","description":"Sp\u00e9cialiste des solutions de d\u00e9capage, nettoyage, entretien et de protection depuis plus de 70 ans","publisher":{"@id":"https:\/\/scalp-sas.com\/#organization"},"potentialAction":[{"@type":"SearchAction","target":{"@type":"EntryPoint","urlTemplate":"https:\/\/scalp-sas.com\/?s={search_term_string}"},"query-input":{"@type":"PropertyValueSpecification","valueRequired":true,"valueName":"search_term_string"}}],"inLanguage":"es"},{"@type":"Organization","@id":"https:\/\/scalp-sas.com\/#organization","name":"SCALP SAS","url":"https:\/\/scalp-sas.com\/","logo":{"@type":"ImageObject","inLanguage":"es","@id":"https:\/\/scalp-sas.com\/#\/schema\/logo\/image\/","url":"https:\/\/scalp-sas.com\/wp-content\/uploads\/2021\/06\/logo-scalp-noir.svg","contentUrl":"https:\/\/scalp-sas.com\/wp-content\/uploads\/2021\/06\/logo-scalp-noir.svg","width":526.433,"height":274.69,"caption":"SCALP SAS"},"image":{"@id":"https:\/\/scalp-sas.com\/#\/schema\/logo\/image\/"},"sameAs":["https:\/\/www.linkedin.com\/company\/scalp-sas\/","https:\/\/www.instagram.com\/scalp_sas\/"]}]}},"_links":{"self":[{"href":"https:\/\/scalp-sas.com\/es\/wp-json\/wp\/v2\/product\/4768","targetHints":{"allow":["GET"]}}],"collection":[{"href":"https:\/\/scalp-sas.com\/es\/wp-json\/wp\/v2\/product"}],"about":[{"href":"https:\/\/scalp-sas.com\/es\/wp-json\/wp\/v2\/types\/product"}],"replies":[{"embeddable":true,"href":"https:\/\/scalp-sas.com\/es\/wp-json\/wp\/v2\/comments?post=4768"}],"wp:featuredmedia":[{"embeddable":true,"href":"https:\/\/scalp-sas.com\/es\/wp-json\/wp\/v2\/media\/6457"}],"wp:attachment":[{"href":"https:\/\/scalp-sas.com\/es\/wp-json\/wp\/v2\/media?parent=4768"}],"wp:term":[{"taxonomy":"product_brand","embeddable":true,"href":"https:\/\/scalp-sas.com\/es\/wp-json\/wp\/v2\/product_brand?post=4768"},{"taxonomy":"product_cat","embeddable":true,"href":"https:\/\/scalp-sas.com\/es\/wp-json\/wp\/v2\/product_cat?post=4768"},{"taxonomy":"product_tag","embeddable":true,"href":"https:\/\/scalp-sas.com\/es\/wp-json\/wp\/v2\/product_tag?post=4768"}],"curies":[{"name":"wp","href":"https:\/\/api.w.org\/{rel}","templated":true}]}}