{"id":1004,"date":"2021-11-20T03:11:16","date_gmt":"2021-11-20T03:11:16","guid":{"rendered":"https:\/\/scalp-sas.com\/?post_type=product&#038;p=1004"},"modified":"2025-08-21T09:21:11","modified_gmt":"2025-08-21T09:21:11","slug":"decapant-peinture-facade-scalpex-sd","status":"publish","type":"product","link":"https:\/\/scalp-sas.com\/es\/nos-produits\/decapante-fachadas-efecto-flash-scalpex-sd\/","title":{"rendered":"SCALPEX\u00ae SD+"},"content":{"rendered":"<p class=\"p1\">SCALPEX SD +, d\u00e9capant peinture fa\u00e7ade \u00ab\u00a0effet flash\u00a0\u00bb, remplace le d\u00e9capant chlor\u00e9 pour tous les types de rev\u00eatements de fa\u00e7ade. Premi\u00e8rement, ce produit d\u00e9cape les peintures du b\u00e2timent, imperm\u00e9abilisants, films minces RPE (Rev\u00eatements Plastiques \u00c9pais), colles, encres, vernis, graffitis, sur supports en pl\u00e2tre, b\u00e9ton, pierres, briques, p\u00e2te de verre, bois, enduits min\u00e9raux.<\/p>\n<p class=\"p2\">SCALPEX SD+ est un d\u00e9capant fa\u00e7ade pr\u00eat \u00e0 l&#8217;emploi. Il suffit de bien homog\u00e9n\u00e9iser le produit avant de l&rsquo;appliquer en couche \u00e9paisse. Ensuite, laissez agir le d\u00e9capant de 15 minutes \u00e0 1 heure jusqu&rsquo;au ramollissement total du rev\u00eatement. SCALPEX SD+, d\u00e9capant peinture fa\u00e7ade \u00ab\u00a0effet flash\u00a0\u00bb, peut \u00eatre appliquer \u00e0 la brosse ou pulv\u00e9ris\u00e9 \u00e0 l&rsquo;airless. Le rin\u00e7age reste conseill\u00e9 pour ce d\u00e9capant fa\u00e7ade. Et enfin, il est possible de retirer les r\u00e9sidus \u00e0 l&rsquo;aide d&rsquo;un scraper ou d&rsquo;un riflard.<\/p>\n<p>SCALPEX SD+ poss\u00e8de de nombreux avantages. C&rsquo;est un d\u00e9capant \u00ab\u00a0effet flash\u00a0\u00bb ultra rapide. Il est aussi efficace que les d\u00e9capant chlor\u00e9s. De plus, il est sans odeur et sa viscosit\u00e9 est id\u00e9ale pour les surfaces verticales. Il d\u00e9cape les films minces d\u00e8s 15 minutes, les imperm\u00e9abilisant \u00e0 partir de 30 minutes et les rev\u00eatements plastiques \u00e9pais \u00e0 partir d&rsquo;une heure. Ce d\u00e9capant ne contient pas de chlorure de m\u00e9thyl\u00e8ne et son point d&rsquo;\u00e9clair est de 52\u00b0C.<\/p>\n<p>&nbsp;<\/p>","protected":false},"excerpt":{"rendered":"<p><span data-sheets-value=\"{&quot;1&quot;:2,&quot;2&quot;:&quot;SCALPEX SD+ est d\u00e9capant peinture fa\u00e7ade rapide \u00e0 '\\&quot;effet flash\\&quot;. Ce d\u00e9capant fa\u00e7ade est sp\u00e9cialement formul\u00e9 pour \u00e9liminer rapidement tous types de rev\u00eatements tels que les Imper, RPE, films minces, colles, encres, vernis, graffitis, et bien plus encore. SCALPEX SD+ est efficace sur une large vari\u00e9t\u00e9 de supports tels que le pl\u00e2tre, le b\u00e9ton, la pierre, la brique, la p\u00e2te de verre, le bois, et les enduits min\u00e9raux.\\nSon action ultra-rapide permet de d\u00e9caper les films minces d\u00e8s 15 minutes, les imperm\u00e9abilisants \u00e0 partir de 30 minutes, et les RPE \u00e0 partir d'1 heure.&quot;}\" data-sheets-userformat=\"{&quot;2&quot;:925,&quot;3&quot;:{&quot;1&quot;:0},&quot;5&quot;:{&quot;1&quot;:[{&quot;1&quot;:2,&quot;2&quot;:0,&quot;5&quot;:{&quot;1&quot;:2,&quot;2&quot;:0}},{&quot;1&quot;:0,&quot;2&quot;:0,&quot;3&quot;:3},{&quot;1&quot;:1,&quot;2&quot;:0,&quot;4&quot;:1}]},&quot;6&quot;:{&quot;1&quot;:[{&quot;1&quot;:2,&quot;2&quot;:0,&quot;5&quot;:{&quot;1&quot;:2,&quot;2&quot;:0}},{&quot;1&quot;:0,&quot;2&quot;:0,&quot;3&quot;:3},{&quot;1&quot;:1,&quot;2&quot;:0,&quot;4&quot;:2}]},&quot;7&quot;:{&quot;1&quot;:[{&quot;1&quot;:2,&quot;2&quot;:0,&quot;5&quot;:{&quot;1&quot;:2,&quot;2&quot;:0}},{&quot;1&quot;:0,&quot;2&quot;:0,&quot;3&quot;:3},{&quot;1&quot;:1,&quot;2&quot;:0,&quot;4&quot;:2}]},&quot;10&quot;:1,&quot;11&quot;:4,&quot;12&quot;:0}\">SCALPEX SD+ es un decapante de fachadas \"efecto flash\" de acci\u00f3n r\u00e1pida. Este decapante de fachadas est\u00e1 especialmente formulado para eliminar r\u00e1pidamente todo tipo de revestimientos como Imper, RPE, pel\u00edculas finas, adhesivos, tintas, barnices, grafitis y mucho m\u00e1s. SCALPEX SD+ es eficaz en una amplia variedad de sustratos como yeso, hormig\u00f3n, piedra, ladrillo, pasta de vidrio, madera y revestimientos minerales.<br \/>\nSu acci\u00f3n ultrarr\u00e1pida permite decapar pel\u00edculas finas en tan s\u00f3lo 15 minutos, impermeabilizar en 30 minutos y RPE en 1 hora.<\/span><\/p>","protected":false},"featured_media":155174,"comment_status":"open","ping_status":"closed","template":"","meta":{"_acf_changed":false},"product_brand":[],"product_cat":[23,24,112],"product_tag":[91],"class_list":{"0":"post-1004","1":"product","2":"type-product","3":"status-publish","4":"has-post-thumbnail","6":"product_cat-batiment","7":"product_cat-decapants","8":"product_cat-nos-produits","9":"product_tag-decapants","11":"first","12":"instock","13":"shipping-taxable","14":"product-type-simple"},"acf":[],"yoast_head":"<!-- This site is optimized with the Yoast SEO plugin v27.3 - https:\/\/yoast.com\/product\/yoast-seo-wordpress\/ -->\n<title>D\u00e9capant peinture fa\u00e7ade - SCALPEX\u00ae SD+<\/title>\n<meta name=\"description\" content=\"SCALPEX SD+ est un d\u00e9capant peinture fa\u00e7ade qui agit rapidement. Il d\u00e9cape tous types de rev\u00eatements : peinture, RPE, films minces...\" \/>\n<meta name=\"robots\" content=\"index, follow, max-snippet:-1, max-image-preview:large, max-video-preview:-1\" \/>\n<link rel=\"canonical\" href=\"https:\/\/scalp-sas.com\/es\/nos-produits\/decapante-fachadas-efecto-flash-scalpex-sd\/\" \/>\n<meta property=\"og:locale\" content=\"es_ES\" \/>\n<meta property=\"og:type\" content=\"article\" \/>\n<meta property=\"og:title\" content=\"D\u00e9capant peinture fa\u00e7ade - SCALPEX\u00ae SD+\" \/>\n<meta property=\"og:description\" content=\"SCALPEX SD+ est un d\u00e9capant peinture fa\u00e7ade qui agit rapidement. Il d\u00e9cape tous types de rev\u00eatements : peinture, RPE, films minces...\" \/>\n<meta property=\"og:url\" content=\"https:\/\/scalp-sas.com\/es\/nos-produits\/decapante-fachadas-efecto-flash-scalpex-sd\/\" \/>\n<meta property=\"og:site_name\" content=\"SCALP SAS\" \/>\n<meta property=\"article:modified_time\" content=\"2025-08-21T09:21:11+00:00\" \/>\n<meta property=\"og:image\" content=\"https:\/\/scalp-sas.com\/wp-content\/uploads\/2021\/11\/SCALPEX-SD-2.png\" \/>\n\t<meta property=\"og:image:width\" content=\"1200\" \/>\n\t<meta property=\"og:image:height\" content=\"1200\" \/>\n\t<meta property=\"og:image:type\" content=\"image\/png\" \/>\n<meta name=\"twitter:card\" content=\"summary_large_image\" \/>\n<meta name=\"twitter:label1\" content=\"Tiempo de lectura\" \/>\n\t<meta name=\"twitter:data1\" content=\"1 minuto\" \/>\n<script type=\"application\/ld+json\" class=\"yoast-schema-graph\">{\"@context\":\"https:\\\/\\\/schema.org\",\"@graph\":[{\"@type\":\"WebPage\",\"@id\":\"https:\\\/\\\/scalp-sas.com\\\/nos-produits\\\/decapant-peinture-facade-scalpex-sd\\\/\",\"url\":\"https:\\\/\\\/scalp-sas.com\\\/nos-produits\\\/decapant-peinture-facade-scalpex-sd\\\/\",\"name\":\"D\u00e9capant peinture fa\u00e7ade - SCALPEX\u00ae SD+\",\"isPartOf\":{\"@id\":\"https:\\\/\\\/scalp-sas.com\\\/#website\"},\"primaryImageOfPage\":{\"@id\":\"https:\\\/\\\/scalp-sas.com\\\/nos-produits\\\/decapant-peinture-facade-scalpex-sd\\\/#primaryimage\"},\"image\":{\"@id\":\"https:\\\/\\\/scalp-sas.com\\\/nos-produits\\\/decapant-peinture-facade-scalpex-sd\\\/#primaryimage\"},\"thumbnailUrl\":\"https:\\\/\\\/scalp-sas.com\\\/wp-content\\\/uploads\\\/2021\\\/11\\\/SCALPEX-SD-2.png\",\"datePublished\":\"2021-11-20T03:11:16+00:00\",\"dateModified\":\"2025-08-21T09:21:11+00:00\",\"description\":\"SCALPEX SD+ est un d\u00e9capant peinture fa\u00e7ade qui agit rapidement. Il d\u00e9cape tous types de rev\u00eatements : peinture, RPE, films minces...\",\"breadcrumb\":{\"@id\":\"https:\\\/\\\/scalp-sas.com\\\/nos-produits\\\/decapant-peinture-facade-scalpex-sd\\\/#breadcrumb\"},\"inLanguage\":\"es\",\"potentialAction\":[{\"@type\":\"ReadAction\",\"target\":[\"https:\\\/\\\/scalp-sas.com\\\/nos-produits\\\/decapant-peinture-facade-scalpex-sd\\\/\"]}]},{\"@type\":\"ImageObject\",\"inLanguage\":\"es\",\"@id\":\"https:\\\/\\\/scalp-sas.com\\\/nos-produits\\\/decapant-peinture-facade-scalpex-sd\\\/#primaryimage\",\"url\":\"https:\\\/\\\/scalp-sas.com\\\/wp-content\\\/uploads\\\/2021\\\/11\\\/SCALPEX-SD-2.png\",\"contentUrl\":\"https:\\\/\\\/scalp-sas.com\\\/wp-content\\\/uploads\\\/2021\\\/11\\\/SCALPEX-SD-2.png\",\"width\":1200,\"height\":1200,\"caption\":\"D\u00e9capant peinture fa\u00e7ade\"},{\"@type\":\"BreadcrumbList\",\"@id\":\"https:\\\/\\\/scalp-sas.com\\\/nos-produits\\\/decapant-peinture-facade-scalpex-sd\\\/#breadcrumb\",\"itemListElement\":[{\"@type\":\"ListItem\",\"position\":1,\"name\":\"Nos produits\",\"item\":\"https:\\\/\\\/scalp-sas.com\\\/es\\\/nuestros-productos\\\/\"},{\"@type\":\"ListItem\",\"position\":2,\"name\":\"Nos produits\",\"item\":\"https:\\\/\\\/scalp-sas.com\\\/categorie-produit\\\/nos-produits\\\/\"},{\"@type\":\"ListItem\",\"position\":3,\"name\":\"B\u00e2timent\",\"item\":\"https:\\\/\\\/scalp-sas.com\\\/categorie-produit\\\/nos-produits\\\/batiment\\\/\"},{\"@type\":\"ListItem\",\"position\":4,\"name\":\"SCALPEX\u00ae SD+\"}]},{\"@type\":\"WebSite\",\"@id\":\"https:\\\/\\\/scalp-sas.com\\\/#website\",\"url\":\"https:\\\/\\\/scalp-sas.com\\\/\",\"name\":\"SCALP SAS\",\"description\":\"Sp\u00e9cialiste des solutions de d\u00e9capage, nettoyage, entretien et de protection depuis plus de 70 ans\",\"publisher\":{\"@id\":\"https:\\\/\\\/scalp-sas.com\\\/#organization\"},\"potentialAction\":[{\"@type\":\"SearchAction\",\"target\":{\"@type\":\"EntryPoint\",\"urlTemplate\":\"https:\\\/\\\/scalp-sas.com\\\/?s={search_term_string}\"},\"query-input\":{\"@type\":\"PropertyValueSpecification\",\"valueRequired\":true,\"valueName\":\"search_term_string\"}}],\"inLanguage\":\"es\"},{\"@type\":\"Organization\",\"@id\":\"https:\\\/\\\/scalp-sas.com\\\/#organization\",\"name\":\"SCALP SAS\",\"url\":\"https:\\\/\\\/scalp-sas.com\\\/\",\"logo\":{\"@type\":\"ImageObject\",\"inLanguage\":\"es\",\"@id\":\"https:\\\/\\\/scalp-sas.com\\\/#\\\/schema\\\/logo\\\/image\\\/\",\"url\":\"https:\\\/\\\/scalp-sas.com\\\/wp-content\\\/uploads\\\/2021\\\/06\\\/logo-scalp-noir.svg\",\"contentUrl\":\"https:\\\/\\\/scalp-sas.com\\\/wp-content\\\/uploads\\\/2021\\\/06\\\/logo-scalp-noir.svg\",\"width\":526.433,\"height\":274.69,\"caption\":\"SCALP SAS\"},\"image\":{\"@id\":\"https:\\\/\\\/scalp-sas.com\\\/#\\\/schema\\\/logo\\\/image\\\/\"},\"sameAs\":[\"https:\\\/\\\/www.linkedin.com\\\/company\\\/scalp-sas\\\/\",\"https:\\\/\\\/www.instagram.com\\\/scalp_sas\\\/\"]}]}<\/script>\n<!-- \/ Yoast SEO plugin. -->","yoast_head_json":{"title":"D\u00e9capant peinture fa\u00e7ade - SCALPEX\u00ae SD+","description":"SCALPEX SD+ est un d\u00e9capant peinture fa\u00e7ade qui agit rapidement. Il d\u00e9cape tous types de rev\u00eatements : peinture, RPE, films minces...","robots":{"index":"index","follow":"follow","max-snippet":"max-snippet:-1","max-image-preview":"max-image-preview:large","max-video-preview":"max-video-preview:-1"},"canonical":"https:\/\/scalp-sas.com\/es\/nos-produits\/decapante-fachadas-efecto-flash-scalpex-sd\/","og_locale":"es_ES","og_type":"article","og_title":"D\u00e9capant peinture fa\u00e7ade - SCALPEX\u00ae SD+","og_description":"SCALPEX SD+ est un d\u00e9capant peinture fa\u00e7ade qui agit rapidement. Il d\u00e9cape tous types de rev\u00eatements : peinture, RPE, films minces...","og_url":"https:\/\/scalp-sas.com\/es\/nos-produits\/decapante-fachadas-efecto-flash-scalpex-sd\/","og_site_name":"SCALP SAS","article_modified_time":"2025-08-21T09:21:11+00:00","og_image":[{"width":1200,"height":1200,"url":"https:\/\/scalp-sas.com\/wp-content\/uploads\/2021\/11\/SCALPEX-SD-2.png","type":"image\/png"}],"twitter_card":"summary_large_image","twitter_misc":{"Tiempo de lectura":"1 minuto"},"schema":{"@context":"https:\/\/schema.org","@graph":[{"@type":"WebPage","@id":"https:\/\/scalp-sas.com\/nos-produits\/decapant-peinture-facade-scalpex-sd\/","url":"https:\/\/scalp-sas.com\/nos-produits\/decapant-peinture-facade-scalpex-sd\/","name":"D\u00e9capant peinture fa\u00e7ade - SCALPEX\u00ae SD+","isPartOf":{"@id":"https:\/\/scalp-sas.com\/#website"},"primaryImageOfPage":{"@id":"https:\/\/scalp-sas.com\/nos-produits\/decapant-peinture-facade-scalpex-sd\/#primaryimage"},"image":{"@id":"https:\/\/scalp-sas.com\/nos-produits\/decapant-peinture-facade-scalpex-sd\/#primaryimage"},"thumbnailUrl":"https:\/\/scalp-sas.com\/wp-content\/uploads\/2021\/11\/SCALPEX-SD-2.png","datePublished":"2021-11-20T03:11:16+00:00","dateModified":"2025-08-21T09:21:11+00:00","description":"SCALPEX SD+ est un d\u00e9capant peinture fa\u00e7ade qui agit rapidement. Il d\u00e9cape tous types de rev\u00eatements : peinture, RPE, films minces...","breadcrumb":{"@id":"https:\/\/scalp-sas.com\/nos-produits\/decapant-peinture-facade-scalpex-sd\/#breadcrumb"},"inLanguage":"es","potentialAction":[{"@type":"ReadAction","target":["https:\/\/scalp-sas.com\/nos-produits\/decapant-peinture-facade-scalpex-sd\/"]}]},{"@type":"ImageObject","inLanguage":"es","@id":"https:\/\/scalp-sas.com\/nos-produits\/decapant-peinture-facade-scalpex-sd\/#primaryimage","url":"https:\/\/scalp-sas.com\/wp-content\/uploads\/2021\/11\/SCALPEX-SD-2.png","contentUrl":"https:\/\/scalp-sas.com\/wp-content\/uploads\/2021\/11\/SCALPEX-SD-2.png","width":1200,"height":1200,"caption":"D\u00e9capant peinture fa\u00e7ade"},{"@type":"BreadcrumbList","@id":"https:\/\/scalp-sas.com\/nos-produits\/decapant-peinture-facade-scalpex-sd\/#breadcrumb","itemListElement":[{"@type":"ListItem","position":1,"name":"Nos produits","item":"https:\/\/scalp-sas.com\/es\/nuestros-productos\/"},{"@type":"ListItem","position":2,"name":"Nos produits","item":"https:\/\/scalp-sas.com\/categorie-produit\/nos-produits\/"},{"@type":"ListItem","position":3,"name":"B\u00e2timent","item":"https:\/\/scalp-sas.com\/categorie-produit\/nos-produits\/batiment\/"},{"@type":"ListItem","position":4,"name":"SCALPEX\u00ae SD+"}]},{"@type":"WebSite","@id":"https:\/\/scalp-sas.com\/#website","url":"https:\/\/scalp-sas.com\/","name":"SCALP SAS","description":"Sp\u00e9cialiste des solutions de d\u00e9capage, nettoyage, entretien et de protection depuis plus de 70 ans","publisher":{"@id":"https:\/\/scalp-sas.com\/#organization"},"potentialAction":[{"@type":"SearchAction","target":{"@type":"EntryPoint","urlTemplate":"https:\/\/scalp-sas.com\/?s={search_term_string}"},"query-input":{"@type":"PropertyValueSpecification","valueRequired":true,"valueName":"search_term_string"}}],"inLanguage":"es"},{"@type":"Organization","@id":"https:\/\/scalp-sas.com\/#organization","name":"SCALP SAS","url":"https:\/\/scalp-sas.com\/","logo":{"@type":"ImageObject","inLanguage":"es","@id":"https:\/\/scalp-sas.com\/#\/schema\/logo\/image\/","url":"https:\/\/scalp-sas.com\/wp-content\/uploads\/2021\/06\/logo-scalp-noir.svg","contentUrl":"https:\/\/scalp-sas.com\/wp-content\/uploads\/2021\/06\/logo-scalp-noir.svg","width":526.433,"height":274.69,"caption":"SCALP SAS"},"image":{"@id":"https:\/\/scalp-sas.com\/#\/schema\/logo\/image\/"},"sameAs":["https:\/\/www.linkedin.com\/company\/scalp-sas\/","https:\/\/www.instagram.com\/scalp_sas\/"]}]}},"_links":{"self":[{"href":"https:\/\/scalp-sas.com\/es\/wp-json\/wp\/v2\/product\/1004","targetHints":{"allow":["GET"]}}],"collection":[{"href":"https:\/\/scalp-sas.com\/es\/wp-json\/wp\/v2\/product"}],"about":[{"href":"https:\/\/scalp-sas.com\/es\/wp-json\/wp\/v2\/types\/product"}],"replies":[{"embeddable":true,"href":"https:\/\/scalp-sas.com\/es\/wp-json\/wp\/v2\/comments?post=1004"}],"wp:featuredmedia":[{"embeddable":true,"href":"https:\/\/scalp-sas.com\/es\/wp-json\/wp\/v2\/media\/155174"}],"wp:attachment":[{"href":"https:\/\/scalp-sas.com\/es\/wp-json\/wp\/v2\/media?parent=1004"}],"wp:term":[{"taxonomy":"product_brand","embeddable":true,"href":"https:\/\/scalp-sas.com\/es\/wp-json\/wp\/v2\/product_brand?post=1004"},{"taxonomy":"product_cat","embeddable":true,"href":"https:\/\/scalp-sas.com\/es\/wp-json\/wp\/v2\/product_cat?post=1004"},{"taxonomy":"product_tag","embeddable":true,"href":"https:\/\/scalp-sas.com\/es\/wp-json\/wp\/v2\/product_tag?post=1004"}],"curies":[{"name":"wp","href":"https:\/\/api.w.org\/{rel}","templated":true}]}}