{"id":7948,"date":"2022-10-13T13:24:03","date_gmt":"2022-10-13T13:24:03","guid":{"rendered":"https:\/\/scalp-sas.com\/?post_type=product&#038;p=7948"},"modified":"2025-10-08T13:44:21","modified_gmt":"2025-10-08T13:44:21","slug":"protectiont-temporaire-multi-support-scalp-peel-off","status":"publish","type":"product","link":"https:\/\/scalp-sas.com\/en\/nos-produits\/multi-support-temporary-protection-scalp-peel-off\/","title":{"rendered":"SCALP PEEL-OFF"},"content":{"rendered":"<p class=\"p2\">SCALP PEEL-OFF est une protection temporaire multi-support. C&rsquo;un produit monocomposant et pr\u00eat \u00e0 l\u2019emploi en base aqueuse destin\u00e9 \u00e0 la protection temporaire de tous supports (murs, fa\u00e7ade, menuiseries, meubles, etc), \u00e0 usage int\u00e9rieur et ext\u00e9rieur. Cette protection temporaire multi-support peut rester sur la surface prot\u00e9g\u00e9e au maximum 6 mois. Cette r\u00e9sine peut \u00eatre appliqu\u00e9e par pulv\u00e9risation avec une pompe airless mais aussi \u00e0 la brosse ou au pinceau. Au s\u00e9chage, un film pelable souple, r\u00e9sistant se cr\u00e9e pour prot\u00e9ger les supports durablement. C\u2019est un film de protection liquide destin\u00e9 \u00e0 recouvrir toutes surfaces poreuses et non poreuses. Le film sec permet le passage d&rsquo;engins l\u00e9gers gr\u00e2ce \u00e0 sa tr\u00e8s grande r\u00e9sistance et \u00e9lasticit\u00e9. (Adaptez l&rsquo;\u00e9paisseur appliqu\u00e9e aux conditions du chantier et la r\u00e9sistance voulue). Le film protecteur est facile \u00e0 enlever et ne laisse aucun r\u00e9sidu.<\/p>","protected":false},"excerpt":{"rendered":"<p class=\"p2\">SCALP PEEL-OFF est un produit monocomposant et pr\u00eat \u00e0 l\u2019emploi en base aqueuse destin\u00e9 \u00e0 la protection temporaire de tous supports (murs, fa\u00e7ade, menuiseries, meubles, etc), \u00e0 usage int\u00e9rieur et ext\u00e9rieur.<\/p>\n<p class=\"p2\">Une fois les travaux termin\u00e9s, le film s\u2019\u00e9limine simplement par \u00e9tirement et ne laisse aucun r\u00e9sidu ni jaunissement sur les peintures blanches.<\/p>","protected":false},"featured_media":199798,"comment_status":"open","ping_status":"closed","template":"","meta":{"_acf_changed":false},"product_brand":[],"product_cat":[23,112,75],"product_tag":[95],"class_list":{"0":"post-7948","1":"product","2":"type-product","3":"status-publish","4":"has-post-thumbnail","6":"product_cat-batiment","7":"product_cat-nos-produits","8":"product_cat-produits-complementaires","9":"product_tag-produits-complementaires-et-de-maintenance","11":"first","12":"instock","13":"shipping-taxable","14":"product-type-simple"},"acf":[],"yoast_head":"<!-- This site is optimized with the Yoast SEO plugin v27.3 - https:\/\/yoast.com\/product\/yoast-seo-wordpress\/ -->\n<title>Protection temporaire multi-support - SCALP PEEL-OFF<\/title>\n<meta name=\"description\" content=\"SCALP PEEL-OFF est une protection temporaire multi-support pour les surfaces en int\u00e9rieures. Id\u00e9al pour les fen\u00eatres, sols, murs, portes, objets, ect\" \/>\n<meta name=\"robots\" content=\"index, follow, max-snippet:-1, max-image-preview:large, max-video-preview:-1\" \/>\n<link rel=\"canonical\" href=\"https:\/\/scalp-sas.com\/en\/nos-produits\/multi-support-temporary-protection-scalp-peel-off\/\" \/>\n<meta property=\"og:locale\" content=\"en_US\" \/>\n<meta property=\"og:type\" content=\"article\" \/>\n<meta property=\"og:title\" content=\"Protection temporaire multi-support - SCALP PEEL-OFF\" \/>\n<meta property=\"og:description\" content=\"SCALP PEEL-OFF est une protection temporaire multi-support pour les surfaces en int\u00e9rieures. Id\u00e9al pour les fen\u00eatres, sols, murs, portes, objets, ect\" \/>\n<meta property=\"og:url\" content=\"https:\/\/scalp-sas.com\/en\/nos-produits\/multi-support-temporary-protection-scalp-peel-off\/\" \/>\n<meta property=\"og:site_name\" content=\"SCALP SAS\" \/>\n<meta property=\"article:modified_time\" content=\"2025-10-08T13:44:21+00:00\" \/>\n<meta property=\"og:image\" content=\"https:\/\/scalp-sas.com\/wp-content\/uploads\/2022\/10\/peel-off_new.png\" \/>\n\t<meta property=\"og:image:width\" content=\"1000\" \/>\n\t<meta property=\"og:image:height\" content=\"1000\" \/>\n\t<meta property=\"og:image:type\" content=\"image\/png\" \/>\n<meta name=\"twitter:card\" content=\"summary_large_image\" \/>\n<meta name=\"twitter:label1\" content=\"Est. reading time\" \/>\n\t<meta name=\"twitter:data1\" content=\"1 minute\" \/>\n<script type=\"application\/ld+json\" class=\"yoast-schema-graph\">{\"@context\":\"https:\\\/\\\/schema.org\",\"@graph\":[{\"@type\":\"WebPage\",\"@id\":\"https:\\\/\\\/scalp-sas.com\\\/nos-produits\\\/protectiont-temporaire-multi-support-scalp-peel-off\\\/\",\"url\":\"https:\\\/\\\/scalp-sas.com\\\/nos-produits\\\/protectiont-temporaire-multi-support-scalp-peel-off\\\/\",\"name\":\"Protection temporaire multi-support - SCALP PEEL-OFF\",\"isPartOf\":{\"@id\":\"https:\\\/\\\/scalp-sas.com\\\/#website\"},\"primaryImageOfPage\":{\"@id\":\"https:\\\/\\\/scalp-sas.com\\\/nos-produits\\\/protectiont-temporaire-multi-support-scalp-peel-off\\\/#primaryimage\"},\"image\":{\"@id\":\"https:\\\/\\\/scalp-sas.com\\\/nos-produits\\\/protectiont-temporaire-multi-support-scalp-peel-off\\\/#primaryimage\"},\"thumbnailUrl\":\"https:\\\/\\\/scalp-sas.com\\\/wp-content\\\/uploads\\\/2022\\\/10\\\/peel-off_new.png\",\"datePublished\":\"2022-10-13T13:24:03+00:00\",\"dateModified\":\"2025-10-08T13:44:21+00:00\",\"description\":\"SCALP PEEL-OFF est une protection temporaire multi-support pour les surfaces en int\u00e9rieures. Id\u00e9al pour les fen\u00eatres, sols, murs, portes, objets, ect\",\"breadcrumb\":{\"@id\":\"https:\\\/\\\/scalp-sas.com\\\/nos-produits\\\/protectiont-temporaire-multi-support-scalp-peel-off\\\/#breadcrumb\"},\"inLanguage\":\"en-US\",\"potentialAction\":[{\"@type\":\"ReadAction\",\"target\":[\"https:\\\/\\\/scalp-sas.com\\\/nos-produits\\\/protectiont-temporaire-multi-support-scalp-peel-off\\\/\"]}]},{\"@type\":\"ImageObject\",\"inLanguage\":\"en-US\",\"@id\":\"https:\\\/\\\/scalp-sas.com\\\/nos-produits\\\/protectiont-temporaire-multi-support-scalp-peel-off\\\/#primaryimage\",\"url\":\"https:\\\/\\\/scalp-sas.com\\\/wp-content\\\/uploads\\\/2022\\\/10\\\/peel-off_new.png\",\"contentUrl\":\"https:\\\/\\\/scalp-sas.com\\\/wp-content\\\/uploads\\\/2022\\\/10\\\/peel-off_new.png\",\"width\":1000,\"height\":1000,\"caption\":\"Protection temporaire multi-support\"},{\"@type\":\"BreadcrumbList\",\"@id\":\"https:\\\/\\\/scalp-sas.com\\\/nos-produits\\\/protectiont-temporaire-multi-support-scalp-peel-off\\\/#breadcrumb\",\"itemListElement\":[{\"@type\":\"ListItem\",\"position\":1,\"name\":\"Nos produits\",\"item\":\"https:\\\/\\\/scalp-sas.com\\\/es\\\/nuestros-productos\\\/\"},{\"@type\":\"ListItem\",\"position\":2,\"name\":\"Nos produits\",\"item\":\"https:\\\/\\\/scalp-sas.com\\\/categorie-produit\\\/nos-produits\\\/\"},{\"@type\":\"ListItem\",\"position\":3,\"name\":\"B\u00e2timent\",\"item\":\"https:\\\/\\\/scalp-sas.com\\\/categorie-produit\\\/nos-produits\\\/batiment\\\/\"},{\"@type\":\"ListItem\",\"position\":4,\"name\":\"Produits compl\u00e9mentaires\",\"item\":\"https:\\\/\\\/scalp-sas.com\\\/categorie-produit\\\/nos-produits\\\/batiment\\\/produits-complementaires\\\/\"},{\"@type\":\"ListItem\",\"position\":5,\"name\":\"SCALP PEEL-OFF\"}]},{\"@type\":\"WebSite\",\"@id\":\"https:\\\/\\\/scalp-sas.com\\\/#website\",\"url\":\"https:\\\/\\\/scalp-sas.com\\\/\",\"name\":\"SCALP SAS\",\"description\":\"Sp\u00e9cialiste des solutions de d\u00e9capage, nettoyage, entretien et de protection depuis plus de 70 ans\",\"publisher\":{\"@id\":\"https:\\\/\\\/scalp-sas.com\\\/#organization\"},\"potentialAction\":[{\"@type\":\"SearchAction\",\"target\":{\"@type\":\"EntryPoint\",\"urlTemplate\":\"https:\\\/\\\/scalp-sas.com\\\/?s={search_term_string}\"},\"query-input\":{\"@type\":\"PropertyValueSpecification\",\"valueRequired\":true,\"valueName\":\"search_term_string\"}}],\"inLanguage\":\"en-US\"},{\"@type\":\"Organization\",\"@id\":\"https:\\\/\\\/scalp-sas.com\\\/#organization\",\"name\":\"SCALP SAS\",\"url\":\"https:\\\/\\\/scalp-sas.com\\\/\",\"logo\":{\"@type\":\"ImageObject\",\"inLanguage\":\"en-US\",\"@id\":\"https:\\\/\\\/scalp-sas.com\\\/#\\\/schema\\\/logo\\\/image\\\/\",\"url\":\"https:\\\/\\\/scalp-sas.com\\\/wp-content\\\/uploads\\\/2021\\\/06\\\/logo-scalp-noir.svg\",\"contentUrl\":\"https:\\\/\\\/scalp-sas.com\\\/wp-content\\\/uploads\\\/2021\\\/06\\\/logo-scalp-noir.svg\",\"width\":526.433,\"height\":274.69,\"caption\":\"SCALP SAS\"},\"image\":{\"@id\":\"https:\\\/\\\/scalp-sas.com\\\/#\\\/schema\\\/logo\\\/image\\\/\"},\"sameAs\":[\"https:\\\/\\\/www.linkedin.com\\\/company\\\/scalp-sas\\\/\",\"https:\\\/\\\/www.instagram.com\\\/scalp_sas\\\/\"]}]}<\/script>\n<!-- \/ Yoast SEO plugin. -->","yoast_head_json":{"title":"Protection temporaire multi-support - SCALP PEEL-OFF","description":"SCALP PEEL-OFF est une protection temporaire multi-support pour les surfaces en int\u00e9rieures. Id\u00e9al pour les fen\u00eatres, sols, murs, portes, objets, ect","robots":{"index":"index","follow":"follow","max-snippet":"max-snippet:-1","max-image-preview":"max-image-preview:large","max-video-preview":"max-video-preview:-1"},"canonical":"https:\/\/scalp-sas.com\/en\/nos-produits\/multi-support-temporary-protection-scalp-peel-off\/","og_locale":"en_US","og_type":"article","og_title":"Protection temporaire multi-support - SCALP PEEL-OFF","og_description":"SCALP PEEL-OFF est une protection temporaire multi-support pour les surfaces en int\u00e9rieures. Id\u00e9al pour les fen\u00eatres, sols, murs, portes, objets, ect","og_url":"https:\/\/scalp-sas.com\/en\/nos-produits\/multi-support-temporary-protection-scalp-peel-off\/","og_site_name":"SCALP SAS","article_modified_time":"2025-10-08T13:44:21+00:00","og_image":[{"width":1000,"height":1000,"url":"https:\/\/scalp-sas.com\/wp-content\/uploads\/2022\/10\/peel-off_new.png","type":"image\/png"}],"twitter_card":"summary_large_image","twitter_misc":{"Est. reading time":"1 minute"},"schema":{"@context":"https:\/\/schema.org","@graph":[{"@type":"WebPage","@id":"https:\/\/scalp-sas.com\/nos-produits\/protectiont-temporaire-multi-support-scalp-peel-off\/","url":"https:\/\/scalp-sas.com\/nos-produits\/protectiont-temporaire-multi-support-scalp-peel-off\/","name":"Protection temporaire multi-support - SCALP PEEL-OFF","isPartOf":{"@id":"https:\/\/scalp-sas.com\/#website"},"primaryImageOfPage":{"@id":"https:\/\/scalp-sas.com\/nos-produits\/protectiont-temporaire-multi-support-scalp-peel-off\/#primaryimage"},"image":{"@id":"https:\/\/scalp-sas.com\/nos-produits\/protectiont-temporaire-multi-support-scalp-peel-off\/#primaryimage"},"thumbnailUrl":"https:\/\/scalp-sas.com\/wp-content\/uploads\/2022\/10\/peel-off_new.png","datePublished":"2022-10-13T13:24:03+00:00","dateModified":"2025-10-08T13:44:21+00:00","description":"SCALP PEEL-OFF est une protection temporaire multi-support pour les surfaces en int\u00e9rieures. Id\u00e9al pour les fen\u00eatres, sols, murs, portes, objets, ect","breadcrumb":{"@id":"https:\/\/scalp-sas.com\/nos-produits\/protectiont-temporaire-multi-support-scalp-peel-off\/#breadcrumb"},"inLanguage":"en-US","potentialAction":[{"@type":"ReadAction","target":["https:\/\/scalp-sas.com\/nos-produits\/protectiont-temporaire-multi-support-scalp-peel-off\/"]}]},{"@type":"ImageObject","inLanguage":"en-US","@id":"https:\/\/scalp-sas.com\/nos-produits\/protectiont-temporaire-multi-support-scalp-peel-off\/#primaryimage","url":"https:\/\/scalp-sas.com\/wp-content\/uploads\/2022\/10\/peel-off_new.png","contentUrl":"https:\/\/scalp-sas.com\/wp-content\/uploads\/2022\/10\/peel-off_new.png","width":1000,"height":1000,"caption":"Protection temporaire multi-support"},{"@type":"BreadcrumbList","@id":"https:\/\/scalp-sas.com\/nos-produits\/protectiont-temporaire-multi-support-scalp-peel-off\/#breadcrumb","itemListElement":[{"@type":"ListItem","position":1,"name":"Nos produits","item":"https:\/\/scalp-sas.com\/es\/nuestros-productos\/"},{"@type":"ListItem","position":2,"name":"Nos produits","item":"https:\/\/scalp-sas.com\/categorie-produit\/nos-produits\/"},{"@type":"ListItem","position":3,"name":"B\u00e2timent","item":"https:\/\/scalp-sas.com\/categorie-produit\/nos-produits\/batiment\/"},{"@type":"ListItem","position":4,"name":"Produits compl\u00e9mentaires","item":"https:\/\/scalp-sas.com\/categorie-produit\/nos-produits\/batiment\/produits-complementaires\/"},{"@type":"ListItem","position":5,"name":"SCALP PEEL-OFF"}]},{"@type":"WebSite","@id":"https:\/\/scalp-sas.com\/#website","url":"https:\/\/scalp-sas.com\/","name":"SCALP SAS","description":"Sp\u00e9cialiste des solutions de d\u00e9capage, nettoyage, entretien et de protection depuis plus de 70 ans","publisher":{"@id":"https:\/\/scalp-sas.com\/#organization"},"potentialAction":[{"@type":"SearchAction","target":{"@type":"EntryPoint","urlTemplate":"https:\/\/scalp-sas.com\/?s={search_term_string}"},"query-input":{"@type":"PropertyValueSpecification","valueRequired":true,"valueName":"search_term_string"}}],"inLanguage":"en-US"},{"@type":"Organization","@id":"https:\/\/scalp-sas.com\/#organization","name":"SCALP SAS","url":"https:\/\/scalp-sas.com\/","logo":{"@type":"ImageObject","inLanguage":"en-US","@id":"https:\/\/scalp-sas.com\/#\/schema\/logo\/image\/","url":"https:\/\/scalp-sas.com\/wp-content\/uploads\/2021\/06\/logo-scalp-noir.svg","contentUrl":"https:\/\/scalp-sas.com\/wp-content\/uploads\/2021\/06\/logo-scalp-noir.svg","width":526.433,"height":274.69,"caption":"SCALP SAS"},"image":{"@id":"https:\/\/scalp-sas.com\/#\/schema\/logo\/image\/"},"sameAs":["https:\/\/www.linkedin.com\/company\/scalp-sas\/","https:\/\/www.instagram.com\/scalp_sas\/"]}]}},"_links":{"self":[{"href":"https:\/\/scalp-sas.com\/en\/wp-json\/wp\/v2\/product\/7948","targetHints":{"allow":["GET"]}}],"collection":[{"href":"https:\/\/scalp-sas.com\/en\/wp-json\/wp\/v2\/product"}],"about":[{"href":"https:\/\/scalp-sas.com\/en\/wp-json\/wp\/v2\/types\/product"}],"replies":[{"embeddable":true,"href":"https:\/\/scalp-sas.com\/en\/wp-json\/wp\/v2\/comments?post=7948"}],"wp:featuredmedia":[{"embeddable":true,"href":"https:\/\/scalp-sas.com\/en\/wp-json\/wp\/v2\/media\/199798"}],"wp:attachment":[{"href":"https:\/\/scalp-sas.com\/en\/wp-json\/wp\/v2\/media?parent=7948"}],"wp:term":[{"taxonomy":"product_brand","embeddable":true,"href":"https:\/\/scalp-sas.com\/en\/wp-json\/wp\/v2\/product_brand?post=7948"},{"taxonomy":"product_cat","embeddable":true,"href":"https:\/\/scalp-sas.com\/en\/wp-json\/wp\/v2\/product_cat?post=7948"},{"taxonomy":"product_tag","embeddable":true,"href":"https:\/\/scalp-sas.com\/en\/wp-json\/wp\/v2\/product_tag?post=7948"}],"curies":[{"name":"wp","href":"https:\/\/api.w.org\/{rel}","templated":true}]}}