{"id":4879,"date":"2021-11-12T12:48:08","date_gmt":"2021-11-12T12:48:08","guid":{"rendered":"https:\/\/scalp-sas.com\/?post_type=product&#038;p=4879"},"modified":"2024-04-22T11:45:52","modified_gmt":"2024-04-22T11:45:52","slug":"nettoyant-degraissant-freins-scalp-brake-cleaner","status":"publish","type":"product","link":"https:\/\/scalp-sas.com\/en\/nos-produits\/cleaner-and-grease-remover-for-brakes\/","title":{"rendered":"SCALP BRAKE CLEANER"},"content":{"rendered":"<p class=\"p2\">SCALP BRAKE CLEANER est un nettoyant et d\u00e9graissant pour freins. Il est sp\u00e9cialement con\u00e7u pour \u00e9liminer tous types de d\u00e9p\u00f4ts sur les freins, comme des r\u00e9sidus de goudron, de colle fra\u00eeche, de graisses, des poussi\u00e8res et autres impuret\u00e9s. Ce nettoyant et d\u00e9graissant pour freins nettoie toutes les salet\u00e9s n\u00e9fastes au bon fonctionnement du m\u00e9canisme. De plus, il agit imm\u00e9diatement et s\u00e8che rapidement. Il s\u2019utilise aussi bien sur les freins \u00e0 tambour que les freins \u00e0 disque ; garnitures, \u00e9triers ou patins de freins.<\/p>\n<p class=\"p2\">En utilisation r\u00e9guli\u00e8re, SCALP BRAKE CLEANER permet de prolonger la dur\u00e9e de vie des disques et plaquettes de frein. SCALP BRAKE CLEANER poss\u00e8de de nombreux avantages. D\u00e9j\u00e0, il dissout efficacement les d\u00e9p\u00f4ts et agit rapidement. En effet, les r\u00e9sultats sont imm\u00e9diats. De plus, ce nettoyant ne laisse pas de r\u00e9sidus et s\u00e8che rapidement. C&rsquo;est un produit non corrosif et non conducteur.<\/p>\n<p>Son application ainsi que son utilisation sont d&rsquo;une extr\u00eame simplicit\u00e9. C&rsquo;est un produit pr\u00eat \u00e0 l&#8217;emploi qui ne demande aucune dilution. Il suffit simplement d&rsquo;appliquer le produit \u00e0 l&rsquo;aide d&rsquo;un pinceau ou de le pulv\u00e9riser sur la surface \u00e0 nettoyer\u00a0jusqu&rsquo;\u00e0 disparition compl\u00e8te de la salet\u00e9.<\/p>\n<p>En revanche, ce produit ne doit pas \u00eatre appliqu\u00e9 sur le\u00a0caoutchouc. Et il peut \u00e9galement avoir des effets n\u00e9fastes sur le plastique. Il est donc recommand\u00e9 de faire des essais au pr\u00e9alable.<\/p>\n<p>&nbsp;<\/p>\n<p>&nbsp;<\/p>","protected":false},"excerpt":{"rendered":"<p>SCALP BRAKE CLEANER is a cleaner and degreaser for automotive brakes. It works immediately and dries quickly. When used regularly, SCALP BRAKE CLEANER helps increase the lifespan of brake discs and pads. This professional cleaner for automotive brakes, removes dirt and grime that could prevent brake pads and discs, or even the whole braking system, from working properly. This product is essential for regular cleaning.<\/p>","protected":false},"featured_media":11499,"comment_status":"open","ping_status":"closed","template":"","meta":{"_acf_changed":false},"product_brand":[],"product_cat":[22,84,112],"product_tag":[98],"class_list":{"0":"post-4879","1":"product","2":"type-product","3":"status-publish","4":"has-post-thumbnail","6":"product_cat-transport","7":"product_cat-freins","8":"product_cat-nos-produits","9":"product_tag-freins","11":"first","12":"instock","13":"shipping-taxable","14":"product-type-simple"},"acf":[],"yoast_head":"<!-- This site is optimized with the Yoast SEO plugin v27.4 - https:\/\/yoast.com\/product\/yoast-seo-wordpress\/ -->\n<title>Nettoyant et d\u00e9graissant pour freins - SCALP BRAKE CLEANER<\/title>\n<meta name=\"description\" content=\"Nettoyant et d\u00e9graissant pour freins, SCALP BRAKE CLEANER nettoie tous types de d\u00e9p\u00f4ts sur les freins, comme des r\u00e9sidus de goudron, etc.\" \/>\n<meta name=\"robots\" content=\"index, follow, max-snippet:-1, max-image-preview:large, max-video-preview:-1\" \/>\n<link rel=\"canonical\" href=\"https:\/\/scalp-sas.com\/en\/nos-produits\/cleaner-and-grease-remover-for-brakes\/\" \/>\n<meta property=\"og:locale\" content=\"en_US\" \/>\n<meta property=\"og:type\" content=\"article\" \/>\n<meta property=\"og:title\" content=\"Nettoyant et d\u00e9graissant pour freins - SCALP BRAKE CLEANER\" \/>\n<meta property=\"og:description\" content=\"Nettoyant et d\u00e9graissant pour freins, SCALP BRAKE CLEANER nettoie tous types de d\u00e9p\u00f4ts sur les freins, comme des r\u00e9sidus de goudron, etc.\" \/>\n<meta property=\"og:url\" content=\"https:\/\/scalp-sas.com\/en\/nos-produits\/cleaner-and-grease-remover-for-brakes\/\" \/>\n<meta property=\"og:site_name\" content=\"SCALP SAS\" \/>\n<meta property=\"article:modified_time\" content=\"2024-04-22T11:45:52+00:00\" \/>\n<meta property=\"og:image\" content=\"https:\/\/scalp-sas.com\/wp-content\/uploads\/2021\/11\/scalp-brake-cleaner.png\" \/>\n\t<meta property=\"og:image:width\" content=\"448\" \/>\n\t<meta property=\"og:image:height\" content=\"448\" \/>\n\t<meta property=\"og:image:type\" content=\"image\/png\" \/>\n<meta name=\"twitter:card\" content=\"summary_large_image\" \/>\n<meta name=\"twitter:label1\" content=\"Est. reading time\" \/>\n\t<meta name=\"twitter:data1\" content=\"1 minute\" \/>\n<script type=\"application\/ld+json\" class=\"yoast-schema-graph\">{\"@context\":\"https:\\\/\\\/schema.org\",\"@graph\":[{\"@type\":\"WebPage\",\"@id\":\"https:\\\/\\\/scalp-sas.com\\\/nos-produits\\\/nettoyant-degraissant-freins-scalp-brake-cleaner\\\/\",\"url\":\"https:\\\/\\\/scalp-sas.com\\\/nos-produits\\\/nettoyant-degraissant-freins-scalp-brake-cleaner\\\/\",\"name\":\"Nettoyant et d\u00e9graissant pour freins - SCALP BRAKE CLEANER\",\"isPartOf\":{\"@id\":\"https:\\\/\\\/scalp-sas.com\\\/#website\"},\"primaryImageOfPage\":{\"@id\":\"https:\\\/\\\/scalp-sas.com\\\/nos-produits\\\/nettoyant-degraissant-freins-scalp-brake-cleaner\\\/#primaryimage\"},\"image\":{\"@id\":\"https:\\\/\\\/scalp-sas.com\\\/nos-produits\\\/nettoyant-degraissant-freins-scalp-brake-cleaner\\\/#primaryimage\"},\"thumbnailUrl\":\"https:\\\/\\\/scalp-sas.com\\\/wp-content\\\/uploads\\\/2021\\\/11\\\/scalp-brake-cleaner.png\",\"datePublished\":\"2021-11-12T12:48:08+00:00\",\"dateModified\":\"2024-04-22T11:45:52+00:00\",\"description\":\"Nettoyant et d\u00e9graissant pour freins, SCALP BRAKE CLEANER nettoie tous types de d\u00e9p\u00f4ts sur les freins, comme des r\u00e9sidus de goudron, etc.\",\"breadcrumb\":{\"@id\":\"https:\\\/\\\/scalp-sas.com\\\/nos-produits\\\/nettoyant-degraissant-freins-scalp-brake-cleaner\\\/#breadcrumb\"},\"inLanguage\":\"en-US\",\"potentialAction\":[{\"@type\":\"ReadAction\",\"target\":[\"https:\\\/\\\/scalp-sas.com\\\/nos-produits\\\/nettoyant-degraissant-freins-scalp-brake-cleaner\\\/\"]}]},{\"@type\":\"ImageObject\",\"inLanguage\":\"en-US\",\"@id\":\"https:\\\/\\\/scalp-sas.com\\\/nos-produits\\\/nettoyant-degraissant-freins-scalp-brake-cleaner\\\/#primaryimage\",\"url\":\"https:\\\/\\\/scalp-sas.com\\\/wp-content\\\/uploads\\\/2021\\\/11\\\/scalp-brake-cleaner.png\",\"contentUrl\":\"https:\\\/\\\/scalp-sas.com\\\/wp-content\\\/uploads\\\/2021\\\/11\\\/scalp-brake-cleaner.png\",\"width\":448,\"height\":448,\"caption\":\"scalp brake cleaner\"},{\"@type\":\"BreadcrumbList\",\"@id\":\"https:\\\/\\\/scalp-sas.com\\\/nos-produits\\\/nettoyant-degraissant-freins-scalp-brake-cleaner\\\/#breadcrumb\",\"itemListElement\":[{\"@type\":\"ListItem\",\"position\":1,\"name\":\"Nos produits\",\"item\":\"https:\\\/\\\/scalp-sas.com\\\/es\\\/nuestros-productos\\\/\"},{\"@type\":\"ListItem\",\"position\":2,\"name\":\"Nos produits\",\"item\":\"https:\\\/\\\/scalp-sas.com\\\/categorie-produit\\\/nos-produits\\\/\"},{\"@type\":\"ListItem\",\"position\":3,\"name\":\"Transport\",\"item\":\"https:\\\/\\\/scalp-sas.com\\\/categorie-produit\\\/nos-produits\\\/transport\\\/\"},{\"@type\":\"ListItem\",\"position\":4,\"name\":\"SCALP BRAKE CLEANER\"}]},{\"@type\":\"WebSite\",\"@id\":\"https:\\\/\\\/scalp-sas.com\\\/#website\",\"url\":\"https:\\\/\\\/scalp-sas.com\\\/\",\"name\":\"SCALP SAS\",\"description\":\"Sp\u00e9cialiste des solutions de d\u00e9capage, nettoyage, entretien et de protection depuis plus de 70 ans\",\"publisher\":{\"@id\":\"https:\\\/\\\/scalp-sas.com\\\/#organization\"},\"potentialAction\":[{\"@type\":\"SearchAction\",\"target\":{\"@type\":\"EntryPoint\",\"urlTemplate\":\"https:\\\/\\\/scalp-sas.com\\\/?s={search_term_string}\"},\"query-input\":{\"@type\":\"PropertyValueSpecification\",\"valueRequired\":true,\"valueName\":\"search_term_string\"}}],\"inLanguage\":\"en-US\"},{\"@type\":\"Organization\",\"@id\":\"https:\\\/\\\/scalp-sas.com\\\/#organization\",\"name\":\"SCALP SAS\",\"url\":\"https:\\\/\\\/scalp-sas.com\\\/\",\"logo\":{\"@type\":\"ImageObject\",\"inLanguage\":\"en-US\",\"@id\":\"https:\\\/\\\/scalp-sas.com\\\/#\\\/schema\\\/logo\\\/image\\\/\",\"url\":\"https:\\\/\\\/scalp-sas.com\\\/wp-content\\\/uploads\\\/2021\\\/06\\\/logo-scalp-noir.svg\",\"contentUrl\":\"https:\\\/\\\/scalp-sas.com\\\/wp-content\\\/uploads\\\/2021\\\/06\\\/logo-scalp-noir.svg\",\"width\":526.433,\"height\":274.69,\"caption\":\"SCALP SAS\"},\"image\":{\"@id\":\"https:\\\/\\\/scalp-sas.com\\\/#\\\/schema\\\/logo\\\/image\\\/\"},\"sameAs\":[\"https:\\\/\\\/www.linkedin.com\\\/company\\\/scalp-sas\\\/\",\"https:\\\/\\\/www.instagram.com\\\/scalp_sas\\\/\"]}]}<\/script>\n<!-- \/ Yoast SEO plugin. -->","yoast_head_json":{"title":"Nettoyant et d\u00e9graissant pour freins - SCALP BRAKE CLEANER","description":"Nettoyant et d\u00e9graissant pour freins, SCALP BRAKE CLEANER nettoie tous types de d\u00e9p\u00f4ts sur les freins, comme des r\u00e9sidus de goudron, etc.","robots":{"index":"index","follow":"follow","max-snippet":"max-snippet:-1","max-image-preview":"max-image-preview:large","max-video-preview":"max-video-preview:-1"},"canonical":"https:\/\/scalp-sas.com\/en\/nos-produits\/cleaner-and-grease-remover-for-brakes\/","og_locale":"en_US","og_type":"article","og_title":"Nettoyant et d\u00e9graissant pour freins - SCALP BRAKE CLEANER","og_description":"Nettoyant et d\u00e9graissant pour freins, SCALP BRAKE CLEANER nettoie tous types de d\u00e9p\u00f4ts sur les freins, comme des r\u00e9sidus de goudron, etc.","og_url":"https:\/\/scalp-sas.com\/en\/nos-produits\/cleaner-and-grease-remover-for-brakes\/","og_site_name":"SCALP SAS","article_modified_time":"2024-04-22T11:45:52+00:00","og_image":[{"width":448,"height":448,"url":"https:\/\/scalp-sas.com\/wp-content\/uploads\/2021\/11\/scalp-brake-cleaner.png","type":"image\/png"}],"twitter_card":"summary_large_image","twitter_misc":{"Est. reading time":"1 minute"},"schema":{"@context":"https:\/\/schema.org","@graph":[{"@type":"WebPage","@id":"https:\/\/scalp-sas.com\/nos-produits\/nettoyant-degraissant-freins-scalp-brake-cleaner\/","url":"https:\/\/scalp-sas.com\/nos-produits\/nettoyant-degraissant-freins-scalp-brake-cleaner\/","name":"Nettoyant et d\u00e9graissant pour freins - SCALP BRAKE CLEANER","isPartOf":{"@id":"https:\/\/scalp-sas.com\/#website"},"primaryImageOfPage":{"@id":"https:\/\/scalp-sas.com\/nos-produits\/nettoyant-degraissant-freins-scalp-brake-cleaner\/#primaryimage"},"image":{"@id":"https:\/\/scalp-sas.com\/nos-produits\/nettoyant-degraissant-freins-scalp-brake-cleaner\/#primaryimage"},"thumbnailUrl":"https:\/\/scalp-sas.com\/wp-content\/uploads\/2021\/11\/scalp-brake-cleaner.png","datePublished":"2021-11-12T12:48:08+00:00","dateModified":"2024-04-22T11:45:52+00:00","description":"Nettoyant et d\u00e9graissant pour freins, SCALP BRAKE CLEANER nettoie tous types de d\u00e9p\u00f4ts sur les freins, comme des r\u00e9sidus de goudron, etc.","breadcrumb":{"@id":"https:\/\/scalp-sas.com\/nos-produits\/nettoyant-degraissant-freins-scalp-brake-cleaner\/#breadcrumb"},"inLanguage":"en-US","potentialAction":[{"@type":"ReadAction","target":["https:\/\/scalp-sas.com\/nos-produits\/nettoyant-degraissant-freins-scalp-brake-cleaner\/"]}]},{"@type":"ImageObject","inLanguage":"en-US","@id":"https:\/\/scalp-sas.com\/nos-produits\/nettoyant-degraissant-freins-scalp-brake-cleaner\/#primaryimage","url":"https:\/\/scalp-sas.com\/wp-content\/uploads\/2021\/11\/scalp-brake-cleaner.png","contentUrl":"https:\/\/scalp-sas.com\/wp-content\/uploads\/2021\/11\/scalp-brake-cleaner.png","width":448,"height":448,"caption":"scalp brake cleaner"},{"@type":"BreadcrumbList","@id":"https:\/\/scalp-sas.com\/nos-produits\/nettoyant-degraissant-freins-scalp-brake-cleaner\/#breadcrumb","itemListElement":[{"@type":"ListItem","position":1,"name":"Nos produits","item":"https:\/\/scalp-sas.com\/es\/nuestros-productos\/"},{"@type":"ListItem","position":2,"name":"Nos produits","item":"https:\/\/scalp-sas.com\/categorie-produit\/nos-produits\/"},{"@type":"ListItem","position":3,"name":"Transport","item":"https:\/\/scalp-sas.com\/categorie-produit\/nos-produits\/transport\/"},{"@type":"ListItem","position":4,"name":"SCALP BRAKE CLEANER"}]},{"@type":"WebSite","@id":"https:\/\/scalp-sas.com\/#website","url":"https:\/\/scalp-sas.com\/","name":"SCALP SAS","description":"Sp\u00e9cialiste des solutions de d\u00e9capage, nettoyage, entretien et de protection depuis plus de 70 ans","publisher":{"@id":"https:\/\/scalp-sas.com\/#organization"},"potentialAction":[{"@type":"SearchAction","target":{"@type":"EntryPoint","urlTemplate":"https:\/\/scalp-sas.com\/?s={search_term_string}"},"query-input":{"@type":"PropertyValueSpecification","valueRequired":true,"valueName":"search_term_string"}}],"inLanguage":"en-US"},{"@type":"Organization","@id":"https:\/\/scalp-sas.com\/#organization","name":"SCALP SAS","url":"https:\/\/scalp-sas.com\/","logo":{"@type":"ImageObject","inLanguage":"en-US","@id":"https:\/\/scalp-sas.com\/#\/schema\/logo\/image\/","url":"https:\/\/scalp-sas.com\/wp-content\/uploads\/2021\/06\/logo-scalp-noir.svg","contentUrl":"https:\/\/scalp-sas.com\/wp-content\/uploads\/2021\/06\/logo-scalp-noir.svg","width":526.433,"height":274.69,"caption":"SCALP SAS"},"image":{"@id":"https:\/\/scalp-sas.com\/#\/schema\/logo\/image\/"},"sameAs":["https:\/\/www.linkedin.com\/company\/scalp-sas\/","https:\/\/www.instagram.com\/scalp_sas\/"]}]}},"_links":{"self":[{"href":"https:\/\/scalp-sas.com\/en\/wp-json\/wp\/v2\/product\/4879","targetHints":{"allow":["GET"]}}],"collection":[{"href":"https:\/\/scalp-sas.com\/en\/wp-json\/wp\/v2\/product"}],"about":[{"href":"https:\/\/scalp-sas.com\/en\/wp-json\/wp\/v2\/types\/product"}],"replies":[{"embeddable":true,"href":"https:\/\/scalp-sas.com\/en\/wp-json\/wp\/v2\/comments?post=4879"}],"wp:featuredmedia":[{"embeddable":true,"href":"https:\/\/scalp-sas.com\/en\/wp-json\/wp\/v2\/media\/11499"}],"wp:attachment":[{"href":"https:\/\/scalp-sas.com\/en\/wp-json\/wp\/v2\/media?parent=4879"}],"wp:term":[{"taxonomy":"product_brand","embeddable":true,"href":"https:\/\/scalp-sas.com\/en\/wp-json\/wp\/v2\/product_brand?post=4879"},{"taxonomy":"product_cat","embeddable":true,"href":"https:\/\/scalp-sas.com\/en\/wp-json\/wp\/v2\/product_cat?post=4879"},{"taxonomy":"product_tag","embeddable":true,"href":"https:\/\/scalp-sas.com\/en\/wp-json\/wp\/v2\/product_tag?post=4879"}],"curies":[{"name":"wp","href":"https:\/\/api.w.org\/{rel}","templated":true}]}}