{"id":4801,"date":"2021-11-09T09:56:26","date_gmt":"2021-11-09T09:56:26","guid":{"rendered":"https:\/\/scalp-sas.com\/?post_type=product&#038;p=4801"},"modified":"2023-08-18T09:24:30","modified_gmt":"2023-08-18T09:24:30","slug":"additif-bain-decapage-scalpik-l-12-sactivateur-scalpik-12-s","status":"publish","type":"product","link":"https:\/\/scalp-sas.com\/en\/nos-produits\/scalpik-l-12-s-stripping-bath-additive-activateur-scalpik-12-s\/","title":{"rendered":"ACTIVATEUR SCALPIK L12S"},"content":{"rendered":"<p class=\"p2\">Les d\u00e9capants chlor\u00e9s s\u2019\u00e9vaporent lors de leur utilisation. Cette \u00e9vaporation est fonction des \u00e9l\u00e9ments suivants : fr\u00e9quence d\u2019utilisation, surface de contact du bain avec l\u2019air et temp\u00e9rature du bain.\u00a0 Ces facteurs contribuent donc \u00e0 une baisse du pouvoir d\u00e9capant du bain. ACTIVATEUR SCALPIK L12S, produit additif pour bain de d\u00e9capage SCALPIK L12S, est sp\u00e9cialement con\u00e7u pour rem\u00e9dier \u00e0 ce probl\u00e8me. Ce produit additif pour bain de d\u00e9capage SCALPIK L12S n\u2019a pas un pouvoir d\u00e9capant \u00e0 lui tout seul mais doit toujours \u00eatre ajout\u00e9 au bain de SCALPIK L12 S d\u00e8s l\u2019observation d\u2019une baisse du pouvoir d\u00e9capant de ce dernier.<\/p>\n<p class=\"p2\">Verser ACTIVATEUR PIK L 12 S dans la cuve de d\u00e9capage contenant d\u00e9j\u00e0 le SCALPIK L 12 S. Homog\u00e9n\u00e9iser au maximum. Le bain est pr\u00eat \u00e0 l\u2019emploi. La dose \u00e0 ajouter varie en fonction de l\u2019\u00e9tat de bain. Elle peut varier de 10 \u00e0 30 % par rapport au poids total du produit \u00e0 ajuster. Si le bain contient une quantit\u00e9 importante de boues (peinture d\u00e9natur\u00e9e), il peut \u00eatre n\u00e9cessaire de le filtrer avant d&rsquo;effectuer le dosage.<\/p>\n<p class=\"p1\">Si le produit n&rsquo;est pas utilis\u00e9 dans les 12 mois \u00e0 partir de sa date de fabrication mais que les conditions de stockage ont \u00e9t\u00e9 respect\u00e9es alors un d\u00e9lai suppl\u00e9mentaire pourra lui \u00eatre attribu\u00e9. Prohibez tout contact avec la peau ou les muqueuses. Et manipulez en \u00e9vitant les projections.<\/p>","protected":false},"excerpt":{"rendered":"<p>ACTIVATEUR SCALPIK L12S is an additive activator for the SCALPIK L12S stripping bath. Chlorinated strippers evaporate when in use. This evaporation may be due to several factors like usage frequency, the surface of the bath coming into contact with air and the bath temperature. These factors therefore contribute to a decrease in the stripping power of the bath.<\/p>\n<p>ACTIVATEUR SCALPIK L 12 S is specially designed to remedy this problem. \nACTIVATEUR SCALPIK L 12 S does not have a cleaning power all by itself but must always be added to the bath of SCALPIK L 12 S as soon as the reduction of the cleaning power of the latter is observed.<\/p>","protected":false},"featured_media":6445,"comment_status":"open","ping_status":"closed","template":"","meta":{"_acf_changed":false},"product_brand":[],"product_cat":[78,33,112],"product_tag":[105],"class_list":{"0":"post-4801","1":"product","2":"type-product","3":"status-publish","4":"has-post-thumbnail","6":"product_cat-additifs-activateurs","7":"product_cat-industrie","8":"product_cat-nos-produits","9":"product_tag-additifs-activateurs","11":"first","12":"instock","13":"shipping-taxable","14":"product-type-simple"},"acf":[],"yoast_head":"<!-- This site is optimized with the Yoast SEO plugin v27.3 - https:\/\/yoast.com\/product\/yoast-seo-wordpress\/ -->\n<title>Additif bain de d\u00e9capage SCALPIK L12S - ACTIVATEUR SCALPIK L12S<\/title>\n<meta name=\"description\" content=\"Additif bain de d\u00e9capage SCALPIK L12S, ACTIVATEUR SCALPIK L12S est con\u00e7u pour \u00e9viter l&#039;\u00e9vaporation des d\u00e9capants chlor\u00e9s.\" \/>\n<meta name=\"robots\" content=\"index, follow, max-snippet:-1, max-image-preview:large, max-video-preview:-1\" \/>\n<link rel=\"canonical\" href=\"https:\/\/scalp-sas.com\/en\/nos-produits\/scalpik-l-12-s-stripping-bath-additive-activateur-scalpik-12-s\/\" \/>\n<meta property=\"og:locale\" content=\"en_US\" \/>\n<meta property=\"og:type\" content=\"article\" \/>\n<meta property=\"og:title\" content=\"Additif bain de d\u00e9capage SCALPIK L12S - ACTIVATEUR SCALPIK L12S\" \/>\n<meta property=\"og:description\" content=\"Additif bain de d\u00e9capage SCALPIK L12S, ACTIVATEUR SCALPIK L12S est con\u00e7u pour \u00e9viter l&#039;\u00e9vaporation des d\u00e9capants chlor\u00e9s.\" \/>\n<meta property=\"og:url\" content=\"https:\/\/scalp-sas.com\/en\/nos-produits\/scalpik-l-12-s-stripping-bath-additive-activateur-scalpik-12-s\/\" \/>\n<meta property=\"og:site_name\" content=\"SCALP SAS\" \/>\n<meta property=\"article:modified_time\" content=\"2023-08-18T09:24:30+00:00\" \/>\n<meta property=\"og:image\" content=\"https:\/\/scalp-sas.com\/wp-content\/uploads\/2021\/11\/activateur-scalpik-l-12S-1.png\" \/>\n\t<meta property=\"og:image:width\" content=\"448\" \/>\n\t<meta property=\"og:image:height\" content=\"448\" \/>\n\t<meta property=\"og:image:type\" content=\"image\/png\" \/>\n<meta name=\"twitter:card\" content=\"summary_large_image\" \/>\n<meta name=\"twitter:label1\" content=\"Est. reading time\" \/>\n\t<meta name=\"twitter:data1\" content=\"2 minutes\" \/>\n<script type=\"application\/ld+json\" class=\"yoast-schema-graph\">{\"@context\":\"https:\\\/\\\/schema.org\",\"@graph\":[{\"@type\":\"WebPage\",\"@id\":\"https:\\\/\\\/scalp-sas.com\\\/nos-produits\\\/additif-bain-decapage-scalpik-l-12-sactivateur-scalpik-12-s\\\/\",\"url\":\"https:\\\/\\\/scalp-sas.com\\\/nos-produits\\\/additif-bain-decapage-scalpik-l-12-sactivateur-scalpik-12-s\\\/\",\"name\":\"Additif bain de d\u00e9capage SCALPIK L12S - ACTIVATEUR SCALPIK L12S\",\"isPartOf\":{\"@id\":\"https:\\\/\\\/scalp-sas.com\\\/#website\"},\"primaryImageOfPage\":{\"@id\":\"https:\\\/\\\/scalp-sas.com\\\/nos-produits\\\/additif-bain-decapage-scalpik-l-12-sactivateur-scalpik-12-s\\\/#primaryimage\"},\"image\":{\"@id\":\"https:\\\/\\\/scalp-sas.com\\\/nos-produits\\\/additif-bain-decapage-scalpik-l-12-sactivateur-scalpik-12-s\\\/#primaryimage\"},\"thumbnailUrl\":\"https:\\\/\\\/scalp-sas.com\\\/wp-content\\\/uploads\\\/2021\\\/11\\\/activateur-scalpik-l-12S-1.png\",\"datePublished\":\"2021-11-09T09:56:26+00:00\",\"dateModified\":\"2023-08-18T09:24:30+00:00\",\"description\":\"Additif bain de d\u00e9capage SCALPIK L12S, ACTIVATEUR SCALPIK L12S est con\u00e7u pour \u00e9viter l'\u00e9vaporation des d\u00e9capants chlor\u00e9s.\",\"breadcrumb\":{\"@id\":\"https:\\\/\\\/scalp-sas.com\\\/nos-produits\\\/additif-bain-decapage-scalpik-l-12-sactivateur-scalpik-12-s\\\/#breadcrumb\"},\"inLanguage\":\"en-US\",\"potentialAction\":[{\"@type\":\"ReadAction\",\"target\":[\"https:\\\/\\\/scalp-sas.com\\\/nos-produits\\\/additif-bain-decapage-scalpik-l-12-sactivateur-scalpik-12-s\\\/\"]}]},{\"@type\":\"ImageObject\",\"inLanguage\":\"en-US\",\"@id\":\"https:\\\/\\\/scalp-sas.com\\\/nos-produits\\\/additif-bain-decapage-scalpik-l-12-sactivateur-scalpik-12-s\\\/#primaryimage\",\"url\":\"https:\\\/\\\/scalp-sas.com\\\/wp-content\\\/uploads\\\/2021\\\/11\\\/activateur-scalpik-l-12S-1.png\",\"contentUrl\":\"https:\\\/\\\/scalp-sas.com\\\/wp-content\\\/uploads\\\/2021\\\/11\\\/activateur-scalpik-l-12S-1.png\",\"width\":448,\"height\":448,\"caption\":\"Additif bain de d\u00e9capage SCALPIK L12S\"},{\"@type\":\"BreadcrumbList\",\"@id\":\"https:\\\/\\\/scalp-sas.com\\\/nos-produits\\\/additif-bain-decapage-scalpik-l-12-sactivateur-scalpik-12-s\\\/#breadcrumb\",\"itemListElement\":[{\"@type\":\"ListItem\",\"position\":1,\"name\":\"Nos produits\",\"item\":\"https:\\\/\\\/scalp-sas.com\\\/es\\\/nuestros-productos\\\/\"},{\"@type\":\"ListItem\",\"position\":2,\"name\":\"Nos produits\",\"item\":\"https:\\\/\\\/scalp-sas.com\\\/categorie-produit\\\/nos-produits\\\/\"},{\"@type\":\"ListItem\",\"position\":3,\"name\":\"industrie\",\"item\":\"https:\\\/\\\/scalp-sas.com\\\/categorie-produit\\\/nos-produits\\\/industrie\\\/\"},{\"@type\":\"ListItem\",\"position\":4,\"name\":\"ACTIVATEUR SCALPIK L12S\"}]},{\"@type\":\"WebSite\",\"@id\":\"https:\\\/\\\/scalp-sas.com\\\/#website\",\"url\":\"https:\\\/\\\/scalp-sas.com\\\/\",\"name\":\"SCALP SAS\",\"description\":\"Sp\u00e9cialiste des solutions de d\u00e9capage, nettoyage, entretien et de protection depuis plus de 70 ans\",\"publisher\":{\"@id\":\"https:\\\/\\\/scalp-sas.com\\\/#organization\"},\"potentialAction\":[{\"@type\":\"SearchAction\",\"target\":{\"@type\":\"EntryPoint\",\"urlTemplate\":\"https:\\\/\\\/scalp-sas.com\\\/?s={search_term_string}\"},\"query-input\":{\"@type\":\"PropertyValueSpecification\",\"valueRequired\":true,\"valueName\":\"search_term_string\"}}],\"inLanguage\":\"en-US\"},{\"@type\":\"Organization\",\"@id\":\"https:\\\/\\\/scalp-sas.com\\\/#organization\",\"name\":\"SCALP SAS\",\"url\":\"https:\\\/\\\/scalp-sas.com\\\/\",\"logo\":{\"@type\":\"ImageObject\",\"inLanguage\":\"en-US\",\"@id\":\"https:\\\/\\\/scalp-sas.com\\\/#\\\/schema\\\/logo\\\/image\\\/\",\"url\":\"https:\\\/\\\/scalp-sas.com\\\/wp-content\\\/uploads\\\/2021\\\/06\\\/logo-scalp-noir.svg\",\"contentUrl\":\"https:\\\/\\\/scalp-sas.com\\\/wp-content\\\/uploads\\\/2021\\\/06\\\/logo-scalp-noir.svg\",\"width\":526.433,\"height\":274.69,\"caption\":\"SCALP SAS\"},\"image\":{\"@id\":\"https:\\\/\\\/scalp-sas.com\\\/#\\\/schema\\\/logo\\\/image\\\/\"},\"sameAs\":[\"https:\\\/\\\/www.linkedin.com\\\/company\\\/scalp-sas\\\/\",\"https:\\\/\\\/www.instagram.com\\\/scalp_sas\\\/\"]}]}<\/script>\n<!-- \/ Yoast SEO plugin. -->","yoast_head_json":{"title":"Additif bain de d\u00e9capage SCALPIK L12S - ACTIVATEUR SCALPIK L12S","description":"Additif bain de d\u00e9capage SCALPIK L12S, ACTIVATEUR SCALPIK L12S est con\u00e7u pour \u00e9viter l'\u00e9vaporation des d\u00e9capants chlor\u00e9s.","robots":{"index":"index","follow":"follow","max-snippet":"max-snippet:-1","max-image-preview":"max-image-preview:large","max-video-preview":"max-video-preview:-1"},"canonical":"https:\/\/scalp-sas.com\/en\/nos-produits\/scalpik-l-12-s-stripping-bath-additive-activateur-scalpik-12-s\/","og_locale":"en_US","og_type":"article","og_title":"Additif bain de d\u00e9capage SCALPIK L12S - ACTIVATEUR SCALPIK L12S","og_description":"Additif bain de d\u00e9capage SCALPIK L12S, ACTIVATEUR SCALPIK L12S est con\u00e7u pour \u00e9viter l'\u00e9vaporation des d\u00e9capants chlor\u00e9s.","og_url":"https:\/\/scalp-sas.com\/en\/nos-produits\/scalpik-l-12-s-stripping-bath-additive-activateur-scalpik-12-s\/","og_site_name":"SCALP SAS","article_modified_time":"2023-08-18T09:24:30+00:00","og_image":[{"width":448,"height":448,"url":"https:\/\/scalp-sas.com\/wp-content\/uploads\/2021\/11\/activateur-scalpik-l-12S-1.png","type":"image\/png"}],"twitter_card":"summary_large_image","twitter_misc":{"Est. reading time":"2 minutes"},"schema":{"@context":"https:\/\/schema.org","@graph":[{"@type":"WebPage","@id":"https:\/\/scalp-sas.com\/nos-produits\/additif-bain-decapage-scalpik-l-12-sactivateur-scalpik-12-s\/","url":"https:\/\/scalp-sas.com\/nos-produits\/additif-bain-decapage-scalpik-l-12-sactivateur-scalpik-12-s\/","name":"Additif bain de d\u00e9capage SCALPIK L12S - ACTIVATEUR SCALPIK L12S","isPartOf":{"@id":"https:\/\/scalp-sas.com\/#website"},"primaryImageOfPage":{"@id":"https:\/\/scalp-sas.com\/nos-produits\/additif-bain-decapage-scalpik-l-12-sactivateur-scalpik-12-s\/#primaryimage"},"image":{"@id":"https:\/\/scalp-sas.com\/nos-produits\/additif-bain-decapage-scalpik-l-12-sactivateur-scalpik-12-s\/#primaryimage"},"thumbnailUrl":"https:\/\/scalp-sas.com\/wp-content\/uploads\/2021\/11\/activateur-scalpik-l-12S-1.png","datePublished":"2021-11-09T09:56:26+00:00","dateModified":"2023-08-18T09:24:30+00:00","description":"Additif bain de d\u00e9capage SCALPIK L12S, ACTIVATEUR SCALPIK L12S est con\u00e7u pour \u00e9viter l'\u00e9vaporation des d\u00e9capants chlor\u00e9s.","breadcrumb":{"@id":"https:\/\/scalp-sas.com\/nos-produits\/additif-bain-decapage-scalpik-l-12-sactivateur-scalpik-12-s\/#breadcrumb"},"inLanguage":"en-US","potentialAction":[{"@type":"ReadAction","target":["https:\/\/scalp-sas.com\/nos-produits\/additif-bain-decapage-scalpik-l-12-sactivateur-scalpik-12-s\/"]}]},{"@type":"ImageObject","inLanguage":"en-US","@id":"https:\/\/scalp-sas.com\/nos-produits\/additif-bain-decapage-scalpik-l-12-sactivateur-scalpik-12-s\/#primaryimage","url":"https:\/\/scalp-sas.com\/wp-content\/uploads\/2021\/11\/activateur-scalpik-l-12S-1.png","contentUrl":"https:\/\/scalp-sas.com\/wp-content\/uploads\/2021\/11\/activateur-scalpik-l-12S-1.png","width":448,"height":448,"caption":"Additif bain de d\u00e9capage SCALPIK L12S"},{"@type":"BreadcrumbList","@id":"https:\/\/scalp-sas.com\/nos-produits\/additif-bain-decapage-scalpik-l-12-sactivateur-scalpik-12-s\/#breadcrumb","itemListElement":[{"@type":"ListItem","position":1,"name":"Nos produits","item":"https:\/\/scalp-sas.com\/es\/nuestros-productos\/"},{"@type":"ListItem","position":2,"name":"Nos produits","item":"https:\/\/scalp-sas.com\/categorie-produit\/nos-produits\/"},{"@type":"ListItem","position":3,"name":"industrie","item":"https:\/\/scalp-sas.com\/categorie-produit\/nos-produits\/industrie\/"},{"@type":"ListItem","position":4,"name":"ACTIVATEUR SCALPIK L12S"}]},{"@type":"WebSite","@id":"https:\/\/scalp-sas.com\/#website","url":"https:\/\/scalp-sas.com\/","name":"SCALP SAS","description":"Sp\u00e9cialiste des solutions de d\u00e9capage, nettoyage, entretien et de protection depuis plus de 70 ans","publisher":{"@id":"https:\/\/scalp-sas.com\/#organization"},"potentialAction":[{"@type":"SearchAction","target":{"@type":"EntryPoint","urlTemplate":"https:\/\/scalp-sas.com\/?s={search_term_string}"},"query-input":{"@type":"PropertyValueSpecification","valueRequired":true,"valueName":"search_term_string"}}],"inLanguage":"en-US"},{"@type":"Organization","@id":"https:\/\/scalp-sas.com\/#organization","name":"SCALP SAS","url":"https:\/\/scalp-sas.com\/","logo":{"@type":"ImageObject","inLanguage":"en-US","@id":"https:\/\/scalp-sas.com\/#\/schema\/logo\/image\/","url":"https:\/\/scalp-sas.com\/wp-content\/uploads\/2021\/06\/logo-scalp-noir.svg","contentUrl":"https:\/\/scalp-sas.com\/wp-content\/uploads\/2021\/06\/logo-scalp-noir.svg","width":526.433,"height":274.69,"caption":"SCALP SAS"},"image":{"@id":"https:\/\/scalp-sas.com\/#\/schema\/logo\/image\/"},"sameAs":["https:\/\/www.linkedin.com\/company\/scalp-sas\/","https:\/\/www.instagram.com\/scalp_sas\/"]}]}},"_links":{"self":[{"href":"https:\/\/scalp-sas.com\/en\/wp-json\/wp\/v2\/product\/4801","targetHints":{"allow":["GET"]}}],"collection":[{"href":"https:\/\/scalp-sas.com\/en\/wp-json\/wp\/v2\/product"}],"about":[{"href":"https:\/\/scalp-sas.com\/en\/wp-json\/wp\/v2\/types\/product"}],"replies":[{"embeddable":true,"href":"https:\/\/scalp-sas.com\/en\/wp-json\/wp\/v2\/comments?post=4801"}],"wp:featuredmedia":[{"embeddable":true,"href":"https:\/\/scalp-sas.com\/en\/wp-json\/wp\/v2\/media\/6445"}],"wp:attachment":[{"href":"https:\/\/scalp-sas.com\/en\/wp-json\/wp\/v2\/media?parent=4801"}],"wp:term":[{"taxonomy":"product_brand","embeddable":true,"href":"https:\/\/scalp-sas.com\/en\/wp-json\/wp\/v2\/product_brand?post=4801"},{"taxonomy":"product_cat","embeddable":true,"href":"https:\/\/scalp-sas.com\/en\/wp-json\/wp\/v2\/product_cat?post=4801"},{"taxonomy":"product_tag","embeddable":true,"href":"https:\/\/scalp-sas.com\/en\/wp-json\/wp\/v2\/product_tag?post=4801"}],"curies":[{"name":"wp","href":"https:\/\/api.w.org\/{rel}","templated":true}]}}