{"id":4798,"date":"2021-11-09T09:44:45","date_gmt":"2021-11-09T09:44:45","guid":{"rendered":"https:\/\/scalp-sas.com\/?post_type=product&#038;p=4798"},"modified":"2023-08-18T09:24:36","modified_gmt":"2023-08-18T09:24:36","slug":"additif-bain-decapage-additif-stripac-base-eco","status":"publish","type":"product","link":"https:\/\/scalp-sas.com\/en\/nos-produits\/stripping-bath-additive-additif-stripac-base-eco\/","title":{"rendered":"ADDITIF STRIPAC BASE ECO"},"content":{"rendered":"<p class=\"p2\">La m\u00e9thode STRIPAC utilise un d\u00e9capant peinture chlor\u00e9 alcalin compos\u00e9 d&rsquo;une base et d&rsquo;un additif. En effet, le produit s&rsquo;utilise \u00e0 temp\u00e9rature ambiante. De plus, il agit sur un grand nombre de peintures (\u00e9poxy polyester, glyc\u00e9rophtalique, vinylique, acrylique, lasures, vernis, appr\u00eats, etc&#8230;), par dissolution des r\u00e9sines et d\u00e9naturation des pigments min\u00e9raux de la peinture. Le film de peinture d\u00e9sagr\u00e9g\u00e9 par STRIPAC s&rsquo;\u00e9limine par simple rin\u00e7age \u00e0 l&rsquo;eau, par immersion, ou mieux \u00e0 la haute pression. L&rsquo;ADDITIF STRIPAC BASE ECO est un additif pour bain de d\u00e9capage. Cette composition est sans attaque sur les substrats tels que l&rsquo;acier, le bois.<\/p>\n<p class=\"p1\">Remplir la cuve avec STRIPAC BASE ECO. Ajouter l&rsquo;ADDITIF STRIPAC BASE ECO, additif pour bain de d\u00e9capage. Homog\u00e9n\u00e9isez ensuite le bain. Un film insoluble se forme \u00e0 la surface au cours du temps pour \u00e9viter l&rsquo;\u00e9vaporation du bain. Faites attention, si le bain contient une quantit\u00e9 importante de boues (peinture d\u00e9natur\u00e9e), il peut \u00eatre n\u00e9cessaire de le filtrer avant d&rsquo;effectuer le dosage.<\/p>\n<p class=\"p1\">Pour maintenir le bain dans les param\u00e8tres performants, ajoutez 12,5 L d&rsquo;ADDITIF STRIPAC BASE ECO par 1000 L. Et ce d\u00e8s qu\u2019une baisse d\u2019efficacit\u00e9 s&rsquo;observe. La remise \u00e0 niveau du bain s&rsquo;effectue avec STRIPAC BASE ECO. Apr\u00e8s rin\u00e7age, les pi\u00e8ces subissent un traitement de surface avant la remise en peinture.<\/p>\n<p class=\"p1\">","protected":false},"excerpt":{"rendered":"<p>ADDITIF STRIPAC BASE ECO is a concentrated alkaline accelerator. It strips paints by immersion and forms part of the STRIPAC method. This is a concentrated alkaline accelerator that must added to the stripping bath, making it possible to strip a large number of paints (epoxy-polyester, glycerophtalic, vinyl and acrylic paint, stains, varnishes, primers etc.). This additive dissolves the resins and denatures the mineral pigments found in paint.\nThe STRIPAC paint film is removed by simply rinsing with water, immersion, or better at high pressure.  This composition is without attack on substrates such as steel or wood.<\/p>","protected":false},"featured_media":6446,"comment_status":"open","ping_status":"closed","template":"","meta":{"_acf_changed":false},"product_brand":[],"product_cat":[78,33,112],"product_tag":[105],"class_list":{"0":"post-4798","1":"product","2":"type-product","3":"status-publish","4":"has-post-thumbnail","6":"product_cat-additifs-activateurs","7":"product_cat-industrie","8":"product_cat-nos-produits","9":"product_tag-additifs-activateurs","11":"first","12":"instock","13":"shipping-taxable","14":"product-type-simple"},"acf":[],"yoast_head":"<!-- This site is optimized with the Yoast SEO plugin v27.4 - https:\/\/yoast.com\/product\/yoast-seo-wordpress\/ -->\n<title>Additif pour bain de d\u00e9capage - ADDITIF STRIPAC BASE ECO<\/title>\n<meta name=\"description\" content=\"Additif pour bain de d\u00e9capage, ADDITIF STRIPAC BASE ECO fait partie de la m\u00e9thode STRIPAC compos\u00e9 d&#039;une base et d&#039;un additif.\" \/>\n<meta name=\"robots\" content=\"index, follow, max-snippet:-1, max-image-preview:large, max-video-preview:-1\" \/>\n<link rel=\"canonical\" href=\"https:\/\/scalp-sas.com\/en\/nos-produits\/stripping-bath-additive-additif-stripac-base-eco\/\" \/>\n<meta property=\"og:locale\" content=\"en_US\" \/>\n<meta property=\"og:type\" content=\"article\" \/>\n<meta property=\"og:title\" content=\"Additif pour bain de d\u00e9capage - ADDITIF STRIPAC BASE ECO\" \/>\n<meta property=\"og:description\" content=\"Additif pour bain de d\u00e9capage, ADDITIF STRIPAC BASE ECO fait partie de la m\u00e9thode STRIPAC compos\u00e9 d&#039;une base et d&#039;un additif.\" \/>\n<meta property=\"og:url\" content=\"https:\/\/scalp-sas.com\/en\/nos-produits\/stripping-bath-additive-additif-stripac-base-eco\/\" \/>\n<meta property=\"og:site_name\" content=\"SCALP SAS\" \/>\n<meta property=\"article:modified_time\" content=\"2023-08-18T09:24:36+00:00\" \/>\n<meta property=\"og:image\" content=\"https:\/\/scalp-sas.com\/wp-content\/uploads\/2021\/11\/additif-stripac-base-eco-1.png\" \/>\n\t<meta property=\"og:image:width\" content=\"448\" \/>\n\t<meta property=\"og:image:height\" content=\"448\" \/>\n\t<meta property=\"og:image:type\" content=\"image\/png\" \/>\n<meta name=\"twitter:card\" content=\"summary_large_image\" \/>\n<meta name=\"twitter:label1\" content=\"Est. reading time\" \/>\n\t<meta name=\"twitter:data1\" content=\"2 minutes\" \/>\n<script type=\"application\/ld+json\" class=\"yoast-schema-graph\">{\"@context\":\"https:\\\/\\\/schema.org\",\"@graph\":[{\"@type\":\"WebPage\",\"@id\":\"https:\\\/\\\/scalp-sas.com\\\/nos-produits\\\/additif-bain-decapage-additif-stripac-base-eco\\\/\",\"url\":\"https:\\\/\\\/scalp-sas.com\\\/nos-produits\\\/additif-bain-decapage-additif-stripac-base-eco\\\/\",\"name\":\"Additif pour bain de d\u00e9capage - ADDITIF STRIPAC BASE ECO\",\"isPartOf\":{\"@id\":\"https:\\\/\\\/scalp-sas.com\\\/#website\"},\"primaryImageOfPage\":{\"@id\":\"https:\\\/\\\/scalp-sas.com\\\/nos-produits\\\/additif-bain-decapage-additif-stripac-base-eco\\\/#primaryimage\"},\"image\":{\"@id\":\"https:\\\/\\\/scalp-sas.com\\\/nos-produits\\\/additif-bain-decapage-additif-stripac-base-eco\\\/#primaryimage\"},\"thumbnailUrl\":\"https:\\\/\\\/scalp-sas.com\\\/wp-content\\\/uploads\\\/2021\\\/11\\\/additif-stripac-base-eco-1.png\",\"datePublished\":\"2021-11-09T09:44:45+00:00\",\"dateModified\":\"2023-08-18T09:24:36+00:00\",\"description\":\"Additif pour bain de d\u00e9capage, ADDITIF STRIPAC BASE ECO fait partie de la m\u00e9thode STRIPAC compos\u00e9 d'une base et d'un additif.\",\"breadcrumb\":{\"@id\":\"https:\\\/\\\/scalp-sas.com\\\/nos-produits\\\/additif-bain-decapage-additif-stripac-base-eco\\\/#breadcrumb\"},\"inLanguage\":\"en-US\",\"potentialAction\":[{\"@type\":\"ReadAction\",\"target\":[\"https:\\\/\\\/scalp-sas.com\\\/nos-produits\\\/additif-bain-decapage-additif-stripac-base-eco\\\/\"]}]},{\"@type\":\"ImageObject\",\"inLanguage\":\"en-US\",\"@id\":\"https:\\\/\\\/scalp-sas.com\\\/nos-produits\\\/additif-bain-decapage-additif-stripac-base-eco\\\/#primaryimage\",\"url\":\"https:\\\/\\\/scalp-sas.com\\\/wp-content\\\/uploads\\\/2021\\\/11\\\/additif-stripac-base-eco-1.png\",\"contentUrl\":\"https:\\\/\\\/scalp-sas.com\\\/wp-content\\\/uploads\\\/2021\\\/11\\\/additif-stripac-base-eco-1.png\",\"width\":448,\"height\":448,\"caption\":\"Additif pour bain de d\u00e9capage\"},{\"@type\":\"BreadcrumbList\",\"@id\":\"https:\\\/\\\/scalp-sas.com\\\/nos-produits\\\/additif-bain-decapage-additif-stripac-base-eco\\\/#breadcrumb\",\"itemListElement\":[{\"@type\":\"ListItem\",\"position\":1,\"name\":\"Nos produits\",\"item\":\"https:\\\/\\\/scalp-sas.com\\\/es\\\/nuestros-productos\\\/\"},{\"@type\":\"ListItem\",\"position\":2,\"name\":\"Nos produits\",\"item\":\"https:\\\/\\\/scalp-sas.com\\\/categorie-produit\\\/nos-produits\\\/\"},{\"@type\":\"ListItem\",\"position\":3,\"name\":\"industrie\",\"item\":\"https:\\\/\\\/scalp-sas.com\\\/categorie-produit\\\/nos-produits\\\/industrie\\\/\"},{\"@type\":\"ListItem\",\"position\":4,\"name\":\"ADDITIF STRIPAC BASE ECO\"}]},{\"@type\":\"WebSite\",\"@id\":\"https:\\\/\\\/scalp-sas.com\\\/#website\",\"url\":\"https:\\\/\\\/scalp-sas.com\\\/\",\"name\":\"SCALP SAS\",\"description\":\"Sp\u00e9cialiste des solutions de d\u00e9capage, nettoyage, entretien et de protection depuis plus de 70 ans\",\"publisher\":{\"@id\":\"https:\\\/\\\/scalp-sas.com\\\/#organization\"},\"potentialAction\":[{\"@type\":\"SearchAction\",\"target\":{\"@type\":\"EntryPoint\",\"urlTemplate\":\"https:\\\/\\\/scalp-sas.com\\\/?s={search_term_string}\"},\"query-input\":{\"@type\":\"PropertyValueSpecification\",\"valueRequired\":true,\"valueName\":\"search_term_string\"}}],\"inLanguage\":\"en-US\"},{\"@type\":\"Organization\",\"@id\":\"https:\\\/\\\/scalp-sas.com\\\/#organization\",\"name\":\"SCALP SAS\",\"url\":\"https:\\\/\\\/scalp-sas.com\\\/\",\"logo\":{\"@type\":\"ImageObject\",\"inLanguage\":\"en-US\",\"@id\":\"https:\\\/\\\/scalp-sas.com\\\/#\\\/schema\\\/logo\\\/image\\\/\",\"url\":\"https:\\\/\\\/scalp-sas.com\\\/wp-content\\\/uploads\\\/2021\\\/06\\\/logo-scalp-noir.svg\",\"contentUrl\":\"https:\\\/\\\/scalp-sas.com\\\/wp-content\\\/uploads\\\/2021\\\/06\\\/logo-scalp-noir.svg\",\"width\":526.433,\"height\":274.69,\"caption\":\"SCALP SAS\"},\"image\":{\"@id\":\"https:\\\/\\\/scalp-sas.com\\\/#\\\/schema\\\/logo\\\/image\\\/\"},\"sameAs\":[\"https:\\\/\\\/www.linkedin.com\\\/company\\\/scalp-sas\\\/\",\"https:\\\/\\\/www.instagram.com\\\/scalp_sas\\\/\"]}]}<\/script>\n<!-- \/ Yoast SEO plugin. -->","yoast_head_json":{"title":"Additif pour bain de d\u00e9capage - ADDITIF STRIPAC BASE ECO","description":"Additif pour bain de d\u00e9capage, ADDITIF STRIPAC BASE ECO fait partie de la m\u00e9thode STRIPAC compos\u00e9 d'une base et d'un additif.","robots":{"index":"index","follow":"follow","max-snippet":"max-snippet:-1","max-image-preview":"max-image-preview:large","max-video-preview":"max-video-preview:-1"},"canonical":"https:\/\/scalp-sas.com\/en\/nos-produits\/stripping-bath-additive-additif-stripac-base-eco\/","og_locale":"en_US","og_type":"article","og_title":"Additif pour bain de d\u00e9capage - ADDITIF STRIPAC BASE ECO","og_description":"Additif pour bain de d\u00e9capage, ADDITIF STRIPAC BASE ECO fait partie de la m\u00e9thode STRIPAC compos\u00e9 d'une base et d'un additif.","og_url":"https:\/\/scalp-sas.com\/en\/nos-produits\/stripping-bath-additive-additif-stripac-base-eco\/","og_site_name":"SCALP SAS","article_modified_time":"2023-08-18T09:24:36+00:00","og_image":[{"width":448,"height":448,"url":"https:\/\/scalp-sas.com\/wp-content\/uploads\/2021\/11\/additif-stripac-base-eco-1.png","type":"image\/png"}],"twitter_card":"summary_large_image","twitter_misc":{"Est. reading time":"2 minutes"},"schema":{"@context":"https:\/\/schema.org","@graph":[{"@type":"WebPage","@id":"https:\/\/scalp-sas.com\/nos-produits\/additif-bain-decapage-additif-stripac-base-eco\/","url":"https:\/\/scalp-sas.com\/nos-produits\/additif-bain-decapage-additif-stripac-base-eco\/","name":"Additif pour bain de d\u00e9capage - ADDITIF STRIPAC BASE ECO","isPartOf":{"@id":"https:\/\/scalp-sas.com\/#website"},"primaryImageOfPage":{"@id":"https:\/\/scalp-sas.com\/nos-produits\/additif-bain-decapage-additif-stripac-base-eco\/#primaryimage"},"image":{"@id":"https:\/\/scalp-sas.com\/nos-produits\/additif-bain-decapage-additif-stripac-base-eco\/#primaryimage"},"thumbnailUrl":"https:\/\/scalp-sas.com\/wp-content\/uploads\/2021\/11\/additif-stripac-base-eco-1.png","datePublished":"2021-11-09T09:44:45+00:00","dateModified":"2023-08-18T09:24:36+00:00","description":"Additif pour bain de d\u00e9capage, ADDITIF STRIPAC BASE ECO fait partie de la m\u00e9thode STRIPAC compos\u00e9 d'une base et d'un additif.","breadcrumb":{"@id":"https:\/\/scalp-sas.com\/nos-produits\/additif-bain-decapage-additif-stripac-base-eco\/#breadcrumb"},"inLanguage":"en-US","potentialAction":[{"@type":"ReadAction","target":["https:\/\/scalp-sas.com\/nos-produits\/additif-bain-decapage-additif-stripac-base-eco\/"]}]},{"@type":"ImageObject","inLanguage":"en-US","@id":"https:\/\/scalp-sas.com\/nos-produits\/additif-bain-decapage-additif-stripac-base-eco\/#primaryimage","url":"https:\/\/scalp-sas.com\/wp-content\/uploads\/2021\/11\/additif-stripac-base-eco-1.png","contentUrl":"https:\/\/scalp-sas.com\/wp-content\/uploads\/2021\/11\/additif-stripac-base-eco-1.png","width":448,"height":448,"caption":"Additif pour bain de d\u00e9capage"},{"@type":"BreadcrumbList","@id":"https:\/\/scalp-sas.com\/nos-produits\/additif-bain-decapage-additif-stripac-base-eco\/#breadcrumb","itemListElement":[{"@type":"ListItem","position":1,"name":"Nos produits","item":"https:\/\/scalp-sas.com\/es\/nuestros-productos\/"},{"@type":"ListItem","position":2,"name":"Nos produits","item":"https:\/\/scalp-sas.com\/categorie-produit\/nos-produits\/"},{"@type":"ListItem","position":3,"name":"industrie","item":"https:\/\/scalp-sas.com\/categorie-produit\/nos-produits\/industrie\/"},{"@type":"ListItem","position":4,"name":"ADDITIF STRIPAC BASE ECO"}]},{"@type":"WebSite","@id":"https:\/\/scalp-sas.com\/#website","url":"https:\/\/scalp-sas.com\/","name":"SCALP SAS","description":"Sp\u00e9cialiste des solutions de d\u00e9capage, nettoyage, entretien et de protection depuis plus de 70 ans","publisher":{"@id":"https:\/\/scalp-sas.com\/#organization"},"potentialAction":[{"@type":"SearchAction","target":{"@type":"EntryPoint","urlTemplate":"https:\/\/scalp-sas.com\/?s={search_term_string}"},"query-input":{"@type":"PropertyValueSpecification","valueRequired":true,"valueName":"search_term_string"}}],"inLanguage":"en-US"},{"@type":"Organization","@id":"https:\/\/scalp-sas.com\/#organization","name":"SCALP SAS","url":"https:\/\/scalp-sas.com\/","logo":{"@type":"ImageObject","inLanguage":"en-US","@id":"https:\/\/scalp-sas.com\/#\/schema\/logo\/image\/","url":"https:\/\/scalp-sas.com\/wp-content\/uploads\/2021\/06\/logo-scalp-noir.svg","contentUrl":"https:\/\/scalp-sas.com\/wp-content\/uploads\/2021\/06\/logo-scalp-noir.svg","width":526.433,"height":274.69,"caption":"SCALP SAS"},"image":{"@id":"https:\/\/scalp-sas.com\/#\/schema\/logo\/image\/"},"sameAs":["https:\/\/www.linkedin.com\/company\/scalp-sas\/","https:\/\/www.instagram.com\/scalp_sas\/"]}]}},"_links":{"self":[{"href":"https:\/\/scalp-sas.com\/en\/wp-json\/wp\/v2\/product\/4798","targetHints":{"allow":["GET"]}}],"collection":[{"href":"https:\/\/scalp-sas.com\/en\/wp-json\/wp\/v2\/product"}],"about":[{"href":"https:\/\/scalp-sas.com\/en\/wp-json\/wp\/v2\/types\/product"}],"replies":[{"embeddable":true,"href":"https:\/\/scalp-sas.com\/en\/wp-json\/wp\/v2\/comments?post=4798"}],"wp:featuredmedia":[{"embeddable":true,"href":"https:\/\/scalp-sas.com\/en\/wp-json\/wp\/v2\/media\/6446"}],"wp:attachment":[{"href":"https:\/\/scalp-sas.com\/en\/wp-json\/wp\/v2\/media?parent=4798"}],"wp:term":[{"taxonomy":"product_brand","embeddable":true,"href":"https:\/\/scalp-sas.com\/en\/wp-json\/wp\/v2\/product_brand?post=4798"},{"taxonomy":"product_cat","embeddable":true,"href":"https:\/\/scalp-sas.com\/en\/wp-json\/wp\/v2\/product_cat?post=4798"},{"taxonomy":"product_tag","embeddable":true,"href":"https:\/\/scalp-sas.com\/en\/wp-json\/wp\/v2\/product_tag?post=4798"}],"curies":[{"name":"wp","href":"https:\/\/api.w.org\/{rel}","templated":true}]}}