{"id":7218,"date":"2022-09-19T12:39:34","date_gmt":"2022-09-19T12:39:34","guid":{"rendered":"https:\/\/scalp-sas.com\/?page_id=7218"},"modified":"2022-10-06T13:44:22","modified_gmt":"2022-10-06T13:44:22","slug":"top-home","status":"publish","type":"page","link":"https:\/\/scalp-sas.com\/en\/top-home\/","title":{"rendered":"TOP HOME"},"content":{"rendered":"<div data-elementor-type=\"wp-page\" data-elementor-id=\"7218\" class=\"elementor elementor-7218\" data-elementor-post-type=\"page\">\n\t\t\t\t\t\t<section class=\"elementor-section elementor-top-section elementor-element elementor-element-f1437cf elementor-section-height-min-height elementor-section-items-top elementor-section-boxed elementor-section-height-default\" data-id=\"f1437cf\" data-element_type=\"section\" data-e-type=\"section\" data-settings=\"{&quot;background_background&quot;:&quot;classic&quot;}\">\n\t\t\t\t\t\t<div class=\"elementor-container elementor-column-gap-default\">\n\t\t\t\t\t<div class=\"elementor-column elementor-col-100 elementor-top-column elementor-element elementor-element-84df0ee\" data-id=\"84df0ee\" data-element_type=\"column\" data-e-type=\"column\">\n\t\t\t<div class=\"elementor-widget-wrap elementor-element-populated\">\n\t\t\t\t\t\t<section class=\"elementor-section elementor-inner-section elementor-element elementor-element-f531e10 elementor-section-height-min-height elementor-section-boxed elementor-section-height-default\" data-id=\"f531e10\" data-element_type=\"section\" data-e-type=\"section\">\n\t\t\t\t\t\t<div class=\"elementor-container elementor-column-gap-default\">\n\t\t\t\t\t<div class=\"elementor-column elementor-col-50 elementor-inner-column elementor-element elementor-element-a099b3a\" data-id=\"a099b3a\" data-element_type=\"column\" data-e-type=\"column\" data-settings=\"{&quot;background_background&quot;:&quot;classic&quot;}\">\n\t\t\t<div class=\"elementor-widget-wrap elementor-element-populated\">\n\t\t\t\t\t\t<div class=\"elementor-element elementor-element-083ad4b elementor-widget-mobile__width-initial elementor-widget elementor-widget-heading\" data-id=\"083ad4b\" data-element_type=\"widget\" data-e-type=\"widget\" data-widget_type=\"heading.default\">\n\t\t\t\t<div class=\"elementor-widget-container\">\n\t\t\t\t\t<h2 class=\"elementor-heading-title elementor-size-default\">TOP HOME<\/h2>\t\t\t\t<\/div>\n\t\t\t\t<\/div>\n\t\t\t\t<div class=\"elementor-element elementor-element-dfd243d elementor-widget__width-initial elementor-widget elementor-widget-text-editor\" data-id=\"dfd243d\" data-element_type=\"widget\" data-e-type=\"widget\" data-widget_type=\"text-editor.default\">\n\t\t\t\t<div class=\"elementor-widget-container\">\n\t\t\t\t\t\t\t\t\t<p class=\"p1\">Les produits TOP HOME sont imagin\u00e9s et formul\u00e9s de mani\u00e8re \u00e0 avoir les meilleurs r\u00e9sultats et r\u00e9pondre \u00e0 un maximum de besoins.<\/p>\t\t\t\t\t\t\t\t<\/div>\n\t\t\t\t<\/div>\n\t\t\t\t\t<\/div>\n\t\t<\/div>\n\t\t\t\t<div class=\"elementor-column elementor-col-50 elementor-inner-column elementor-element elementor-element-009b3bc\" data-id=\"009b3bc\" data-element_type=\"column\" data-e-type=\"column\" data-settings=\"{&quot;background_background&quot;:&quot;classic&quot;}\">\n\t\t\t<div class=\"elementor-widget-wrap elementor-element-populated\">\n\t\t\t\t\t\t<div class=\"elementor-element elementor-element-5cafd90 elementor-widget elementor-widget-image\" data-id=\"5cafd90\" data-element_type=\"widget\" data-e-type=\"widget\" data-widget_type=\"image.default\">\n\t\t\t\t<div class=\"elementor-widget-container\">\n\t\t\t\t\t\t\t\t\t\t\t\t\t\t\t<img fetchpriority=\"high\" decoding=\"async\" width=\"2560\" height=\"1833\" src=\"https:\/\/scalp-sas.com\/wp-content\/uploads\/2022\/09\/AdobeStock_127964906-scaled.jpeg\" class=\"attachment-full size-full wp-image-7221\" alt=\"Stripping Work\" srcset=\"https:\/\/scalp-sas.com\/wp-content\/uploads\/2022\/09\/AdobeStock_127964906-scaled.jpeg 2560w, https:\/\/scalp-sas.com\/wp-content\/uploads\/2022\/09\/AdobeStock_127964906-300x215.jpeg 300w, https:\/\/scalp-sas.com\/wp-content\/uploads\/2022\/09\/AdobeStock_127964906-1024x733.jpeg 1024w, https:\/\/scalp-sas.com\/wp-content\/uploads\/2022\/09\/AdobeStock_127964906-768x550.jpeg 768w, https:\/\/scalp-sas.com\/wp-content\/uploads\/2022\/09\/AdobeStock_127964906-1536x1100.jpeg 1536w, https:\/\/scalp-sas.com\/wp-content\/uploads\/2022\/09\/AdobeStock_127964906-2048x1466.jpeg 2048w, https:\/\/scalp-sas.com\/wp-content\/uploads\/2022\/09\/AdobeStock_127964906-18x12.jpeg 18w, https:\/\/scalp-sas.com\/wp-content\/uploads\/2022\/09\/AdobeStock_127964906-600x430.jpeg 600w\" sizes=\"(max-width: 2560px) 100vw, 2560px\" \/>\t\t\t\t\t\t\t\t\t\t\t\t\t\t\t<\/div>\n\t\t\t\t<\/div>\n\t\t\t\t\t<\/div>\n\t\t<\/div>\n\t\t\t\t\t<\/div>\n\t\t<\/section>\n\t\t\t\t\t<\/div>\n\t\t<\/div>\n\t\t\t\t\t<\/div>\n\t\t<\/section>\n\t\t\t\t<section class=\"elementor-section elementor-top-section elementor-element elementor-element-f848939 elementor-section-boxed elementor-section-height-default elementor-section-height-default\" data-id=\"f848939\" data-element_type=\"section\" data-e-type=\"section\">\n\t\t\t\t\t\t<div class=\"elementor-container elementor-column-gap-default\">\n\t\t\t\t\t<div class=\"elementor-column elementor-col-100 elementor-top-column elementor-element elementor-element-59893cc\" data-id=\"59893cc\" data-element_type=\"column\" data-e-type=\"column\">\n\t\t\t<div class=\"elementor-widget-wrap elementor-element-populated\">\n\t\t\t\t\t\t<div class=\"elementor-element elementor-element-5728764 elementor-widget elementor-widget-heading\" data-id=\"5728764\" data-element_type=\"widget\" data-e-type=\"widget\" data-widget_type=\"heading.default\">\n\t\t\t\t<div class=\"elementor-widget-container\">\n\t\t\t\t\t<h2 class=\"elementor-heading-title elementor-size-default\">TOP HOME : INFORMATIONS &amp; INGR\u00c9DIENTS<\/h2>\t\t\t\t<\/div>\n\t\t\t\t<\/div>\n\t\t\t\t<section class=\"elementor-section elementor-inner-section elementor-element elementor-element-e574a0c elementor-section-boxed elementor-section-height-default elementor-section-height-default\" data-id=\"e574a0c\" data-element_type=\"section\" data-e-type=\"section\">\n\t\t\t\t\t\t<div class=\"elementor-container elementor-column-gap-default\">\n\t\t\t\t\t<div class=\"elementor-column elementor-col-50 elementor-inner-column elementor-element elementor-element-ebecd02\" data-id=\"ebecd02\" data-element_type=\"column\" data-e-type=\"column\">\n\t\t\t<div class=\"elementor-widget-wrap elementor-element-populated\">\n\t\t\t\t\t\t<div class=\"elementor-element elementor-element-a0c4b62 elementor-widget elementor-widget-heading\" data-id=\"a0c4b62\" data-element_type=\"widget\" data-e-type=\"widget\" data-widget_type=\"heading.default\">\n\t\t\t\t<div class=\"elementor-widget-container\">\n\t\t\t\t\t<h3 class=\"elementor-heading-title elementor-size-default\">TOP HOME SPRAY NETTOYANT PIERRE TOMBALE<\/h3>\t\t\t\t<\/div>\n\t\t\t\t<\/div>\n\t\t\t\t\t<\/div>\n\t\t<\/div>\n\t\t\t\t<div class=\"elementor-column elementor-col-50 elementor-inner-column elementor-element elementor-element-0f30a40\" data-id=\"0f30a40\" data-element_type=\"column\" data-e-type=\"column\">\n\t\t\t<div class=\"elementor-widget-wrap elementor-element-populated\">\n\t\t\t\t\t\t<div class=\"elementor-element elementor-element-e4ed5bc elementor-widget elementor-widget-text-editor\" data-id=\"e4ed5bc\" data-element_type=\"widget\" data-e-type=\"widget\" data-widget_type=\"text-editor.default\">\n\t\t\t\t<div class=\"elementor-widget-container\">\n\t\t\t\t\t\t\t\t\t<p class=\"p2\">La liste ci-dessous affiche les composants du produit par ordre d\u00e9croissant, ceux repr\u00e9sentant la plus grande quantit\u00e9 \u00e9tant affich\u00e9s en premier.\u00a0<\/p><p>Ingr\u00e9dients :<\/p><ul><li>Aqua<\/li><li>Sodium Hypochlorite<\/li><li>Parfum<\/li><li>Limon\u00e8ne<\/li><\/ul>\t\t\t\t\t\t\t\t<\/div>\n\t\t\t\t<\/div>\n\t\t\t\t\t<\/div>\n\t\t<\/div>\n\t\t\t\t\t<\/div>\n\t\t<\/section>\n\t\t\t\t<div class=\"elementor-element elementor-element-ba6200a elementor-widget elementor-widget-text-editor\" data-id=\"ba6200a\" data-element_type=\"widget\" data-e-type=\"widget\" data-widget_type=\"text-editor.default\">\n\t\t\t\t<div class=\"elementor-widget-container\">\n\t\t\t\t\t\t\t\t\t<p>Pour plus\u00a0 d&rsquo;informations sur les ingr\u00e9dients : <a href=\"https:\/\/ec.europa.eu\/growth\/tools-databases\/cosing\/index.cfm?fuseaction=search.simple\">https:\/\/ec.europa.eu\/growth\/tools-databases\/cosing\/index.cfm?fuseaction=search.simple<\/a><\/p>\t\t\t\t\t\t\t\t<\/div>\n\t\t\t\t<\/div>\n\t\t\t\t\t<\/div>\n\t\t<\/div>\n\t\t\t\t\t<\/div>\n\t\t<\/section>\n\t\t\t\t<\/div>","protected":false},"excerpt":{"rendered":"<p>TOP HOME Les produits TOP HOME sont imagin\u00e9s et formul\u00e9s de mani\u00e8re \u00e0 avoir les meilleurs r\u00e9sultats et r\u00e9pondre \u00e0 un maximum de besoins. TOP HOME : INFORMATIONS &amp; INGR\u00c9DIENTS TOP HOME SPRAY NETTOYANT PIERRE TOMBALE La liste ci-dessous affiche les composants du produit par ordre d\u00e9croissant, ceux repr\u00e9sentant la plus grande quantit\u00e9 \u00e9tant affich\u00e9s [&hellip;]<\/p>","protected":false},"author":2,"featured_media":0,"parent":0,"menu_order":0,"comment_status":"closed","ping_status":"closed","template":"elementor_header_footer","meta":{"_acf_changed":false,"footnotes":""},"class_list":["post-7218","page","type-page","status-publish","hentry"],"acf":[],"yoast_head":"<!-- This site is optimized with the Yoast SEO plugin v27.3 - https:\/\/yoast.com\/product\/yoast-seo-wordpress\/ -->\n<title>TOP HOME - SCALP SAS<\/title>\n<meta name=\"robots\" content=\"index, follow, max-snippet:-1, max-image-preview:large, max-video-preview:-1\" \/>\n<link rel=\"canonical\" href=\"https:\/\/scalp-sas.com\/en\/top-home\/\" \/>\n<meta property=\"og:locale\" content=\"en_US\" \/>\n<meta property=\"og:type\" content=\"article\" \/>\n<meta property=\"og:title\" content=\"TOP HOME - SCALP SAS\" \/>\n<meta property=\"og:description\" content=\"TOP HOME Les produits TOP HOME sont imagin\u00e9s et formul\u00e9s de mani\u00e8re \u00e0 avoir les meilleurs r\u00e9sultats et r\u00e9pondre \u00e0 un maximum de besoins. TOP HOME : INFORMATIONS &amp; INGR\u00c9DIENTS TOP HOME SPRAY NETTOYANT PIERRE TOMBALE La liste ci-dessous affiche les composants du produit par ordre d\u00e9croissant, ceux repr\u00e9sentant la plus grande quantit\u00e9 \u00e9tant affich\u00e9s [&hellip;]\" \/>\n<meta property=\"og:url\" content=\"https:\/\/scalp-sas.com\/en\/top-home\/\" \/>\n<meta property=\"og:site_name\" content=\"SCALP SAS\" \/>\n<meta property=\"article:modified_time\" content=\"2022-10-06T13:44:22+00:00\" \/>\n<meta property=\"og:image\" content=\"https:\/\/scalp-sas.com\/wp-content\/uploads\/2022\/09\/AdobeStock_127964906-scaled.jpeg\" \/>\n<meta name=\"twitter:card\" content=\"summary_large_image\" \/>\n<script type=\"application\/ld+json\" class=\"yoast-schema-graph\">{\"@context\":\"https:\\\/\\\/schema.org\",\"@graph\":[{\"@type\":\"WebPage\",\"@id\":\"https:\\\/\\\/scalp-sas.com\\\/top-home\\\/\",\"url\":\"https:\\\/\\\/scalp-sas.com\\\/top-home\\\/\",\"name\":\"TOP HOME - SCALP SAS\",\"isPartOf\":{\"@id\":\"https:\\\/\\\/scalp-sas.com\\\/#website\"},\"primaryImageOfPage\":{\"@id\":\"https:\\\/\\\/scalp-sas.com\\\/top-home\\\/#primaryimage\"},\"image\":{\"@id\":\"https:\\\/\\\/scalp-sas.com\\\/top-home\\\/#primaryimage\"},\"thumbnailUrl\":\"https:\\\/\\\/scalp-sas.com\\\/wp-content\\\/uploads\\\/2022\\\/09\\\/AdobeStock_127964906-scaled.jpeg\",\"datePublished\":\"2022-09-19T12:39:34+00:00\",\"dateModified\":\"2022-10-06T13:44:22+00:00\",\"inLanguage\":\"en-US\",\"potentialAction\":[{\"@type\":\"ReadAction\",\"target\":[\"https:\\\/\\\/scalp-sas.com\\\/top-home\\\/\"]}]},{\"@type\":\"ImageObject\",\"inLanguage\":\"en-US\",\"@id\":\"https:\\\/\\\/scalp-sas.com\\\/top-home\\\/#primaryimage\",\"url\":\"https:\\\/\\\/scalp-sas.com\\\/wp-content\\\/uploads\\\/2022\\\/09\\\/AdobeStock_127964906-scaled.jpeg\",\"contentUrl\":\"https:\\\/\\\/scalp-sas.com\\\/wp-content\\\/uploads\\\/2022\\\/09\\\/AdobeStock_127964906-scaled.jpeg\"},{\"@type\":\"WebSite\",\"@id\":\"https:\\\/\\\/scalp-sas.com\\\/#website\",\"url\":\"https:\\\/\\\/scalp-sas.com\\\/\",\"name\":\"SCALP SAS\",\"description\":\"Sp\u00e9cialiste des solutions de d\u00e9capage, nettoyage, entretien et de protection depuis plus de 70 ans\",\"publisher\":{\"@id\":\"https:\\\/\\\/scalp-sas.com\\\/#organization\"},\"potentialAction\":[{\"@type\":\"SearchAction\",\"target\":{\"@type\":\"EntryPoint\",\"urlTemplate\":\"https:\\\/\\\/scalp-sas.com\\\/?s={search_term_string}\"},\"query-input\":{\"@type\":\"PropertyValueSpecification\",\"valueRequired\":true,\"valueName\":\"search_term_string\"}}],\"inLanguage\":\"en-US\"},{\"@type\":\"Organization\",\"@id\":\"https:\\\/\\\/scalp-sas.com\\\/#organization\",\"name\":\"SCALP SAS\",\"url\":\"https:\\\/\\\/scalp-sas.com\\\/\",\"logo\":{\"@type\":\"ImageObject\",\"inLanguage\":\"en-US\",\"@id\":\"https:\\\/\\\/scalp-sas.com\\\/#\\\/schema\\\/logo\\\/image\\\/\",\"url\":\"https:\\\/\\\/scalp-sas.com\\\/wp-content\\\/uploads\\\/2021\\\/06\\\/logo-scalp-noir.svg\",\"contentUrl\":\"https:\\\/\\\/scalp-sas.com\\\/wp-content\\\/uploads\\\/2021\\\/06\\\/logo-scalp-noir.svg\",\"width\":526.433,\"height\":274.69,\"caption\":\"SCALP SAS\"},\"image\":{\"@id\":\"https:\\\/\\\/scalp-sas.com\\\/#\\\/schema\\\/logo\\\/image\\\/\"},\"sameAs\":[\"https:\\\/\\\/www.linkedin.com\\\/company\\\/scalp-sas\\\/\",\"https:\\\/\\\/www.instagram.com\\\/scalp_sas\\\/\"]}]}<\/script>\n<!-- \/ Yoast SEO plugin. -->","yoast_head_json":{"title":"TOP HOME - SCALP SAS","robots":{"index":"index","follow":"follow","max-snippet":"max-snippet:-1","max-image-preview":"max-image-preview:large","max-video-preview":"max-video-preview:-1"},"canonical":"https:\/\/scalp-sas.com\/en\/top-home\/","og_locale":"en_US","og_type":"article","og_title":"TOP HOME - SCALP SAS","og_description":"TOP HOME Les produits TOP HOME sont imagin\u00e9s et formul\u00e9s de mani\u00e8re \u00e0 avoir les meilleurs r\u00e9sultats et r\u00e9pondre \u00e0 un maximum de besoins. TOP HOME : INFORMATIONS &amp; INGR\u00c9DIENTS TOP HOME SPRAY NETTOYANT PIERRE TOMBALE La liste ci-dessous affiche les composants du produit par ordre d\u00e9croissant, ceux repr\u00e9sentant la plus grande quantit\u00e9 \u00e9tant affich\u00e9s [&hellip;]","og_url":"https:\/\/scalp-sas.com\/en\/top-home\/","og_site_name":"SCALP SAS","article_modified_time":"2022-10-06T13:44:22+00:00","og_image":[{"url":"https:\/\/scalp-sas.com\/wp-content\/uploads\/2022\/09\/AdobeStock_127964906-scaled.jpeg","type":"","width":"","height":""}],"twitter_card":"summary_large_image","schema":{"@context":"https:\/\/schema.org","@graph":[{"@type":"WebPage","@id":"https:\/\/scalp-sas.com\/top-home\/","url":"https:\/\/scalp-sas.com\/top-home\/","name":"TOP HOME - SCALP SAS","isPartOf":{"@id":"https:\/\/scalp-sas.com\/#website"},"primaryImageOfPage":{"@id":"https:\/\/scalp-sas.com\/top-home\/#primaryimage"},"image":{"@id":"https:\/\/scalp-sas.com\/top-home\/#primaryimage"},"thumbnailUrl":"https:\/\/scalp-sas.com\/wp-content\/uploads\/2022\/09\/AdobeStock_127964906-scaled.jpeg","datePublished":"2022-09-19T12:39:34+00:00","dateModified":"2022-10-06T13:44:22+00:00","inLanguage":"en-US","potentialAction":[{"@type":"ReadAction","target":["https:\/\/scalp-sas.com\/top-home\/"]}]},{"@type":"ImageObject","inLanguage":"en-US","@id":"https:\/\/scalp-sas.com\/top-home\/#primaryimage","url":"https:\/\/scalp-sas.com\/wp-content\/uploads\/2022\/09\/AdobeStock_127964906-scaled.jpeg","contentUrl":"https:\/\/scalp-sas.com\/wp-content\/uploads\/2022\/09\/AdobeStock_127964906-scaled.jpeg"},{"@type":"WebSite","@id":"https:\/\/scalp-sas.com\/#website","url":"https:\/\/scalp-sas.com\/","name":"SCALP SAS","description":"Sp\u00e9cialiste des solutions de d\u00e9capage, nettoyage, entretien et de protection depuis plus de 70 ans","publisher":{"@id":"https:\/\/scalp-sas.com\/#organization"},"potentialAction":[{"@type":"SearchAction","target":{"@type":"EntryPoint","urlTemplate":"https:\/\/scalp-sas.com\/?s={search_term_string}"},"query-input":{"@type":"PropertyValueSpecification","valueRequired":true,"valueName":"search_term_string"}}],"inLanguage":"en-US"},{"@type":"Organization","@id":"https:\/\/scalp-sas.com\/#organization","name":"SCALP SAS","url":"https:\/\/scalp-sas.com\/","logo":{"@type":"ImageObject","inLanguage":"en-US","@id":"https:\/\/scalp-sas.com\/#\/schema\/logo\/image\/","url":"https:\/\/scalp-sas.com\/wp-content\/uploads\/2021\/06\/logo-scalp-noir.svg","contentUrl":"https:\/\/scalp-sas.com\/wp-content\/uploads\/2021\/06\/logo-scalp-noir.svg","width":526.433,"height":274.69,"caption":"SCALP SAS"},"image":{"@id":"https:\/\/scalp-sas.com\/#\/schema\/logo\/image\/"},"sameAs":["https:\/\/www.linkedin.com\/company\/scalp-sas\/","https:\/\/www.instagram.com\/scalp_sas\/"]}]}},"_links":{"self":[{"href":"https:\/\/scalp-sas.com\/en\/wp-json\/wp\/v2\/pages\/7218","targetHints":{"allow":["GET"]}}],"collection":[{"href":"https:\/\/scalp-sas.com\/en\/wp-json\/wp\/v2\/pages"}],"about":[{"href":"https:\/\/scalp-sas.com\/en\/wp-json\/wp\/v2\/types\/page"}],"author":[{"embeddable":true,"href":"https:\/\/scalp-sas.com\/en\/wp-json\/wp\/v2\/users\/2"}],"replies":[{"embeddable":true,"href":"https:\/\/scalp-sas.com\/en\/wp-json\/wp\/v2\/comments?post=7218"}],"version-history":[{"count":5,"href":"https:\/\/scalp-sas.com\/en\/wp-json\/wp\/v2\/pages\/7218\/revisions"}],"predecessor-version":[{"id":7831,"href":"https:\/\/scalp-sas.com\/en\/wp-json\/wp\/v2\/pages\/7218\/revisions\/7831"}],"wp:attachment":[{"href":"https:\/\/scalp-sas.com\/en\/wp-json\/wp\/v2\/media?parent=7218"}],"curies":[{"name":"wp","href":"https:\/\/api.w.org\/{rel}","templated":true}]}}