{"id":4883,"date":"2021-11-12T13:00:38","date_gmt":"2021-11-12T13:00:38","guid":{"rendered":"https:\/\/scalp-sas.com\/?post_type=product&#038;p=4883"},"modified":"2024-04-22T11:46:19","modified_gmt":"2024-04-22T11:46:19","slug":"nettoyant-jantes-professionnel-scalp-renovjante","status":"publish","type":"product","link":"https:\/\/scalp-sas.com\/de\/nos-produits\/professioneller-felgenreiniger-scalp-renovjante\/","title":{"rendered":"SCALP RENOV&rsquo;JANTE"},"content":{"rendered":"<p class=\"p2\">SCALP RENOV&rsquo;JANTE, nettoyant jantes professionnel, est sp\u00e9cialement con\u00e7u pour le nettoyage et la r\u00e9novation des jantes alliages l\u00e9ger ainsi que les jantes t\u00f4les. Il permet d&rsquo;\u00e9liminer toutes traces de salissure dues au syst\u00e8me de freinage.<\/p>\n<p>Ce nettoyant jantes professionnel poss\u00e8de de nombreux avantages. Gr\u00e2ce \u00e0 formule puissante, son action d\u00e9graissante est renforc\u00e9e. De plus, c&rsquo;est un produit facile d&rsquo;utilisation \u00e0 action rapide.<\/p>\n<p>SCALP RENOV&rsquo;JANTE s&rsquo;utilise pur ou dilu\u00e9 \u00e0 50% suivant le degr\u00e9 de salissures. Ensuite, il suffit simplement d&rsquo;appliquer uniform\u00e9ment le produit sur le support \u00e0 nettoyer. Puis, laissez agir quelques minutes en fonction du degr\u00e9 d&rsquo;encrassement et de la nature du d\u00e9p\u00f4t. Pour finir, rincez abondamment \u00e0 l&rsquo;eau sous pression. A not\u00e9, que SCALP RENOV&rsquo;JANTE s&rsquo;utilise \u00e0 des temp\u00e9ratures comprises entre 5 et 50\u00b0C. En effet, \u00e0 des temp\u00e9ratures extr\u00eames, son efficacit\u00e9 est r\u00e9duite.<\/p>\n<p>Cependant, il est interdit d&rsquo;appliquer le produit sur des surfaces tr\u00e8s chaudes ou qui ont \u00e9t\u00e9 expos\u00e9es au soleil. De plus, il est d\u00e9conseill\u00e9 de laisser s\u00e9cher le produit sur les jantes. Sur les alliages sensibles il est imp\u00e9ratif de faire un essai pr\u00e9alable.<\/p>\n<p class=\"p1\">Faites attention car SCALP RENOV&rsquo;JANTE est un produit corrosif. Il faut donc porter des gants et lunettes de protection adapt\u00e9s. Evitez \u00e9galement le contact avec les yeux. En cas de projection, rincez \u00e0 l\u2019eau.<\/p>","protected":false},"excerpt":{"rendered":"<p>SCALP RENOV'JANTE ist ein professioneller Felgenreiniger. Er entfernt alle Spuren von Verschmutzungen wie Bremsstaub oder Teer. Dieses Auffrischungsmittel f\u00fcr Felgen ist f\u00fcr alle Felgenausf\u00fchrungen geeignet und unbedenklich f\u00fcr Chrom und Aluminium. SCALP RENOV'JANTE ist ein professioneller Felgenreiniger, der zur Entfernung von s\u00e4mtlichen Verschmutzungen formuliert wurde, um den verschiedenen Felgentypen ihren urspr\u00fcnglichen Glanz zur\u00fcckzugeben.<\/p>","protected":false},"featured_media":11498,"comment_status":"open","ping_status":"closed","template":"","meta":{"_acf_changed":false},"product_brand":[],"product_cat":[22,85,112],"product_tag":[99],"class_list":{"0":"post-4883","1":"product","2":"type-product","3":"status-publish","4":"has-post-thumbnail","6":"product_cat-transport","7":"product_cat-jantes","8":"product_cat-nos-produits","9":"product_tag-jantes","11":"first","12":"instock","13":"shipping-taxable","14":"product-type-simple"},"acf":[],"yoast_head":"<!-- This site is optimized with the Yoast SEO plugin v27.3 - https:\/\/yoast.com\/product\/yoast-seo-wordpress\/ -->\n<title>Nettoyant jantes professionnel - SCALP RENOV&#039;JANTE<\/title>\n<meta name=\"description\" content=\"Nettoyant jantes professionnel, SCALP RENOV&#039;JANTE nettoie et r\u00e9nove les jantes alliages l\u00e9ger ainsi que les jantes t\u00f4les.\" \/>\n<meta name=\"robots\" content=\"index, follow, max-snippet:-1, max-image-preview:large, max-video-preview:-1\" \/>\n<link rel=\"canonical\" href=\"https:\/\/scalp-sas.com\/de\/nos-produits\/professioneller-felgenreiniger-scalp-renovjante\/\" \/>\n<meta property=\"og:locale\" content=\"de_DE\" \/>\n<meta property=\"og:type\" content=\"article\" \/>\n<meta property=\"og:title\" content=\"Nettoyant jantes professionnel - SCALP RENOV&#039;JANTE\" \/>\n<meta property=\"og:description\" content=\"Nettoyant jantes professionnel, SCALP RENOV&#039;JANTE nettoie et r\u00e9nove les jantes alliages l\u00e9ger ainsi que les jantes t\u00f4les.\" \/>\n<meta property=\"og:url\" content=\"https:\/\/scalp-sas.com\/de\/nos-produits\/professioneller-felgenreiniger-scalp-renovjante\/\" \/>\n<meta property=\"og:site_name\" content=\"SCALP SAS\" \/>\n<meta property=\"article:modified_time\" content=\"2024-04-22T11:46:19+00:00\" \/>\n<meta property=\"og:image\" content=\"https:\/\/scalp-sas.com\/wp-content\/uploads\/2021\/11\/SCALP-RENOVJANTE.png\" \/>\n\t<meta property=\"og:image:width\" content=\"448\" \/>\n\t<meta property=\"og:image:height\" content=\"448\" \/>\n\t<meta property=\"og:image:type\" content=\"image\/png\" \/>\n<meta name=\"twitter:card\" content=\"summary_large_image\" \/>\n<meta name=\"twitter:label1\" content=\"Gesch\u00e4tzte Lesezeit\" \/>\n\t<meta name=\"twitter:data1\" content=\"2\u00a0Minuten\" \/>\n<script type=\"application\/ld+json\" class=\"yoast-schema-graph\">{\"@context\":\"https:\\\/\\\/schema.org\",\"@graph\":[{\"@type\":\"WebPage\",\"@id\":\"https:\\\/\\\/scalp-sas.com\\\/nos-produits\\\/nettoyant-jantes-professionnel-scalp-renovjante\\\/\",\"url\":\"https:\\\/\\\/scalp-sas.com\\\/nos-produits\\\/nettoyant-jantes-professionnel-scalp-renovjante\\\/\",\"name\":\"Nettoyant jantes professionnel - SCALP RENOV'JANTE\",\"isPartOf\":{\"@id\":\"https:\\\/\\\/scalp-sas.com\\\/#website\"},\"primaryImageOfPage\":{\"@id\":\"https:\\\/\\\/scalp-sas.com\\\/nos-produits\\\/nettoyant-jantes-professionnel-scalp-renovjante\\\/#primaryimage\"},\"image\":{\"@id\":\"https:\\\/\\\/scalp-sas.com\\\/nos-produits\\\/nettoyant-jantes-professionnel-scalp-renovjante\\\/#primaryimage\"},\"thumbnailUrl\":\"https:\\\/\\\/scalp-sas.com\\\/wp-content\\\/uploads\\\/2021\\\/11\\\/SCALP-RENOVJANTE.png\",\"datePublished\":\"2021-11-12T13:00:38+00:00\",\"dateModified\":\"2024-04-22T11:46:19+00:00\",\"description\":\"Nettoyant jantes professionnel, SCALP RENOV'JANTE nettoie et r\u00e9nove les jantes alliages l\u00e9ger ainsi que les jantes t\u00f4les.\",\"breadcrumb\":{\"@id\":\"https:\\\/\\\/scalp-sas.com\\\/nos-produits\\\/nettoyant-jantes-professionnel-scalp-renovjante\\\/#breadcrumb\"},\"inLanguage\":\"de\",\"potentialAction\":[{\"@type\":\"ReadAction\",\"target\":[\"https:\\\/\\\/scalp-sas.com\\\/nos-produits\\\/nettoyant-jantes-professionnel-scalp-renovjante\\\/\"]}]},{\"@type\":\"ImageObject\",\"inLanguage\":\"de\",\"@id\":\"https:\\\/\\\/scalp-sas.com\\\/nos-produits\\\/nettoyant-jantes-professionnel-scalp-renovjante\\\/#primaryimage\",\"url\":\"https:\\\/\\\/scalp-sas.com\\\/wp-content\\\/uploads\\\/2021\\\/11\\\/SCALP-RENOVJANTE.png\",\"contentUrl\":\"https:\\\/\\\/scalp-sas.com\\\/wp-content\\\/uploads\\\/2021\\\/11\\\/SCALP-RENOVJANTE.png\",\"width\":448,\"height\":448,\"caption\":\"SCALP RENOV JANTE\"},{\"@type\":\"BreadcrumbList\",\"@id\":\"https:\\\/\\\/scalp-sas.com\\\/nos-produits\\\/nettoyant-jantes-professionnel-scalp-renovjante\\\/#breadcrumb\",\"itemListElement\":[{\"@type\":\"ListItem\",\"position\":1,\"name\":\"Nos produits\",\"item\":\"https:\\\/\\\/scalp-sas.com\\\/es\\\/nuestros-productos\\\/\"},{\"@type\":\"ListItem\",\"position\":2,\"name\":\"Nos produits\",\"item\":\"https:\\\/\\\/scalp-sas.com\\\/categorie-produit\\\/nos-produits\\\/\"},{\"@type\":\"ListItem\",\"position\":3,\"name\":\"Transport\",\"item\":\"https:\\\/\\\/scalp-sas.com\\\/categorie-produit\\\/nos-produits\\\/transport\\\/\"},{\"@type\":\"ListItem\",\"position\":4,\"name\":\"SCALP RENOV&rsquo;JANTE\"}]},{\"@type\":\"WebSite\",\"@id\":\"https:\\\/\\\/scalp-sas.com\\\/#website\",\"url\":\"https:\\\/\\\/scalp-sas.com\\\/\",\"name\":\"SCALP SAS\",\"description\":\"Sp\u00e9cialiste des solutions de d\u00e9capage, nettoyage, entretien et de protection depuis plus de 70 ans\",\"publisher\":{\"@id\":\"https:\\\/\\\/scalp-sas.com\\\/#organization\"},\"potentialAction\":[{\"@type\":\"SearchAction\",\"target\":{\"@type\":\"EntryPoint\",\"urlTemplate\":\"https:\\\/\\\/scalp-sas.com\\\/?s={search_term_string}\"},\"query-input\":{\"@type\":\"PropertyValueSpecification\",\"valueRequired\":true,\"valueName\":\"search_term_string\"}}],\"inLanguage\":\"de\"},{\"@type\":\"Organization\",\"@id\":\"https:\\\/\\\/scalp-sas.com\\\/#organization\",\"name\":\"SCALP SAS\",\"url\":\"https:\\\/\\\/scalp-sas.com\\\/\",\"logo\":{\"@type\":\"ImageObject\",\"inLanguage\":\"de\",\"@id\":\"https:\\\/\\\/scalp-sas.com\\\/#\\\/schema\\\/logo\\\/image\\\/\",\"url\":\"https:\\\/\\\/scalp-sas.com\\\/wp-content\\\/uploads\\\/2021\\\/06\\\/logo-scalp-noir.svg\",\"contentUrl\":\"https:\\\/\\\/scalp-sas.com\\\/wp-content\\\/uploads\\\/2021\\\/06\\\/logo-scalp-noir.svg\",\"width\":526.433,\"height\":274.69,\"caption\":\"SCALP SAS\"},\"image\":{\"@id\":\"https:\\\/\\\/scalp-sas.com\\\/#\\\/schema\\\/logo\\\/image\\\/\"},\"sameAs\":[\"https:\\\/\\\/www.linkedin.com\\\/company\\\/scalp-sas\\\/\",\"https:\\\/\\\/www.instagram.com\\\/scalp_sas\\\/\"]}]}<\/script>\n<!-- \/ Yoast SEO plugin. -->","yoast_head_json":{"title":"Nettoyant jantes professionnel - SCALP RENOV'JANTE","description":"Nettoyant jantes professionnel, SCALP RENOV'JANTE nettoie et r\u00e9nove les jantes alliages l\u00e9ger ainsi que les jantes t\u00f4les.","robots":{"index":"index","follow":"follow","max-snippet":"max-snippet:-1","max-image-preview":"max-image-preview:large","max-video-preview":"max-video-preview:-1"},"canonical":"https:\/\/scalp-sas.com\/de\/nos-produits\/professioneller-felgenreiniger-scalp-renovjante\/","og_locale":"de_DE","og_type":"article","og_title":"Nettoyant jantes professionnel - SCALP RENOV'JANTE","og_description":"Nettoyant jantes professionnel, SCALP RENOV'JANTE nettoie et r\u00e9nove les jantes alliages l\u00e9ger ainsi que les jantes t\u00f4les.","og_url":"https:\/\/scalp-sas.com\/de\/nos-produits\/professioneller-felgenreiniger-scalp-renovjante\/","og_site_name":"SCALP SAS","article_modified_time":"2024-04-22T11:46:19+00:00","og_image":[{"width":448,"height":448,"url":"https:\/\/scalp-sas.com\/wp-content\/uploads\/2021\/11\/SCALP-RENOVJANTE.png","type":"image\/png"}],"twitter_card":"summary_large_image","twitter_misc":{"Gesch\u00e4tzte Lesezeit":"2\u00a0Minuten"},"schema":{"@context":"https:\/\/schema.org","@graph":[{"@type":"WebPage","@id":"https:\/\/scalp-sas.com\/nos-produits\/nettoyant-jantes-professionnel-scalp-renovjante\/","url":"https:\/\/scalp-sas.com\/nos-produits\/nettoyant-jantes-professionnel-scalp-renovjante\/","name":"Nettoyant jantes professionnel - SCALP RENOV'JANTE","isPartOf":{"@id":"https:\/\/scalp-sas.com\/#website"},"primaryImageOfPage":{"@id":"https:\/\/scalp-sas.com\/nos-produits\/nettoyant-jantes-professionnel-scalp-renovjante\/#primaryimage"},"image":{"@id":"https:\/\/scalp-sas.com\/nos-produits\/nettoyant-jantes-professionnel-scalp-renovjante\/#primaryimage"},"thumbnailUrl":"https:\/\/scalp-sas.com\/wp-content\/uploads\/2021\/11\/SCALP-RENOVJANTE.png","datePublished":"2021-11-12T13:00:38+00:00","dateModified":"2024-04-22T11:46:19+00:00","description":"Nettoyant jantes professionnel, SCALP RENOV'JANTE nettoie et r\u00e9nove les jantes alliages l\u00e9ger ainsi que les jantes t\u00f4les.","breadcrumb":{"@id":"https:\/\/scalp-sas.com\/nos-produits\/nettoyant-jantes-professionnel-scalp-renovjante\/#breadcrumb"},"inLanguage":"de","potentialAction":[{"@type":"ReadAction","target":["https:\/\/scalp-sas.com\/nos-produits\/nettoyant-jantes-professionnel-scalp-renovjante\/"]}]},{"@type":"ImageObject","inLanguage":"de","@id":"https:\/\/scalp-sas.com\/nos-produits\/nettoyant-jantes-professionnel-scalp-renovjante\/#primaryimage","url":"https:\/\/scalp-sas.com\/wp-content\/uploads\/2021\/11\/SCALP-RENOVJANTE.png","contentUrl":"https:\/\/scalp-sas.com\/wp-content\/uploads\/2021\/11\/SCALP-RENOVJANTE.png","width":448,"height":448,"caption":"SCALP RENOV JANTE"},{"@type":"BreadcrumbList","@id":"https:\/\/scalp-sas.com\/nos-produits\/nettoyant-jantes-professionnel-scalp-renovjante\/#breadcrumb","itemListElement":[{"@type":"ListItem","position":1,"name":"Nos produits","item":"https:\/\/scalp-sas.com\/es\/nuestros-productos\/"},{"@type":"ListItem","position":2,"name":"Nos produits","item":"https:\/\/scalp-sas.com\/categorie-produit\/nos-produits\/"},{"@type":"ListItem","position":3,"name":"Transport","item":"https:\/\/scalp-sas.com\/categorie-produit\/nos-produits\/transport\/"},{"@type":"ListItem","position":4,"name":"SCALP RENOV&rsquo;JANTE"}]},{"@type":"WebSite","@id":"https:\/\/scalp-sas.com\/#website","url":"https:\/\/scalp-sas.com\/","name":"SCALP SAS","description":"Sp\u00e9cialiste des solutions de d\u00e9capage, nettoyage, entretien et de protection depuis plus de 70 ans","publisher":{"@id":"https:\/\/scalp-sas.com\/#organization"},"potentialAction":[{"@type":"SearchAction","target":{"@type":"EntryPoint","urlTemplate":"https:\/\/scalp-sas.com\/?s={search_term_string}"},"query-input":{"@type":"PropertyValueSpecification","valueRequired":true,"valueName":"search_term_string"}}],"inLanguage":"de"},{"@type":"Organization","@id":"https:\/\/scalp-sas.com\/#organization","name":"SCALP SAS","url":"https:\/\/scalp-sas.com\/","logo":{"@type":"ImageObject","inLanguage":"de","@id":"https:\/\/scalp-sas.com\/#\/schema\/logo\/image\/","url":"https:\/\/scalp-sas.com\/wp-content\/uploads\/2021\/06\/logo-scalp-noir.svg","contentUrl":"https:\/\/scalp-sas.com\/wp-content\/uploads\/2021\/06\/logo-scalp-noir.svg","width":526.433,"height":274.69,"caption":"SCALP SAS"},"image":{"@id":"https:\/\/scalp-sas.com\/#\/schema\/logo\/image\/"},"sameAs":["https:\/\/www.linkedin.com\/company\/scalp-sas\/","https:\/\/www.instagram.com\/scalp_sas\/"]}]}},"_links":{"self":[{"href":"https:\/\/scalp-sas.com\/de\/wp-json\/wp\/v2\/product\/4883","targetHints":{"allow":["GET"]}}],"collection":[{"href":"https:\/\/scalp-sas.com\/de\/wp-json\/wp\/v2\/product"}],"about":[{"href":"https:\/\/scalp-sas.com\/de\/wp-json\/wp\/v2\/types\/product"}],"replies":[{"embeddable":true,"href":"https:\/\/scalp-sas.com\/de\/wp-json\/wp\/v2\/comments?post=4883"}],"wp:featuredmedia":[{"embeddable":true,"href":"https:\/\/scalp-sas.com\/de\/wp-json\/wp\/v2\/media\/11498"}],"wp:attachment":[{"href":"https:\/\/scalp-sas.com\/de\/wp-json\/wp\/v2\/media?parent=4883"}],"wp:term":[{"taxonomy":"product_brand","embeddable":true,"href":"https:\/\/scalp-sas.com\/de\/wp-json\/wp\/v2\/product_brand?post=4883"},{"taxonomy":"product_cat","embeddable":true,"href":"https:\/\/scalp-sas.com\/de\/wp-json\/wp\/v2\/product_cat?post=4883"},{"taxonomy":"product_tag","embeddable":true,"href":"https:\/\/scalp-sas.com\/de\/wp-json\/wp\/v2\/product_tag?post=4883"}],"curies":[{"name":"wp","href":"https:\/\/api.w.org\/{rel}","templated":true}]}}