{"id":198065,"date":"2025-09-22T13:33:19","date_gmt":"2025-09-22T13:33:19","guid":{"rendered":"https:\/\/scalp-sas.com\/?post_type=product&#038;p=198065"},"modified":"2025-10-22T08:22:49","modified_gmt":"2025-10-22T08:22:49","slug":"batinet-m-traitement-booste-pret-a-emploi","status":"publish","type":"product","link":"https:\/\/scalp-sas.com\/de\/nos-produits\/batinet-m-traitement-booste-pret-a-emploi\/","title":{"rendered":"BATI\u2019NET M"},"content":{"rendered":"<p data-start=\"37\" data-end=\"384\"><strong data-start=\"37\" data-end=\"51\">BATI\u2019NET M<\/strong> est un traitement algicide pr\u00eat \u00e0 l\u2019emploi. Il est formul\u00e9 \u00e0 partir de la combinaison d\u2019un biocide concentr\u00e9 et d\u2019un agent renfor\u00e7ateur d\u00e9tergent. Cette synergie innovante assure une action rapide et renforc\u00e9e contre les algues, lichens et micro-organismes sur tous types de surfaces ext\u00e9rieures : toitures, fa\u00e7ades, murs et sols.<\/p>\n<p data-start=\"386\" data-end=\"739\">L\u2019agent renfor\u00e7ateur int\u00e9gr\u00e9 am\u00e9liore la p\u00e9n\u00e9tration du biocide au c\u0153ur des micro-organismes (algues, lichens, d\u00e9p\u00f4ts verts), garantissant une \u00e9limination plus rapide et en profondeur. Il \u00e9largit \u00e9galement le champ d\u2019action du traitement, en agissant efficacement sur les salissures grasses, les d\u00e9p\u00f4ts noirs et les r\u00e9sidus de pollution atmosph\u00e9rique.<\/p>","protected":false},"excerpt":{"rendered":"<p data-start=\"37\" data-end=\"384\"><strong data-start=\"37\" data-end=\"51\">BATI\u2019NET M<\/strong> est un traitement algicide pr\u00eat \u00e0 l\u2019emploi. Il est formul\u00e9 \u00e0 partir de la combinaison d\u2019un biocide concentr\u00e9 et d\u2019un agent renfor\u00e7ateur d\u00e9tergent. Cette synergie innovante assure une action rapide et renforc\u00e9e contre les algues, lichens et micro-organismes sur tous types de surfaces ext\u00e9rieures : toitures, fa\u00e7ades, murs et sols.<\/p>\n<p data-start=\"386\" data-end=\"739\">L\u2019agent renfor\u00e7ateur int\u00e9gr\u00e9 am\u00e9liore la p\u00e9n\u00e9tration du biocide au c\u0153ur des micro-organismes (algues, lichens, d\u00e9p\u00f4ts verts), garantissant une \u00e9limination plus rapide et en profondeur. Il \u00e9largit \u00e9galement le champ d\u2019action du traitement, en agissant efficacement sur les salissures grasses, les d\u00e9p\u00f4ts noirs et les r\u00e9sidus de pollution atmosph\u00e9rique.<\/p>","protected":false},"featured_media":198076,"comment_status":"open","ping_status":"closed","template":"","meta":{"_acf_changed":false},"product_brand":[],"product_cat":[72,23,112],"product_tag":[65],"class_list":{"0":"post-198065","1":"product","2":"type-product","3":"status-publish","4":"has-post-thumbnail","6":"product_cat-algicides-biocides","7":"product_cat-batiment","8":"product_cat-nos-produits","9":"product_tag-biocides-et-algicides","11":"first","12":"instock","13":"shipping-taxable","14":"product-type-simple"},"acf":[],"yoast_head":"<!-- This site is optimized with the Yoast SEO plugin v27.3 - https:\/\/yoast.com\/product\/yoast-seo-wordpress\/ -->\n<title>SCALP SAS - BATI\u2019NET M<\/title>\n<meta name=\"description\" content=\"BATI\u2019NET M est un traitement algicide pr\u00eat \u00e0 l\u2019emploi. Il est formul\u00e9 \u00e0 partir de la combinaison d\u2019un biocide concentr\u00e9 et d\u2019un agent renfor\u00e7ateur d\u00e9tergent. Cette synergie innovante assure une action rapide et renforc\u00e9e contre les algues, lichens et micro-organismes sur tous types de surfaces ext\u00e9rieures : toitures, fa\u00e7ades, murs et sols.\" \/>\n<meta name=\"robots\" content=\"index, follow, max-snippet:-1, max-image-preview:large, max-video-preview:-1\" \/>\n<link rel=\"canonical\" href=\"https:\/\/scalp-sas.com\/de\/nos-produits\/batinet-m-traitement-booste-pret-a-emploi\/\" \/>\n<meta property=\"og:locale\" content=\"de_DE\" \/>\n<meta property=\"og:type\" content=\"article\" \/>\n<meta property=\"og:title\" content=\"SCALP SAS - BATI\u2019NET M\" \/>\n<meta property=\"og:description\" content=\"BATI\u2019NET M est un traitement algicide pr\u00eat \u00e0 l\u2019emploi. Il est formul\u00e9 \u00e0 partir de la combinaison d\u2019un biocide concentr\u00e9 et d\u2019un agent renfor\u00e7ateur d\u00e9tergent. Cette synergie innovante assure une action rapide et renforc\u00e9e contre les algues, lichens et micro-organismes sur tous types de surfaces ext\u00e9rieures : toitures, fa\u00e7ades, murs et sols.\" \/>\n<meta property=\"og:url\" content=\"https:\/\/scalp-sas.com\/de\/nos-produits\/batinet-m-traitement-booste-pret-a-emploi\/\" \/>\n<meta property=\"og:site_name\" content=\"SCALP SAS\" \/>\n<meta property=\"article:modified_time\" content=\"2025-10-22T08:22:49+00:00\" \/>\n<meta property=\"og:image\" content=\"https:\/\/scalp-sas.com\/wp-content\/uploads\/2025\/09\/batinet-m.png\" \/>\n\t<meta property=\"og:image:width\" content=\"1000\" \/>\n\t<meta property=\"og:image:height\" content=\"1000\" \/>\n\t<meta property=\"og:image:type\" content=\"image\/png\" \/>\n<meta name=\"twitter:card\" content=\"summary_large_image\" \/>\n<meta name=\"twitter:label1\" content=\"Gesch\u00e4tzte Lesezeit\" \/>\n\t<meta name=\"twitter:data1\" content=\"2\u00a0Minuten\" \/>\n<script type=\"application\/ld+json\" class=\"yoast-schema-graph\">{\"@context\":\"https:\\\/\\\/schema.org\",\"@graph\":[{\"@type\":\"WebPage\",\"@id\":\"https:\\\/\\\/scalp-sas.com\\\/nos-produits\\\/batinet-m-traitement-booste-pret-a-emploi\\\/\",\"url\":\"https:\\\/\\\/scalp-sas.com\\\/nos-produits\\\/batinet-m-traitement-booste-pret-a-emploi\\\/\",\"name\":\"SCALP SAS - BATI\u2019NET M\",\"isPartOf\":{\"@id\":\"https:\\\/\\\/scalp-sas.com\\\/#website\"},\"primaryImageOfPage\":{\"@id\":\"https:\\\/\\\/scalp-sas.com\\\/nos-produits\\\/batinet-m-traitement-booste-pret-a-emploi\\\/#primaryimage\"},\"image\":{\"@id\":\"https:\\\/\\\/scalp-sas.com\\\/nos-produits\\\/batinet-m-traitement-booste-pret-a-emploi\\\/#primaryimage\"},\"thumbnailUrl\":\"https:\\\/\\\/scalp-sas.com\\\/wp-content\\\/uploads\\\/2025\\\/09\\\/batinet-m.png\",\"datePublished\":\"2025-09-22T13:33:19+00:00\",\"dateModified\":\"2025-10-22T08:22:49+00:00\",\"description\":\"BATI\u2019NET M est un traitement algicide pr\u00eat \u00e0 l\u2019emploi. Il est formul\u00e9 \u00e0 partir de la combinaison d\u2019un biocide concentr\u00e9 et d\u2019un agent renfor\u00e7ateur d\u00e9tergent. Cette synergie innovante assure une action rapide et renforc\u00e9e contre les algues, lichens et micro-organismes sur tous types de surfaces ext\u00e9rieures : toitures, fa\u00e7ades, murs et sols.\",\"breadcrumb\":{\"@id\":\"https:\\\/\\\/scalp-sas.com\\\/nos-produits\\\/batinet-m-traitement-booste-pret-a-emploi\\\/#breadcrumb\"},\"inLanguage\":\"de\",\"potentialAction\":[{\"@type\":\"ReadAction\",\"target\":[\"https:\\\/\\\/scalp-sas.com\\\/nos-produits\\\/batinet-m-traitement-booste-pret-a-emploi\\\/\"]}]},{\"@type\":\"ImageObject\",\"inLanguage\":\"de\",\"@id\":\"https:\\\/\\\/scalp-sas.com\\\/nos-produits\\\/batinet-m-traitement-booste-pret-a-emploi\\\/#primaryimage\",\"url\":\"https:\\\/\\\/scalp-sas.com\\\/wp-content\\\/uploads\\\/2025\\\/09\\\/batinet-m.png\",\"contentUrl\":\"https:\\\/\\\/scalp-sas.com\\\/wp-content\\\/uploads\\\/2025\\\/09\\\/batinet-m.png\",\"width\":1000,\"height\":1000},{\"@type\":\"BreadcrumbList\",\"@id\":\"https:\\\/\\\/scalp-sas.com\\\/nos-produits\\\/batinet-m-traitement-booste-pret-a-emploi\\\/#breadcrumb\",\"itemListElement\":[{\"@type\":\"ListItem\",\"position\":1,\"name\":\"Nos produits\",\"item\":\"https:\\\/\\\/scalp-sas.com\\\/es\\\/nuestros-productos\\\/\"},{\"@type\":\"ListItem\",\"position\":2,\"name\":\"Nos produits\",\"item\":\"https:\\\/\\\/scalp-sas.com\\\/categorie-produit\\\/nos-produits\\\/\"},{\"@type\":\"ListItem\",\"position\":3,\"name\":\"B\u00e2timent\",\"item\":\"https:\\\/\\\/scalp-sas.com\\\/categorie-produit\\\/nos-produits\\\/batiment\\\/\"},{\"@type\":\"ListItem\",\"position\":4,\"name\":\"BATI\u2019NET M\"}]},{\"@type\":\"WebSite\",\"@id\":\"https:\\\/\\\/scalp-sas.com\\\/#website\",\"url\":\"https:\\\/\\\/scalp-sas.com\\\/\",\"name\":\"SCALP SAS\",\"description\":\"Sp\u00e9cialiste des solutions de d\u00e9capage, nettoyage, entretien et de protection depuis plus de 70 ans\",\"publisher\":{\"@id\":\"https:\\\/\\\/scalp-sas.com\\\/#organization\"},\"potentialAction\":[{\"@type\":\"SearchAction\",\"target\":{\"@type\":\"EntryPoint\",\"urlTemplate\":\"https:\\\/\\\/scalp-sas.com\\\/?s={search_term_string}\"},\"query-input\":{\"@type\":\"PropertyValueSpecification\",\"valueRequired\":true,\"valueName\":\"search_term_string\"}}],\"inLanguage\":\"de\"},{\"@type\":\"Organization\",\"@id\":\"https:\\\/\\\/scalp-sas.com\\\/#organization\",\"name\":\"SCALP SAS\",\"url\":\"https:\\\/\\\/scalp-sas.com\\\/\",\"logo\":{\"@type\":\"ImageObject\",\"inLanguage\":\"de\",\"@id\":\"https:\\\/\\\/scalp-sas.com\\\/#\\\/schema\\\/logo\\\/image\\\/\",\"url\":\"https:\\\/\\\/scalp-sas.com\\\/wp-content\\\/uploads\\\/2021\\\/06\\\/logo-scalp-noir.svg\",\"contentUrl\":\"https:\\\/\\\/scalp-sas.com\\\/wp-content\\\/uploads\\\/2021\\\/06\\\/logo-scalp-noir.svg\",\"width\":526.433,\"height\":274.69,\"caption\":\"SCALP SAS\"},\"image\":{\"@id\":\"https:\\\/\\\/scalp-sas.com\\\/#\\\/schema\\\/logo\\\/image\\\/\"},\"sameAs\":[\"https:\\\/\\\/www.linkedin.com\\\/company\\\/scalp-sas\\\/\",\"https:\\\/\\\/www.instagram.com\\\/scalp_sas\\\/\"]}]}<\/script>\n<!-- \/ Yoast SEO plugin. -->","yoast_head_json":{"title":"SCALP SAS - BATI\u2019NET M","description":"BATI\u2019NET M est un traitement algicide pr\u00eat \u00e0 l\u2019emploi. Il est formul\u00e9 \u00e0 partir de la combinaison d\u2019un biocide concentr\u00e9 et d\u2019un agent renfor\u00e7ateur d\u00e9tergent. Cette synergie innovante assure une action rapide et renforc\u00e9e contre les algues, lichens et micro-organismes sur tous types de surfaces ext\u00e9rieures : toitures, fa\u00e7ades, murs et sols.","robots":{"index":"index","follow":"follow","max-snippet":"max-snippet:-1","max-image-preview":"max-image-preview:large","max-video-preview":"max-video-preview:-1"},"canonical":"https:\/\/scalp-sas.com\/de\/nos-produits\/batinet-m-traitement-booste-pret-a-emploi\/","og_locale":"de_DE","og_type":"article","og_title":"SCALP SAS - BATI\u2019NET M","og_description":"BATI\u2019NET M est un traitement algicide pr\u00eat \u00e0 l\u2019emploi. Il est formul\u00e9 \u00e0 partir de la combinaison d\u2019un biocide concentr\u00e9 et d\u2019un agent renfor\u00e7ateur d\u00e9tergent. Cette synergie innovante assure une action rapide et renforc\u00e9e contre les algues, lichens et micro-organismes sur tous types de surfaces ext\u00e9rieures : toitures, fa\u00e7ades, murs et sols.","og_url":"https:\/\/scalp-sas.com\/de\/nos-produits\/batinet-m-traitement-booste-pret-a-emploi\/","og_site_name":"SCALP SAS","article_modified_time":"2025-10-22T08:22:49+00:00","og_image":[{"width":1000,"height":1000,"url":"https:\/\/scalp-sas.com\/wp-content\/uploads\/2025\/09\/batinet-m.png","type":"image\/png"}],"twitter_card":"summary_large_image","twitter_misc":{"Gesch\u00e4tzte Lesezeit":"2\u00a0Minuten"},"schema":{"@context":"https:\/\/schema.org","@graph":[{"@type":"WebPage","@id":"https:\/\/scalp-sas.com\/nos-produits\/batinet-m-traitement-booste-pret-a-emploi\/","url":"https:\/\/scalp-sas.com\/nos-produits\/batinet-m-traitement-booste-pret-a-emploi\/","name":"SCALP SAS - BATI\u2019NET M","isPartOf":{"@id":"https:\/\/scalp-sas.com\/#website"},"primaryImageOfPage":{"@id":"https:\/\/scalp-sas.com\/nos-produits\/batinet-m-traitement-booste-pret-a-emploi\/#primaryimage"},"image":{"@id":"https:\/\/scalp-sas.com\/nos-produits\/batinet-m-traitement-booste-pret-a-emploi\/#primaryimage"},"thumbnailUrl":"https:\/\/scalp-sas.com\/wp-content\/uploads\/2025\/09\/batinet-m.png","datePublished":"2025-09-22T13:33:19+00:00","dateModified":"2025-10-22T08:22:49+00:00","description":"BATI\u2019NET M est un traitement algicide pr\u00eat \u00e0 l\u2019emploi. Il est formul\u00e9 \u00e0 partir de la combinaison d\u2019un biocide concentr\u00e9 et d\u2019un agent renfor\u00e7ateur d\u00e9tergent. Cette synergie innovante assure une action rapide et renforc\u00e9e contre les algues, lichens et micro-organismes sur tous types de surfaces ext\u00e9rieures : toitures, fa\u00e7ades, murs et sols.","breadcrumb":{"@id":"https:\/\/scalp-sas.com\/nos-produits\/batinet-m-traitement-booste-pret-a-emploi\/#breadcrumb"},"inLanguage":"de","potentialAction":[{"@type":"ReadAction","target":["https:\/\/scalp-sas.com\/nos-produits\/batinet-m-traitement-booste-pret-a-emploi\/"]}]},{"@type":"ImageObject","inLanguage":"de","@id":"https:\/\/scalp-sas.com\/nos-produits\/batinet-m-traitement-booste-pret-a-emploi\/#primaryimage","url":"https:\/\/scalp-sas.com\/wp-content\/uploads\/2025\/09\/batinet-m.png","contentUrl":"https:\/\/scalp-sas.com\/wp-content\/uploads\/2025\/09\/batinet-m.png","width":1000,"height":1000},{"@type":"BreadcrumbList","@id":"https:\/\/scalp-sas.com\/nos-produits\/batinet-m-traitement-booste-pret-a-emploi\/#breadcrumb","itemListElement":[{"@type":"ListItem","position":1,"name":"Nos produits","item":"https:\/\/scalp-sas.com\/es\/nuestros-productos\/"},{"@type":"ListItem","position":2,"name":"Nos produits","item":"https:\/\/scalp-sas.com\/categorie-produit\/nos-produits\/"},{"@type":"ListItem","position":3,"name":"B\u00e2timent","item":"https:\/\/scalp-sas.com\/categorie-produit\/nos-produits\/batiment\/"},{"@type":"ListItem","position":4,"name":"BATI\u2019NET M"}]},{"@type":"WebSite","@id":"https:\/\/scalp-sas.com\/#website","url":"https:\/\/scalp-sas.com\/","name":"SCALP SAS","description":"Sp\u00e9cialiste des solutions de d\u00e9capage, nettoyage, entretien et de protection depuis plus de 70 ans","publisher":{"@id":"https:\/\/scalp-sas.com\/#organization"},"potentialAction":[{"@type":"SearchAction","target":{"@type":"EntryPoint","urlTemplate":"https:\/\/scalp-sas.com\/?s={search_term_string}"},"query-input":{"@type":"PropertyValueSpecification","valueRequired":true,"valueName":"search_term_string"}}],"inLanguage":"de"},{"@type":"Organization","@id":"https:\/\/scalp-sas.com\/#organization","name":"SCALP SAS","url":"https:\/\/scalp-sas.com\/","logo":{"@type":"ImageObject","inLanguage":"de","@id":"https:\/\/scalp-sas.com\/#\/schema\/logo\/image\/","url":"https:\/\/scalp-sas.com\/wp-content\/uploads\/2021\/06\/logo-scalp-noir.svg","contentUrl":"https:\/\/scalp-sas.com\/wp-content\/uploads\/2021\/06\/logo-scalp-noir.svg","width":526.433,"height":274.69,"caption":"SCALP SAS"},"image":{"@id":"https:\/\/scalp-sas.com\/#\/schema\/logo\/image\/"},"sameAs":["https:\/\/www.linkedin.com\/company\/scalp-sas\/","https:\/\/www.instagram.com\/scalp_sas\/"]}]}},"_links":{"self":[{"href":"https:\/\/scalp-sas.com\/de\/wp-json\/wp\/v2\/product\/198065","targetHints":{"allow":["GET"]}}],"collection":[{"href":"https:\/\/scalp-sas.com\/de\/wp-json\/wp\/v2\/product"}],"about":[{"href":"https:\/\/scalp-sas.com\/de\/wp-json\/wp\/v2\/types\/product"}],"replies":[{"embeddable":true,"href":"https:\/\/scalp-sas.com\/de\/wp-json\/wp\/v2\/comments?post=198065"}],"wp:featuredmedia":[{"embeddable":true,"href":"https:\/\/scalp-sas.com\/de\/wp-json\/wp\/v2\/media\/198076"}],"wp:attachment":[{"href":"https:\/\/scalp-sas.com\/de\/wp-json\/wp\/v2\/media?parent=198065"}],"wp:term":[{"taxonomy":"product_brand","embeddable":true,"href":"https:\/\/scalp-sas.com\/de\/wp-json\/wp\/v2\/product_brand?post=198065"},{"taxonomy":"product_cat","embeddable":true,"href":"https:\/\/scalp-sas.com\/de\/wp-json\/wp\/v2\/product_cat?post=198065"},{"taxonomy":"product_tag","embeddable":true,"href":"https:\/\/scalp-sas.com\/de\/wp-json\/wp\/v2\/product_tag?post=198065"}],"curies":[{"name":"wp","href":"https:\/\/api.w.org\/{rel}","templated":true}]}}