{"id":3199,"date":"2021-09-05T13:01:21","date_gmt":"2021-09-05T13:01:21","guid":{"rendered":"https:\/\/scalp.hebergement-com4design.fr\/?page_id=3199"},"modified":"2021-11-22T14:04:33","modified_gmt":"2021-11-22T14:04:33","slug":"mentions-legales","status":"publish","type":"page","link":"https:\/\/scalp-sas.com\/de\/mentions-legales\/","title":{"rendered":"Mentions l\u00e9gales"},"content":{"rendered":"<div data-elementor-type=\"wp-page\" data-elementor-id=\"3199\" class=\"elementor elementor-3199\" data-elementor-post-type=\"page\">\n\t\t\t\t\t\t<section class=\"elementor-section elementor-top-section elementor-element elementor-element-9864678 elementor-section-boxed elementor-section-height-default elementor-section-height-default\" data-id=\"9864678\" data-element_type=\"section\" data-e-type=\"section\" data-settings=\"{&quot;background_background&quot;:&quot;classic&quot;}\">\n\t\t\t\t\t\t<div class=\"elementor-container elementor-column-gap-default\">\n\t\t\t\t\t<div class=\"elementor-column elementor-col-100 elementor-top-column elementor-element elementor-element-22cf19f\" data-id=\"22cf19f\" data-element_type=\"column\" data-e-type=\"column\">\n\t\t\t<div class=\"elementor-widget-wrap elementor-element-populated\">\n\t\t\t\t\t\t<div class=\"elementor-element elementor-element-7c30a18 elementor-widget elementor-widget-global elementor-global-866 elementor-widget-ee-breadcrumbs\" data-id=\"7c30a18\" data-element_type=\"widget\" data-e-type=\"widget\" data-widget_type=\"ee-breadcrumbs.default\">\n\t\t\t\t<div class=\"elementor-widget-container\">\n\t\t\t\t\t<ul class=\"ee-breadcrumbs\" itemscope=\"\" itemtype=\"http:\/\/schema.org\/BreadcrumbList\"><\/ul>\t\t\t\t<\/div>\n\t\t\t\t<\/div>\n\t\t\t\t\t<\/div>\n\t\t<\/div>\n\t\t\t\t\t<\/div>\n\t\t<\/section>\n\t\t\t\t<section class=\"elementor-section elementor-top-section elementor-element elementor-element-6fd180d elementor-section-height-min-height elementor-section-items-stretch elementor-section-boxed elementor-section-height-default\" data-id=\"6fd180d\" data-element_type=\"section\" data-e-type=\"section\" data-settings=\"{&quot;background_background&quot;:&quot;classic&quot;}\">\n\t\t\t\t\t\t<div class=\"elementor-container elementor-column-gap-default\">\n\t\t\t\t\t<div class=\"elementor-column elementor-col-100 elementor-top-column elementor-element elementor-element-4804bf7\" data-id=\"4804bf7\" data-element_type=\"column\" data-e-type=\"column\">\n\t\t\t<div class=\"elementor-widget-wrap elementor-element-populated\">\n\t\t\t\t\t\t<section class=\"elementor-section elementor-inner-section elementor-element elementor-element-d61befe elementor-section-height-min-height elementor-section-boxed elementor-section-height-default\" data-id=\"d61befe\" data-element_type=\"section\" data-e-type=\"section\">\n\t\t\t\t\t\t<div class=\"elementor-container elementor-column-gap-default\">\n\t\t\t\t\t<div class=\"elementor-column elementor-col-50 elementor-inner-column elementor-element elementor-element-375f595\" data-id=\"375f595\" data-element_type=\"column\" data-e-type=\"column\" data-settings=\"{&quot;background_background&quot;:&quot;classic&quot;}\">\n\t\t\t<div class=\"elementor-widget-wrap elementor-element-populated\">\n\t\t\t\t\t\t<div class=\"elementor-element elementor-element-0a976fd elementor-widget-mobile__width-inherit elementor-widget elementor-widget-heading\" data-id=\"0a976fd\" data-element_type=\"widget\" data-e-type=\"widget\" data-widget_type=\"heading.default\">\n\t\t\t\t<div class=\"elementor-widget-container\">\n\t\t\t\t\t<h2 class=\"elementor-heading-title elementor-size-default\">Mentions l\u00e9gales<\/h2>\t\t\t\t<\/div>\n\t\t\t\t<\/div>\n\t\t\t\t\t<\/div>\n\t\t<\/div>\n\t\t\t\t<div class=\"elementor-column elementor-col-50 elementor-inner-column elementor-element elementor-element-1d7f724 elementor-hidden-mobile\" data-id=\"1d7f724\" data-element_type=\"column\" data-e-type=\"column\" data-settings=\"{&quot;background_background&quot;:&quot;classic&quot;}\">\n\t\t\t<div class=\"elementor-widget-wrap\">\n\t\t\t\t\t\t\t<\/div>\n\t\t<\/div>\n\t\t\t\t\t<\/div>\n\t\t<\/section>\n\t\t\t\t\t<\/div>\n\t\t<\/div>\n\t\t\t\t\t<\/div>\n\t\t<\/section>\n\t\t\t\t<section class=\"elementor-section elementor-top-section elementor-element elementor-element-9745860 elementor-section-boxed elementor-section-height-default elementor-section-height-default\" data-id=\"9745860\" data-element_type=\"section\" data-e-type=\"section\">\n\t\t\t\t\t\t<div class=\"elementor-container elementor-column-gap-default\">\n\t\t\t\t\t<div class=\"elementor-column elementor-col-100 elementor-top-column elementor-element elementor-element-85ac27f\" data-id=\"85ac27f\" data-element_type=\"column\" data-e-type=\"column\">\n\t\t\t<div class=\"elementor-widget-wrap elementor-element-populated\">\n\t\t\t\t\t\t<div class=\"elementor-element elementor-element-03ad762 elementor-widget-mobile__width-initial elementor-widget elementor-widget-heading\" data-id=\"03ad762\" data-element_type=\"widget\" data-e-type=\"widget\" data-widget_type=\"heading.default\">\n\t\t\t\t<div class=\"elementor-widget-container\">\n\t\t\t\t\t<h2 class=\"elementor-heading-title elementor-size-default\">D\u00e9nomination social\u00a0:<\/h2>\t\t\t\t<\/div>\n\t\t\t\t<\/div>\n\t\t\t\t<div class=\"elementor-element elementor-element-a6414e4 elementor-widget-divider--view-line elementor-widget elementor-widget-divider\" data-id=\"a6414e4\" data-element_type=\"widget\" data-e-type=\"widget\" data-widget_type=\"divider.default\">\n\t\t\t\t<div class=\"elementor-widget-container\">\n\t\t\t\t\t\t\t<div class=\"elementor-divider\">\n\t\t\t<span class=\"elementor-divider-separator\">\n\t\t\t\t\t\t<\/span>\n\t\t<\/div>\n\t\t\t\t\t\t<\/div>\n\t\t\t\t<\/div>\n\t\t\t\t<div class=\"elementor-element elementor-element-94ea932 elementor-widget__width-inherit elementor-widget elementor-widget-text-editor\" data-id=\"94ea932\" data-element_type=\"widget\" data-e-type=\"widget\" data-widget_type=\"text-editor.default\">\n\t\t\t\t<div class=\"elementor-widget-container\">\n\t\t\t\t\t\t\t\t\t<p><strong>SCALP-SAS<\/strong><br \/>Scalp SAS, 8, All\u00e9e de Bruxelles \u2013 93320 Les Pavillons sous Bois, capital social : 115.500,00 \u20ac<br \/>N\u00b0 d&rsquo;inscription au registre du commerce et des soci\u00e9t\u00e9s (RCS) : 562 112 227 R.C.S. Bobigny<br \/>Si\u00e8ge social : Scalp SAS, 8, All\u00e9e de Bruxelles \u2013 93320 Les Pavillons sous Bois<br \/>E-Mail\u00a0: direction@scalp-france.fr<br \/>N\u00b0 T\u00e9l\u00e9phone\u00a0: 01 48 48 39 76<br \/>N\u00b0 TVA\u00a0: FR35562112227<\/p>\t\t\t\t\t\t\t\t<\/div>\n\t\t\t\t<\/div>\n\t\t\t\t<div class=\"elementor-element elementor-element-b1669b0 elementor-widget-mobile__width-initial elementor-widget elementor-widget-heading\" data-id=\"b1669b0\" data-element_type=\"widget\" data-e-type=\"widget\" data-widget_type=\"heading.default\">\n\t\t\t\t<div class=\"elementor-widget-container\">\n\t\t\t\t\t<h2 class=\"elementor-heading-title elementor-size-default\">H\u00e9bergement :<\/h2>\t\t\t\t<\/div>\n\t\t\t\t<\/div>\n\t\t\t\t<div class=\"elementor-element elementor-element-7dd074b elementor-widget-divider--view-line elementor-widget elementor-widget-divider\" data-id=\"7dd074b\" data-element_type=\"widget\" data-e-type=\"widget\" data-widget_type=\"divider.default\">\n\t\t\t\t<div class=\"elementor-widget-container\">\n\t\t\t\t\t\t\t<div class=\"elementor-divider\">\n\t\t\t<span class=\"elementor-divider-separator\">\n\t\t\t\t\t\t<\/span>\n\t\t<\/div>\n\t\t\t\t\t\t<\/div>\n\t\t\t\t<\/div>\n\t\t\t\t<div class=\"elementor-element elementor-element-f9012a1 elementor-widget__width-inherit elementor-widget elementor-widget-text-editor\" data-id=\"f9012a1\" data-element_type=\"widget\" data-e-type=\"widget\" data-widget_type=\"text-editor.default\">\n\t\t\t\t<div class=\"elementor-widget-container\">\n\t\t\t\t\t\t\t\t\t<p><strong>OVH<\/strong><br \/>SAS au capital de\u00a010 000 000 \u20ac<br \/>RCS Roubaix \u2013 Tourcoing 42476141900011<br \/>Code APE 6202A<br \/>N\u00b0TVA\u00a0: FR 22 424 761 419<br \/>Si\u00e8ge social\u00a0: 2 rue Kellerman \u2013 59100 Roubaix \u2013 France<br \/>Web\u00a0: www.ovh.com<a href=\"http:\/\/www.ovh.com\/\"><br \/><\/a>N\u00b0 T\u00e9l\u00e9phone\u00a0: 0820 698 765<\/p>\t\t\t\t\t\t\t\t<\/div>\n\t\t\t\t<\/div>\n\t\t\t\t<div class=\"elementor-element elementor-element-fb83211 elementor-widget-mobile__width-initial elementor-widget elementor-widget-heading\" data-id=\"fb83211\" data-element_type=\"widget\" data-e-type=\"widget\" data-widget_type=\"heading.default\">\n\t\t\t\t<div class=\"elementor-widget-container\">\n\t\t\t\t\t<h2 class=\"elementor-heading-title elementor-size-default\">Liens hypertextes<\/h2>\t\t\t\t<\/div>\n\t\t\t\t<\/div>\n\t\t\t\t<div class=\"elementor-element elementor-element-a862255 elementor-widget-divider--view-line elementor-widget elementor-widget-divider\" data-id=\"a862255\" data-element_type=\"widget\" data-e-type=\"widget\" data-widget_type=\"divider.default\">\n\t\t\t\t<div class=\"elementor-widget-container\">\n\t\t\t\t\t\t\t<div class=\"elementor-divider\">\n\t\t\t<span class=\"elementor-divider-separator\">\n\t\t\t\t\t\t<\/span>\n\t\t<\/div>\n\t\t\t\t\t\t<\/div>\n\t\t\t\t<\/div>\n\t\t\t\t<div class=\"elementor-element elementor-element-30c56e2 elementor-widget__width-inherit elementor-widget elementor-widget-text-editor\" data-id=\"30c56e2\" data-element_type=\"widget\" data-e-type=\"widget\" data-widget_type=\"text-editor.default\">\n\t\t\t\t<div class=\"elementor-widget-container\">\n\t\t\t\t\t\t\t\t\t<p>La mise en place de liens hypertextes vers le site internet est soumise \u00e0 une autorisation \u00e9crite et pr\u00e9alable de l&rsquo;entreprise.<\/p><p>La demande d\u2019autorisation se fait par courriel \u00e0 l\u2019adresse suivante <a href=\"mailto:marketing@scalp-france.fr\">marketing@scalp-france.fr<\/a>.<\/p><p>Scalp-sas se d\u00e9gage de toute responsabilit\u00e9 quant au contenu de sites tiers qui seraient li\u00e9s \u00e0 son site internet apr\u00e8s autorisation.<\/p>\t\t\t\t\t\t\t\t<\/div>\n\t\t\t\t<\/div>\n\t\t\t\t<div class=\"elementor-element elementor-element-941cbbb elementor-widget-mobile__width-initial elementor-widget elementor-widget-heading\" data-id=\"941cbbb\" data-element_type=\"widget\" data-e-type=\"widget\" data-widget_type=\"heading.default\">\n\t\t\t\t<div class=\"elementor-widget-container\">\n\t\t\t\t\t<h2 class=\"elementor-heading-title elementor-size-default\">Droit d'auteur<\/h2>\t\t\t\t<\/div>\n\t\t\t\t<\/div>\n\t\t\t\t<div class=\"elementor-element elementor-element-6d5c131 elementor-widget-divider--view-line elementor-widget elementor-widget-divider\" data-id=\"6d5c131\" data-element_type=\"widget\" data-e-type=\"widget\" data-widget_type=\"divider.default\">\n\t\t\t\t<div class=\"elementor-widget-container\">\n\t\t\t\t\t\t\t<div class=\"elementor-divider\">\n\t\t\t<span class=\"elementor-divider-separator\">\n\t\t\t\t\t\t<\/span>\n\t\t<\/div>\n\t\t\t\t\t\t<\/div>\n\t\t\t\t<\/div>\n\t\t\t\t<div class=\"elementor-element elementor-element-a0e4204 elementor-widget__width-inherit elementor-widget elementor-widget-text-editor\" data-id=\"a0e4204\" data-element_type=\"widget\" data-e-type=\"widget\" data-widget_type=\"text-editor.default\">\n\t\t\t\t<div class=\"elementor-widget-container\">\n\t\t\t\t\t\t\t\t\t<p>Tous les \u00e9l\u00e9ments de toute nature (images fixes, images anim\u00e9es, bases de donn\u00e9es, marques, illustrations, logos, dessins, mod\u00e8les, mise en page, documents t\u00e9l\u00e9chargeables) contenus dans le site\u00a0SCALP-SAS.COM sont prot\u00e9g\u00e9s en tant qu\u2019\u0153uvre de l\u2019esprit par la l\u00e9gislation fran\u00e7aise et internationale sur le droit d\u2019auteur et la propri\u00e9t\u00e9 intellectuelle. Ces \u00e9l\u00e9ments restent la propri\u00e9t\u00e9 exclusive de SCALP-SAS.COM, sauf mentions particuli\u00e8res. A ce titre, sauf autorisation pr\u00e9alable et \u00e9crite de la soci\u00e9t\u00e9, toute reproduction, repr\u00e9sentation, adaptation, modification partielle ou int\u00e9grale de tout \u00e9l\u00e9ment composant le site, par quelque moyen que ce soit, est interdite sous peine de poursuite judiciaire.<\/p>\t\t\t\t\t\t\t\t<\/div>\n\t\t\t\t<\/div>\n\t\t\t\t\t<\/div>\n\t\t<\/div>\n\t\t\t\t\t<\/div>\n\t\t<\/section>\n\t\t\t\t<\/div>","protected":false},"excerpt":{"rendered":"<p>Mentions l\u00e9gales D\u00e9nomination social\u00a0: SCALP-SASScalp SAS, 8, All\u00e9e de Bruxelles \u2013 93320 Les Pavillons sous Bois, capital social : 115.500,00 \u20acN\u00b0 d&rsquo;inscription au registre du commerce et des soci\u00e9t\u00e9s (RCS) : 562 112 227 R.C.S. BobignySi\u00e8ge social : Scalp SAS, 8, All\u00e9e de Bruxelles \u2013 93320 Les Pavillons sous BoisE-Mail\u00a0: direction@scalp-france.frN\u00b0 T\u00e9l\u00e9phone\u00a0: 01 48 48 [&hellip;]<\/p>","protected":false},"author":2,"featured_media":0,"parent":0,"menu_order":0,"comment_status":"closed","ping_status":"closed","template":"","meta":{"_acf_changed":false,"footnotes":""},"class_list":["post-3199","page","type-page","status-publish","hentry"],"acf":[],"yoast_head":"<!-- This site is optimized with the Yoast SEO plugin v27.3 - https:\/\/yoast.com\/product\/yoast-seo-wordpress\/ -->\n<title>Mentions l\u00e9gales - SCALP SAS<\/title>\n<meta name=\"robots\" content=\"index, follow, max-snippet:-1, max-image-preview:large, max-video-preview:-1\" \/>\n<link rel=\"canonical\" href=\"https:\/\/scalp-sas.com\/de\/mentions-legales\/\" \/>\n<meta property=\"og:locale\" content=\"de_DE\" \/>\n<meta property=\"og:type\" content=\"article\" \/>\n<meta property=\"og:title\" content=\"Mentions l\u00e9gales - SCALP SAS\" \/>\n<meta property=\"og:description\" content=\"Mentions l\u00e9gales D\u00e9nomination social\u00a0: SCALP-SASScalp SAS, 8, All\u00e9e de Bruxelles \u2013 93320 Les Pavillons sous Bois, capital social : 115.500,00 \u20acN\u00b0 d&rsquo;inscription au registre du commerce et des soci\u00e9t\u00e9s (RCS) : 562 112 227 R.C.S. BobignySi\u00e8ge social : Scalp SAS, 8, All\u00e9e de Bruxelles \u2013 93320 Les Pavillons sous BoisE-Mail\u00a0: direction@scalp-france.frN\u00b0 T\u00e9l\u00e9phone\u00a0: 01 48 48 [&hellip;]\" \/>\n<meta property=\"og:url\" content=\"https:\/\/scalp-sas.com\/de\/mentions-legales\/\" \/>\n<meta property=\"og:site_name\" content=\"SCALP SAS\" \/>\n<meta property=\"article:modified_time\" content=\"2021-11-22T14:04:33+00:00\" \/>\n<meta property=\"og:image\" content=\"https:\/\/scalp-sas.com\/wp-content\/uploads\/2022\/01\/logo-scalp-site.png\" \/>\n\t<meta property=\"og:image:width\" content=\"350\" \/>\n\t<meta property=\"og:image:height\" content=\"100\" \/>\n\t<meta property=\"og:image:type\" content=\"image\/png\" \/>\n<meta name=\"twitter:card\" content=\"summary_large_image\" \/>\n<meta name=\"twitter:label1\" content=\"Gesch\u00e4tzte Lesezeit\" \/>\n\t<meta name=\"twitter:data1\" content=\"2\u00a0Minuten\" \/>\n<script type=\"application\/ld+json\" class=\"yoast-schema-graph\">{\"@context\":\"https:\\\/\\\/schema.org\",\"@graph\":[{\"@type\":\"WebPage\",\"@id\":\"https:\\\/\\\/scalp-sas.com\\\/en\\\/mentions-legales\\\/\",\"url\":\"https:\\\/\\\/scalp-sas.com\\\/en\\\/mentions-legales\\\/\",\"name\":\"Mentions l\u00e9gales - SCALP SAS\",\"isPartOf\":{\"@id\":\"https:\\\/\\\/scalp-sas.com\\\/#website\"},\"datePublished\":\"2021-09-05T13:01:21+00:00\",\"dateModified\":\"2021-11-22T14:04:33+00:00\",\"inLanguage\":\"de\",\"potentialAction\":[{\"@type\":\"ReadAction\",\"target\":[\"https:\\\/\\\/scalp-sas.com\\\/en\\\/mentions-legales\\\/\"]}]},{\"@type\":\"WebSite\",\"@id\":\"https:\\\/\\\/scalp-sas.com\\\/#website\",\"url\":\"https:\\\/\\\/scalp-sas.com\\\/\",\"name\":\"SCALP SAS\",\"description\":\"Sp\u00e9cialiste des solutions de d\u00e9capage, nettoyage, entretien et de protection depuis plus de 70 ans\",\"publisher\":{\"@id\":\"https:\\\/\\\/scalp-sas.com\\\/#organization\"},\"potentialAction\":[{\"@type\":\"SearchAction\",\"target\":{\"@type\":\"EntryPoint\",\"urlTemplate\":\"https:\\\/\\\/scalp-sas.com\\\/?s={search_term_string}\"},\"query-input\":{\"@type\":\"PropertyValueSpecification\",\"valueRequired\":true,\"valueName\":\"search_term_string\"}}],\"inLanguage\":\"de\"},{\"@type\":\"Organization\",\"@id\":\"https:\\\/\\\/scalp-sas.com\\\/#organization\",\"name\":\"SCALP SAS\",\"url\":\"https:\\\/\\\/scalp-sas.com\\\/\",\"logo\":{\"@type\":\"ImageObject\",\"inLanguage\":\"de\",\"@id\":\"https:\\\/\\\/scalp-sas.com\\\/#\\\/schema\\\/logo\\\/image\\\/\",\"url\":\"https:\\\/\\\/scalp-sas.com\\\/wp-content\\\/uploads\\\/2021\\\/06\\\/logo-scalp-noir.svg\",\"contentUrl\":\"https:\\\/\\\/scalp-sas.com\\\/wp-content\\\/uploads\\\/2021\\\/06\\\/logo-scalp-noir.svg\",\"width\":526.433,\"height\":274.69,\"caption\":\"SCALP SAS\"},\"image\":{\"@id\":\"https:\\\/\\\/scalp-sas.com\\\/#\\\/schema\\\/logo\\\/image\\\/\"},\"sameAs\":[\"https:\\\/\\\/www.linkedin.com\\\/company\\\/scalp-sas\\\/\",\"https:\\\/\\\/www.instagram.com\\\/scalp_sas\\\/\"]}]}<\/script>\n<!-- \/ Yoast SEO plugin. -->","yoast_head_json":{"title":"Mentions l\u00e9gales - SCALP SAS","robots":{"index":"index","follow":"follow","max-snippet":"max-snippet:-1","max-image-preview":"max-image-preview:large","max-video-preview":"max-video-preview:-1"},"canonical":"https:\/\/scalp-sas.com\/de\/mentions-legales\/","og_locale":"de_DE","og_type":"article","og_title":"Mentions l\u00e9gales - SCALP SAS","og_description":"Mentions l\u00e9gales D\u00e9nomination social\u00a0: SCALP-SASScalp SAS, 8, All\u00e9e de Bruxelles \u2013 93320 Les Pavillons sous Bois, capital social : 115.500,00 \u20acN\u00b0 d&rsquo;inscription au registre du commerce et des soci\u00e9t\u00e9s (RCS) : 562 112 227 R.C.S. BobignySi\u00e8ge social : Scalp SAS, 8, All\u00e9e de Bruxelles \u2013 93320 Les Pavillons sous BoisE-Mail\u00a0: direction@scalp-france.frN\u00b0 T\u00e9l\u00e9phone\u00a0: 01 48 48 [&hellip;]","og_url":"https:\/\/scalp-sas.com\/de\/mentions-legales\/","og_site_name":"SCALP SAS","article_modified_time":"2021-11-22T14:04:33+00:00","og_image":[{"width":350,"height":100,"url":"https:\/\/scalp-sas.com\/wp-content\/uploads\/2022\/01\/logo-scalp-site.png","type":"image\/png"}],"twitter_card":"summary_large_image","twitter_misc":{"Gesch\u00e4tzte Lesezeit":"2\u00a0Minuten"},"schema":{"@context":"https:\/\/schema.org","@graph":[{"@type":"WebPage","@id":"https:\/\/scalp-sas.com\/en\/mentions-legales\/","url":"https:\/\/scalp-sas.com\/en\/mentions-legales\/","name":"Mentions l\u00e9gales - SCALP SAS","isPartOf":{"@id":"https:\/\/scalp-sas.com\/#website"},"datePublished":"2021-09-05T13:01:21+00:00","dateModified":"2021-11-22T14:04:33+00:00","inLanguage":"de","potentialAction":[{"@type":"ReadAction","target":["https:\/\/scalp-sas.com\/en\/mentions-legales\/"]}]},{"@type":"WebSite","@id":"https:\/\/scalp-sas.com\/#website","url":"https:\/\/scalp-sas.com\/","name":"SCALP SAS","description":"Sp\u00e9cialiste des solutions de d\u00e9capage, nettoyage, entretien et de protection depuis plus de 70 ans","publisher":{"@id":"https:\/\/scalp-sas.com\/#organization"},"potentialAction":[{"@type":"SearchAction","target":{"@type":"EntryPoint","urlTemplate":"https:\/\/scalp-sas.com\/?s={search_term_string}"},"query-input":{"@type":"PropertyValueSpecification","valueRequired":true,"valueName":"search_term_string"}}],"inLanguage":"de"},{"@type":"Organization","@id":"https:\/\/scalp-sas.com\/#organization","name":"SCALP SAS","url":"https:\/\/scalp-sas.com\/","logo":{"@type":"ImageObject","inLanguage":"de","@id":"https:\/\/scalp-sas.com\/#\/schema\/logo\/image\/","url":"https:\/\/scalp-sas.com\/wp-content\/uploads\/2021\/06\/logo-scalp-noir.svg","contentUrl":"https:\/\/scalp-sas.com\/wp-content\/uploads\/2021\/06\/logo-scalp-noir.svg","width":526.433,"height":274.69,"caption":"SCALP SAS"},"image":{"@id":"https:\/\/scalp-sas.com\/#\/schema\/logo\/image\/"},"sameAs":["https:\/\/www.linkedin.com\/company\/scalp-sas\/","https:\/\/www.instagram.com\/scalp_sas\/"]}]}},"_links":{"self":[{"href":"https:\/\/scalp-sas.com\/de\/wp-json\/wp\/v2\/pages\/3199","targetHints":{"allow":["GET"]}}],"collection":[{"href":"https:\/\/scalp-sas.com\/de\/wp-json\/wp\/v2\/pages"}],"about":[{"href":"https:\/\/scalp-sas.com\/de\/wp-json\/wp\/v2\/types\/page"}],"author":[{"embeddable":true,"href":"https:\/\/scalp-sas.com\/de\/wp-json\/wp\/v2\/users\/2"}],"replies":[{"embeddable":true,"href":"https:\/\/scalp-sas.com\/de\/wp-json\/wp\/v2\/comments?post=3199"}],"version-history":[{"count":5,"href":"https:\/\/scalp-sas.com\/de\/wp-json\/wp\/v2\/pages\/3199\/revisions"}],"predecessor-version":[{"id":5507,"href":"https:\/\/scalp-sas.com\/de\/wp-json\/wp\/v2\/pages\/3199\/revisions\/5507"}],"wp:attachment":[{"href":"https:\/\/scalp-sas.com\/de\/wp-json\/wp\/v2\/media?parent=3199"}],"curies":[{"name":"wp","href":"https:\/\/api.w.org\/{rel}","templated":true}]}}