{"id":3189,"date":"2021-09-05T12:46:11","date_gmt":"2021-09-05T12:46:11","guid":{"rendered":"https:\/\/scalp.hebergement-com4design.fr\/?page_id=3189"},"modified":"2024-03-27T13:21:36","modified_gmt":"2024-03-27T13:21:36","slug":"politique-de-confidentialite","status":"publish","type":"page","link":"https:\/\/scalp-sas.com\/de\/politique-de-confidentialite\/","title":{"rendered":"Politique de confidentialit\u00e9\u200b"},"content":{"rendered":"<div data-elementor-type=\"wp-page\" data-elementor-id=\"3189\" class=\"elementor elementor-3189\" data-elementor-post-type=\"page\">\n\t\t\t\t\t\t<section class=\"elementor-section elementor-top-section elementor-element elementor-element-59fb7ed elementor-section-boxed elementor-section-height-default elementor-section-height-default\" data-id=\"59fb7ed\" data-element_type=\"section\" data-e-type=\"section\" data-settings=\"{&quot;background_background&quot;:&quot;classic&quot;}\">\n\t\t\t\t\t\t<div class=\"elementor-container elementor-column-gap-default\">\n\t\t\t\t\t<div class=\"elementor-column elementor-col-100 elementor-top-column elementor-element elementor-element-682fb4b\" data-id=\"682fb4b\" data-element_type=\"column\" data-e-type=\"column\">\n\t\t\t<div class=\"elementor-widget-wrap elementor-element-populated\">\n\t\t\t\t\t\t<div class=\"elementor-element elementor-element-2ecb7c3 elementor-widget elementor-widget-global elementor-global-866 elementor-widget-ee-breadcrumbs\" data-id=\"2ecb7c3\" data-element_type=\"widget\" data-e-type=\"widget\" data-widget_type=\"ee-breadcrumbs.default\">\n\t\t\t\t<div class=\"elementor-widget-container\">\n\t\t\t\t\t<ul class=\"ee-breadcrumbs\" itemscope=\"\" itemtype=\"http:\/\/schema.org\/BreadcrumbList\"><\/ul>\t\t\t\t<\/div>\n\t\t\t\t<\/div>\n\t\t\t\t\t<\/div>\n\t\t<\/div>\n\t\t\t\t\t<\/div>\n\t\t<\/section>\n\t\t\t\t<section class=\"elementor-section elementor-top-section elementor-element elementor-element-a432b63 elementor-section-height-min-height elementor-section-items-stretch elementor-section-boxed elementor-section-height-default\" data-id=\"a432b63\" data-element_type=\"section\" data-e-type=\"section\" data-settings=\"{&quot;background_background&quot;:&quot;classic&quot;}\">\n\t\t\t\t\t\t<div class=\"elementor-container elementor-column-gap-default\">\n\t\t\t\t\t<div class=\"elementor-column elementor-col-100 elementor-top-column elementor-element elementor-element-763481f\" data-id=\"763481f\" data-element_type=\"column\" data-e-type=\"column\">\n\t\t\t<div class=\"elementor-widget-wrap elementor-element-populated\">\n\t\t\t\t\t\t<section class=\"elementor-section elementor-inner-section elementor-element elementor-element-bc6836d elementor-section-height-min-height elementor-section-boxed elementor-section-height-default\" data-id=\"bc6836d\" data-element_type=\"section\" data-e-type=\"section\">\n\t\t\t\t\t\t<div class=\"elementor-container elementor-column-gap-default\">\n\t\t\t\t\t<div class=\"elementor-column elementor-col-50 elementor-inner-column elementor-element elementor-element-245869d\" data-id=\"245869d\" data-element_type=\"column\" data-e-type=\"column\" data-settings=\"{&quot;background_background&quot;:&quot;classic&quot;}\">\n\t\t\t<div class=\"elementor-widget-wrap elementor-element-populated\">\n\t\t\t\t\t\t<div class=\"elementor-element elementor-element-48d109a elementor-widget-mobile__width-inherit elementor-widget elementor-widget-heading\" data-id=\"48d109a\" data-element_type=\"widget\" data-e-type=\"widget\" data-widget_type=\"heading.default\">\n\t\t\t\t<div class=\"elementor-widget-container\">\n\t\t\t\t\t<h2 class=\"elementor-heading-title elementor-size-default\">Politique de confidentialit\u00e9\u200b<\/h2>\t\t\t\t<\/div>\n\t\t\t\t<\/div>\n\t\t\t\t\t<\/div>\n\t\t<\/div>\n\t\t\t\t<div class=\"elementor-column elementor-col-50 elementor-inner-column elementor-element elementor-element-3480a2a elementor-hidden-mobile\" data-id=\"3480a2a\" data-element_type=\"column\" data-e-type=\"column\" data-settings=\"{&quot;background_background&quot;:&quot;classic&quot;}\">\n\t\t\t<div class=\"elementor-widget-wrap\">\n\t\t\t\t\t\t\t<\/div>\n\t\t<\/div>\n\t\t\t\t\t<\/div>\n\t\t<\/section>\n\t\t\t\t\t<\/div>\n\t\t<\/div>\n\t\t\t\t\t<\/div>\n\t\t<\/section>\n\t\t\t\t<section class=\"elementor-section elementor-top-section elementor-element elementor-element-12c4baf elementor-section-boxed elementor-section-height-default elementor-section-height-default\" data-id=\"12c4baf\" data-element_type=\"section\" data-e-type=\"section\">\n\t\t\t\t\t\t<div class=\"elementor-container elementor-column-gap-default\">\n\t\t\t\t\t<div class=\"elementor-column elementor-col-100 elementor-top-column elementor-element elementor-element-e4619e6\" data-id=\"e4619e6\" data-element_type=\"column\" data-e-type=\"column\">\n\t\t\t<div class=\"elementor-widget-wrap elementor-element-populated\">\n\t\t\t\t\t\t<div class=\"elementor-element elementor-element-c47ec4e elementor-widget-mobile__width-initial elementor-widget elementor-widget-heading\" data-id=\"c47ec4e\" data-element_type=\"widget\" data-e-type=\"widget\" data-widget_type=\"heading.default\">\n\t\t\t\t<div class=\"elementor-widget-container\">\n\t\t\t\t\t<h2 class=\"elementor-heading-title elementor-size-default\">Article 1\u00a0: <\/h2>\t\t\t\t<\/div>\n\t\t\t\t<\/div>\n\t\t\t\t<div class=\"elementor-element elementor-element-edc0fcb elementor-widget-divider--view-line elementor-widget elementor-widget-divider\" data-id=\"edc0fcb\" data-element_type=\"widget\" data-e-type=\"widget\" data-widget_type=\"divider.default\">\n\t\t\t\t<div class=\"elementor-widget-container\">\n\t\t\t\t\t\t\t<div class=\"elementor-divider\">\n\t\t\t<span class=\"elementor-divider-separator\">\n\t\t\t\t\t\t<\/span>\n\t\t<\/div>\n\t\t\t\t\t\t<\/div>\n\t\t\t\t<\/div>\n\t\t\t\t<div class=\"elementor-element elementor-element-b0f9b3e elementor-widget-mobile__width-initial elementor-widget elementor-widget-heading\" data-id=\"b0f9b3e\" data-element_type=\"widget\" data-e-type=\"widget\" data-widget_type=\"heading.default\">\n\t\t\t\t<div class=\"elementor-widget-container\">\n\t\t\t\t\t<h2 class=\"elementor-heading-title elementor-size-default\">PR\u00c9AMBULE<\/h2>\t\t\t\t<\/div>\n\t\t\t\t<\/div>\n\t\t\t\t<div class=\"elementor-element elementor-element-b55ffd4 elementor-widget__width-inherit elementor-widget elementor-widget-text-editor\" data-id=\"b55ffd4\" data-element_type=\"widget\" data-e-type=\"widget\" data-widget_type=\"text-editor.default\">\n\t\t\t\t<div class=\"elementor-widget-container\">\n\t\t\t\t\t\t\t\t\t<p class=\"p1\"><span class=\"s1\">Cette page a pour objectif de vous informer de l&rsquo;utilisation de vos Donn\u00e9es \u00e0 Caract\u00e8re Personnel sur le site scalp-sas.com, dans le cadre de la r\u00e9glementation relative \u00e0 la protection des Donn\u00e9es \u00e0 Caract\u00e8re Personnel comprenant les dispositions de la loi 78-17 \u00ab Informatique et Libert\u00e9s \u00bb du 6 janvier 1978 et le R\u00e8glement (UE) G\u00e9n\u00e9ral sur la Protection des Donn\u00e9es 2016\/679.<\/span><\/p><p class=\"p1\"><span class=\"s1\">Particuli\u00e8rement soucieux de la protection de vos Donn\u00e9es \u00e0 Caract\u00e8re Personnel, nous avons souhait\u00e9 vous apporter une information claire et transparente sur la fa\u00e7on dont ces donn\u00e9es sont collect\u00e9es, trait\u00e9es et utilis\u00e9es et avons mis en place les moyens techniques et organisationnels n\u00e9cessaires \u00e0 leur protection.<\/span><\/p>\t\t\t\t\t\t\t\t<\/div>\n\t\t\t\t<\/div>\n\t\t\t\t<div class=\"elementor-element elementor-element-10f752e elementor-widget-mobile__width-initial elementor-widget elementor-widget-heading\" data-id=\"10f752e\" data-element_type=\"widget\" data-e-type=\"widget\" data-widget_type=\"heading.default\">\n\t\t\t\t<div class=\"elementor-widget-container\">\n\t\t\t\t\t<h2 class=\"elementor-heading-title elementor-size-default\">Article 2\u00a0: <\/h2>\t\t\t\t<\/div>\n\t\t\t\t<\/div>\n\t\t\t\t<div class=\"elementor-element elementor-element-414a2e0 elementor-widget-divider--view-line elementor-widget elementor-widget-divider\" data-id=\"414a2e0\" data-element_type=\"widget\" data-e-type=\"widget\" data-widget_type=\"divider.default\">\n\t\t\t\t<div class=\"elementor-widget-container\">\n\t\t\t\t\t\t\t<div class=\"elementor-divider\">\n\t\t\t<span class=\"elementor-divider-separator\">\n\t\t\t\t\t\t<\/span>\n\t\t<\/div>\n\t\t\t\t\t\t<\/div>\n\t\t\t\t<\/div>\n\t\t\t\t<div class=\"elementor-element elementor-element-b7998e1 elementor-widget-mobile__width-initial elementor-widget elementor-widget-heading\" data-id=\"b7998e1\" data-element_type=\"widget\" data-e-type=\"widget\" data-widget_type=\"heading.default\">\n\t\t\t\t<div class=\"elementor-widget-container\">\n\t\t\t\t\t<h2 class=\"elementor-heading-title elementor-size-default\"> PRINCIPES G\u00c9N\u00c9RAUX EN MATI\u00c8RE DE COLLECTE ET DE TRAITEMENT DE DONN\u00c9ES\u200b<\/h2>\t\t\t\t<\/div>\n\t\t\t\t<\/div>\n\t\t\t\t<div class=\"elementor-element elementor-element-b0522be elementor-widget__width-inherit elementor-widget elementor-widget-text-editor\" data-id=\"b0522be\" data-element_type=\"widget\" data-e-type=\"widget\" data-widget_type=\"text-editor.default\">\n\t\t\t\t<div class=\"elementor-widget-container\">\n\t\t\t\t\t\t\t\t\t<p>La soci\u00e9t\u00e9 SCALP SAS consid\u00e8re que vos coordonn\u00e9es sont des donn\u00e9es confidentielles, et s\u2019engage \u00e0 ne pas les divulguer. Vous disposez d\u2019un droit d\u2019acc\u00e8s, de modification, de rectification et de suppression des donn\u00e9es qui vous concernent (article 34 de la loi Informatique et libert\u00e9s n\u00b0 78-17 du 6 janvier 1978.\u00a0<\/p><p>Les informations personnelles pouvant \u00eatre recueillies sur le site internet SCALP-SAS.COM sont principalement utilis\u00e9es par la soci\u00e9t\u00e9 pour la gestion de vos demandes. Elles sont enregistr\u00e9es dans le fichier de clients de la soci\u00e9t\u00e9.<\/p><p>Les donn\u00e9es collect\u00e9es sur le site internet\u00a0SCALP-SAS.COM sont celles que l\u2019utilisateur du site internet indique lorsqu\u2019il remplit des informations demand\u00e9es dans des formulaires pr\u00e9sents sur le site internet (nom, pr\u00e9nom, adresse postale, adresse de courrier \u00e9lectronique)\u00a0SCALP-SAS.COM utilise ces donn\u00e9es de mani\u00e8re confidentielle pour\u00a0 traiter les demandes de devis ou les demandes de renseignements formul\u00e9es sur le site internet par les utilisateurs. Les informations recueillies pourront \u00e9ventuellement \u00eatre communiqu\u00e9es \u00e0 des tiers li\u00e9s \u00e0 la soci\u00e9t\u00e9 par contrat pour l&rsquo;ex\u00e9cution de t\u00e2ches sous-trait\u00e9es n\u00e9cessaires \u00e0 la gestion d\u2019un demande formul\u00e9e par un utilisateur du site internet.<\/p><p>Ces donn\u00e9es ne sont pas communiqu\u00e9es \u00e0 d\u2019autres tiers, sous r\u00e9serve d\u2019une demande formul\u00e9e par les autorit\u00e9s judiciaires ou administratives habilit\u00e9es \u00e0 formuler cette demande.<\/p>\t\t\t\t\t\t\t\t<\/div>\n\t\t\t\t<\/div>\n\t\t\t\t<div class=\"elementor-element elementor-element-5a9e364 elementor-widget-mobile__width-initial elementor-widget elementor-widget-heading\" data-id=\"5a9e364\" data-element_type=\"widget\" data-e-type=\"widget\" data-widget_type=\"heading.default\">\n\t\t\t\t<div class=\"elementor-widget-container\">\n\t\t\t\t\t<h2 class=\"elementor-heading-title elementor-size-default\">Article 3\u00a0: <\/h2>\t\t\t\t<\/div>\n\t\t\t\t<\/div>\n\t\t\t\t<div class=\"elementor-element elementor-element-c4966a9 elementor-widget-divider--view-line elementor-widget elementor-widget-divider\" data-id=\"c4966a9\" data-element_type=\"widget\" data-e-type=\"widget\" data-widget_type=\"divider.default\">\n\t\t\t\t<div class=\"elementor-widget-container\">\n\t\t\t\t\t\t\t<div class=\"elementor-divider\">\n\t\t\t<span class=\"elementor-divider-separator\">\n\t\t\t\t\t\t<\/span>\n\t\t<\/div>\n\t\t\t\t\t\t<\/div>\n\t\t\t\t<\/div>\n\t\t\t\t<div class=\"elementor-element elementor-element-b7ca7c4 elementor-widget-mobile__width-initial elementor-widget elementor-widget-heading\" data-id=\"b7ca7c4\" data-element_type=\"widget\" data-e-type=\"widget\" data-widget_type=\"heading.default\">\n\t\t\t\t<div class=\"elementor-widget-container\">\n\t\t\t\t\t<h2 class=\"elementor-heading-title elementor-size-default\">INFORMATIONS SUR LES COOKIES<\/h2>\t\t\t\t<\/div>\n\t\t\t\t<\/div>\n\t\t\t\t<div class=\"elementor-element elementor-element-84bd3ad elementor-widget__width-inherit elementor-widget elementor-widget-text-editor\" data-id=\"84bd3ad\" data-element_type=\"widget\" data-e-type=\"widget\" data-widget_type=\"text-editor.default\">\n\t\t\t\t<div class=\"elementor-widget-container\">\n\t\t\t\t\t\t\t\t\t<div>\n<p>Un cookie est un fichier plac\u00e9 dans l\u2019ordinateur de l\u2019utilisateur du site internet&nbsp;Scalp-sas.com et qui est g\u00e9r\u00e9 par Scalp-sas.com, lequel a proc\u00e9d\u00e9 \u00e0 l\u2019installation de ce cookie. Le but des cookies est de permettre de reconna\u00eetre l\u2019ordinateur d\u2019un utilisateur du site internet lors de sa prochaine visite sur le site.<\/p>\n<p>Scalp-sas.com&nbsp;utilise ces cookies pour collecter des informations temporairement concernant les visiteurs du site internet et leurs visites. Les informations collect\u00e9es peuvent \u00eatre les pages visit\u00e9es par un utilisateur, le temps pass\u00e9 sur les pages visit\u00e9es, le nombre de visite par jour\u2026).<\/p>\n<p>Toutes les informations collect\u00e9es indirectement ne seront utilis\u00e9es que pour suivre le volume, le type et la configuration du trafic utilisant ce site, pour en d\u00e9velopper la conception et l&rsquo;agencement et \u00e0 d&rsquo;autres fins administratives et de planification et plus g\u00e9n\u00e9ralement pour am\u00e9liorer le service que l\u2019\u00e9diteur offre aux internautes via le site internet Scalp-sas.com<\/p>\n<p>Chaque utilisateur du site internet accepte que les cookies soient install\u00e9s sur leur ordinateur. N\u00e9anmoins, chaque utilisateur du site internet peut refuser les cookies dans les param\u00e8tres de configuration de son navigateur internet.<\/p><p>Pour g&eacute;rer les cookies et les technologies similaires utilis&eacute;es (&laquo;&nbsp;tracking pixels&nbsp;&raquo;, &laquo;&nbsp;web beacons&nbsp;&raquo;, etc.) et les consentements correspondants, nous utilisons l&rsquo;outil de consentement &laquo;&nbsp;Real Cookie Banner&nbsp;&raquo;. Vous trouverez des d&eacute;tails sur le fonctionnement de &laquo;&nbsp;Real Cookie Banner&nbsp;&raquo; &agrave; l&rsquo;adresse &lt;a href=&quot;\/de\/&nbsp;&raquo;https:\/\/devowl.io\/rcb\/data-processing\/&nbsp;&raquo;\/&quot; rel=&quot;&nbsp;&raquo;noreferrer&nbsp;&raquo;&quot; target=&quot;&nbsp;&raquo;_blank&nbsp;&raquo;&quot;&gt;https:\/\/devowl.io\/rcb\/data-processing\/&lt;\/a&gt;.<\/p><p><span style=\"color: var( --e-global-color-text );\">La base juridique du traitement des donn\u00e9es \u00e0 caract\u00e8re personnel dans ce contexte est l&rsquo;art. 6 (1) lit. c du RGPD et Art. 6 (1) lit. f RGPD. Notre int\u00e9r\u00eat l\u00e9gitime est la gestion des cookies et des technologies similaires utilis\u00e9es et des consentements correspondants.<\/span><br><\/p><p><span style=\"color: var( --e-global-color-text );\">La fourniture de donn\u00e9es \u00e0 caract\u00e8re personnel n&rsquo;est ni exig\u00e9e contractuellement ni n\u00e9cessaire \u00e0 la conclusion d&rsquo;un contrat. Vous n&rsquo;\u00eates pas oblig\u00e9 de fournir les donn\u00e9es \u00e0 caract\u00e8re personnel. Si vous ne fournissez pas les donn\u00e9es personnelles, nous ne serons pas en mesure de g\u00e9rer vos consentements.<\/span><br><\/p>\n<\/div>\t\t\t\t\t\t\t\t<\/div>\n\t\t\t\t<\/div>\n\t\t\t\t\t<\/div>\n\t\t<\/div>\n\t\t\t\t\t<\/div>\n\t\t<\/section>\n\t\t\t\t<\/div>","protected":false},"excerpt":{"rendered":"<p>Politique de confidentialit\u00e9\u200b Article 1\u00a0: PR\u00c9AMBULE Cette page a pour objectif de vous informer de l&rsquo;utilisation de vos Donn\u00e9es \u00e0 Caract\u00e8re Personnel sur le site scalp-sas.com, dans le cadre de la r\u00e9glementation relative \u00e0 la protection des Donn\u00e9es \u00e0 Caract\u00e8re Personnel comprenant les dispositions de la loi 78-17 \u00ab Informatique et Libert\u00e9s \u00bb du 6 [&hellip;]<\/p>","protected":false},"author":2,"featured_media":0,"parent":0,"menu_order":0,"comment_status":"closed","ping_status":"closed","template":"","meta":{"_acf_changed":false,"footnotes":""},"class_list":["post-3189","page","type-page","status-publish","hentry"],"acf":[],"yoast_head":"<!-- This site is optimized with the Yoast SEO plugin v27.3 - https:\/\/yoast.com\/product\/yoast-seo-wordpress\/ -->\n<title>Politique de confidentialit\u00e9\u200b - SCALP SAS<\/title>\n<meta name=\"robots\" content=\"index, follow, max-snippet:-1, max-image-preview:large, max-video-preview:-1\" \/>\n<link rel=\"canonical\" href=\"https:\/\/scalp-sas.com\/de\/politique-de-confidentialite\/\" \/>\n<meta property=\"og:locale\" content=\"de_DE\" \/>\n<meta property=\"og:type\" content=\"article\" \/>\n<meta property=\"og:title\" content=\"Politique de confidentialit\u00e9\u200b - SCALP SAS\" \/>\n<meta property=\"og:description\" content=\"Politique de confidentialit\u00e9\u200b Article 1\u00a0: PR\u00c9AMBULE Cette page a pour objectif de vous informer de l&rsquo;utilisation de vos Donn\u00e9es \u00e0 Caract\u00e8re Personnel sur le site scalp-sas.com, dans le cadre de la r\u00e9glementation relative \u00e0 la protection des Donn\u00e9es \u00e0 Caract\u00e8re Personnel comprenant les dispositions de la loi 78-17 \u00ab Informatique et Libert\u00e9s \u00bb du 6 [&hellip;]\" \/>\n<meta property=\"og:url\" content=\"https:\/\/scalp-sas.com\/de\/politique-de-confidentialite\/\" \/>\n<meta property=\"og:site_name\" content=\"SCALP SAS\" \/>\n<meta property=\"article:modified_time\" content=\"2024-03-27T13:21:36+00:00\" \/>\n<meta property=\"og:image\" content=\"https:\/\/scalp-sas.com\/wp-content\/uploads\/2022\/01\/logo-scalp-site.png\" \/>\n\t<meta property=\"og:image:width\" content=\"350\" \/>\n\t<meta property=\"og:image:height\" content=\"100\" \/>\n\t<meta property=\"og:image:type\" content=\"image\/png\" \/>\n<meta name=\"twitter:card\" content=\"summary_large_image\" \/>\n<meta name=\"twitter:label1\" content=\"Gesch\u00e4tzte Lesezeit\" \/>\n\t<meta name=\"twitter:data1\" content=\"3\u00a0Minuten\" \/>\n<script type=\"application\/ld+json\" class=\"yoast-schema-graph\">{\"@context\":\"https:\\\/\\\/schema.org\",\"@graph\":[{\"@type\":\"WebPage\",\"@id\":\"https:\\\/\\\/scalp-sas.com\\\/politique-de-confidentialite\\\/\",\"url\":\"https:\\\/\\\/scalp-sas.com\\\/politique-de-confidentialite\\\/\",\"name\":\"Politique de confidentialit\u00e9\u200b - SCALP SAS\",\"isPartOf\":{\"@id\":\"https:\\\/\\\/scalp-sas.com\\\/#website\"},\"datePublished\":\"2021-09-05T12:46:11+00:00\",\"dateModified\":\"2024-03-27T13:21:36+00:00\",\"inLanguage\":\"de\",\"potentialAction\":[{\"@type\":\"ReadAction\",\"target\":[\"https:\\\/\\\/scalp-sas.com\\\/politique-de-confidentialite\\\/\"]}]},{\"@type\":\"WebSite\",\"@id\":\"https:\\\/\\\/scalp-sas.com\\\/#website\",\"url\":\"https:\\\/\\\/scalp-sas.com\\\/\",\"name\":\"SCALP SAS\",\"description\":\"Sp\u00e9cialiste des solutions de d\u00e9capage, nettoyage, entretien et de protection depuis plus de 70 ans\",\"publisher\":{\"@id\":\"https:\\\/\\\/scalp-sas.com\\\/#organization\"},\"potentialAction\":[{\"@type\":\"SearchAction\",\"target\":{\"@type\":\"EntryPoint\",\"urlTemplate\":\"https:\\\/\\\/scalp-sas.com\\\/?s={search_term_string}\"},\"query-input\":{\"@type\":\"PropertyValueSpecification\",\"valueRequired\":true,\"valueName\":\"search_term_string\"}}],\"inLanguage\":\"de\"},{\"@type\":\"Organization\",\"@id\":\"https:\\\/\\\/scalp-sas.com\\\/#organization\",\"name\":\"SCALP SAS\",\"url\":\"https:\\\/\\\/scalp-sas.com\\\/\",\"logo\":{\"@type\":\"ImageObject\",\"inLanguage\":\"de\",\"@id\":\"https:\\\/\\\/scalp-sas.com\\\/#\\\/schema\\\/logo\\\/image\\\/\",\"url\":\"https:\\\/\\\/scalp-sas.com\\\/wp-content\\\/uploads\\\/2021\\\/06\\\/logo-scalp-noir.svg\",\"contentUrl\":\"https:\\\/\\\/scalp-sas.com\\\/wp-content\\\/uploads\\\/2021\\\/06\\\/logo-scalp-noir.svg\",\"width\":526.433,\"height\":274.69,\"caption\":\"SCALP SAS\"},\"image\":{\"@id\":\"https:\\\/\\\/scalp-sas.com\\\/#\\\/schema\\\/logo\\\/image\\\/\"},\"sameAs\":[\"https:\\\/\\\/www.linkedin.com\\\/company\\\/scalp-sas\\\/\",\"https:\\\/\\\/www.instagram.com\\\/scalp_sas\\\/\"]}]}<\/script>\n<!-- \/ Yoast SEO plugin. -->","yoast_head_json":{"title":"Politique de confidentialit\u00e9\u200b - SCALP SAS","robots":{"index":"index","follow":"follow","max-snippet":"max-snippet:-1","max-image-preview":"max-image-preview:large","max-video-preview":"max-video-preview:-1"},"canonical":"https:\/\/scalp-sas.com\/de\/politique-de-confidentialite\/","og_locale":"de_DE","og_type":"article","og_title":"Politique de confidentialit\u00e9\u200b - SCALP SAS","og_description":"Politique de confidentialit\u00e9\u200b Article 1\u00a0: PR\u00c9AMBULE Cette page a pour objectif de vous informer de l&rsquo;utilisation de vos Donn\u00e9es \u00e0 Caract\u00e8re Personnel sur le site scalp-sas.com, dans le cadre de la r\u00e9glementation relative \u00e0 la protection des Donn\u00e9es \u00e0 Caract\u00e8re Personnel comprenant les dispositions de la loi 78-17 \u00ab Informatique et Libert\u00e9s \u00bb du 6 [&hellip;]","og_url":"https:\/\/scalp-sas.com\/de\/politique-de-confidentialite\/","og_site_name":"SCALP SAS","article_modified_time":"2024-03-27T13:21:36+00:00","og_image":[{"width":350,"height":100,"url":"https:\/\/scalp-sas.com\/wp-content\/uploads\/2022\/01\/logo-scalp-site.png","type":"image\/png"}],"twitter_card":"summary_large_image","twitter_misc":{"Gesch\u00e4tzte Lesezeit":"3\u00a0Minuten"},"schema":{"@context":"https:\/\/schema.org","@graph":[{"@type":"WebPage","@id":"https:\/\/scalp-sas.com\/politique-de-confidentialite\/","url":"https:\/\/scalp-sas.com\/politique-de-confidentialite\/","name":"Politique de confidentialit\u00e9\u200b - SCALP SAS","isPartOf":{"@id":"https:\/\/scalp-sas.com\/#website"},"datePublished":"2021-09-05T12:46:11+00:00","dateModified":"2024-03-27T13:21:36+00:00","inLanguage":"de","potentialAction":[{"@type":"ReadAction","target":["https:\/\/scalp-sas.com\/politique-de-confidentialite\/"]}]},{"@type":"WebSite","@id":"https:\/\/scalp-sas.com\/#website","url":"https:\/\/scalp-sas.com\/","name":"SCALP SAS","description":"Sp\u00e9cialiste des solutions de d\u00e9capage, nettoyage, entretien et de protection depuis plus de 70 ans","publisher":{"@id":"https:\/\/scalp-sas.com\/#organization"},"potentialAction":[{"@type":"SearchAction","target":{"@type":"EntryPoint","urlTemplate":"https:\/\/scalp-sas.com\/?s={search_term_string}"},"query-input":{"@type":"PropertyValueSpecification","valueRequired":true,"valueName":"search_term_string"}}],"inLanguage":"de"},{"@type":"Organization","@id":"https:\/\/scalp-sas.com\/#organization","name":"SCALP SAS","url":"https:\/\/scalp-sas.com\/","logo":{"@type":"ImageObject","inLanguage":"de","@id":"https:\/\/scalp-sas.com\/#\/schema\/logo\/image\/","url":"https:\/\/scalp-sas.com\/wp-content\/uploads\/2021\/06\/logo-scalp-noir.svg","contentUrl":"https:\/\/scalp-sas.com\/wp-content\/uploads\/2021\/06\/logo-scalp-noir.svg","width":526.433,"height":274.69,"caption":"SCALP SAS"},"image":{"@id":"https:\/\/scalp-sas.com\/#\/schema\/logo\/image\/"},"sameAs":["https:\/\/www.linkedin.com\/company\/scalp-sas\/","https:\/\/www.instagram.com\/scalp_sas\/"]}]}},"_links":{"self":[{"href":"https:\/\/scalp-sas.com\/de\/wp-json\/wp\/v2\/pages\/3189","targetHints":{"allow":["GET"]}}],"collection":[{"href":"https:\/\/scalp-sas.com\/de\/wp-json\/wp\/v2\/pages"}],"about":[{"href":"https:\/\/scalp-sas.com\/de\/wp-json\/wp\/v2\/types\/page"}],"author":[{"embeddable":true,"href":"https:\/\/scalp-sas.com\/de\/wp-json\/wp\/v2\/users\/2"}],"replies":[{"embeddable":true,"href":"https:\/\/scalp-sas.com\/de\/wp-json\/wp\/v2\/comments?post=3189"}],"version-history":[{"count":5,"href":"https:\/\/scalp-sas.com\/de\/wp-json\/wp\/v2\/pages\/3189\/revisions"}],"predecessor-version":[{"id":11078,"href":"https:\/\/scalp-sas.com\/de\/wp-json\/wp\/v2\/pages\/3189\/revisions\/11078"}],"wp:attachment":[{"href":"https:\/\/scalp-sas.com\/de\/wp-json\/wp\/v2\/media?parent=3189"}],"curies":[{"name":"wp","href":"https:\/\/api.w.org\/{rel}","templated":true}]}}